{"id":9882,"date":"2019-06-17T23:22:19","date_gmt":"2019-06-18T05:22:19","guid":{"rendered":"https:\/\/stemcells.suwebcr.com\/?page_id=9882"},"modified":"2021-07-27T08:46:22","modified_gmt":"2021-07-27T14:46:22","slug":"tijuana","status":"publish","type":"page","link":"https:\/\/stemcells.suwebcr.com\/es\/tijuana\/","title":{"rendered":"Tijuana"},"content":{"rendered":"\t\t<div data-elementor-type=\"wp-post\" data-elementor-id=\"9882\" class=\"elementor elementor-9882\" data-elementor-post-type=\"page\">\n\t\t\t\t\t\t<section class=\"elementor-section elementor-top-section elementor-element elementor-element-466ec2a elementor-section-boxed elementor-section-height-default elementor-section-height-default\" data-id=\"466ec2a\" data-element_type=\"section\" data-settings=\"{&quot;background_background&quot;:&quot;classic&quot;}\">\n\t\t\t\t\t\t\t<div class=\"elementor-background-overlay\"><\/div>\n\t\t\t\t\t\t\t<div class=\"elementor-container elementor-column-gap-default\">\n\t\t\t\t\t<div class=\"elementor-column elementor-col-100 elementor-top-column elementor-element elementor-element-e6f4bfb\" data-id=\"e6f4bfb\" data-element_type=\"column\">\n\t\t\t<div class=\"elementor-widget-wrap elementor-element-populated\">\n\t\t\t\t\t\t<div class=\"elementor-element elementor-element-e0c5d28 elementor-widget elementor-widget-heading\" data-id=\"e0c5d28\" data-element_type=\"widget\" data-widget_type=\"heading.default\">\n\t\t\t\t\t<h2 class=\"elementor-heading-title elementor-size-default\">Tijuana<\/h2>\t\t\t\t<\/div>\n\t\t\t\t<div class=\"elementor-element elementor-element-e94623d elementor-widget elementor-widget-heading\" data-id=\"e94623d\" data-element_type=\"widget\" data-widget_type=\"heading.default\">\n\t\t\t\t\t<h2 class=\"elementor-heading-title elementor-size-default\">C\u00e9lulas Madre y Terapia Regenerativa de alta Calidad para Pacientes en Tijuana, M\u00e9xico.<\/h2>\t\t\t\t<\/div>\n\t\t\t\t<div class=\"elementor-element elementor-element-4fef6a8 elementor-widget-divider--view-line elementor-widget elementor-widget-divider\" data-id=\"4fef6a8\" data-element_type=\"widget\" data-widget_type=\"divider.default\">\n\t\t\t\t\t\t\t<div class=\"elementor-divider\">\n\t\t\t<span class=\"elementor-divider-separator\">\n\t\t\t\t\t\t<\/span>\n\t\t<\/div>\n\t\t\t\t\t\t<\/div>\n\t\t\t\t\t<\/div>\n\t\t<\/div>\n\t\t\t\t\t<\/div>\n\t\t<\/section>\n\t\t\t\t<section class=\"elementor-section elementor-top-section elementor-element elementor-element-65712fe elementor-section-boxed elementor-section-height-default elementor-section-height-default\" data-id=\"65712fe\" data-element_type=\"section\" data-settings=\"{&quot;background_background&quot;:&quot;classic&quot;}\">\n\t\t\t\t\t\t<div class=\"elementor-container elementor-column-gap-default\">\n\t\t\t\t\t<div class=\"elementor-column elementor-col-100 elementor-top-column elementor-element elementor-element-2638c53\" data-id=\"2638c53\" data-element_type=\"column\">\n\t\t\t<div class=\"elementor-widget-wrap elementor-element-populated\">\n\t\t\t\t\t\t<section class=\"elementor-section elementor-inner-section elementor-element elementor-element-189fb6b elementor-section-boxed elementor-section-height-default elementor-section-height-default\" data-id=\"189fb6b\" data-element_type=\"section\" data-settings=\"{&quot;background_background&quot;:&quot;classic&quot;}\">\n\t\t\t\t\t\t<div class=\"elementor-container elementor-column-gap-default\">\n\t\t\t\t\t<div class=\"elementor-column elementor-col-50 elementor-inner-column elementor-element elementor-element-0970866\" data-id=\"0970866\" data-element_type=\"column\">\n\t\t\t<div class=\"elementor-widget-wrap elementor-element-populated\">\n\t\t\t\t\t\t<div class=\"elementor-element elementor-element-62fef4e elementor-widget elementor-widget-image\" data-id=\"62fef4e\" data-element_type=\"widget\" data-widget_type=\"image.default\">\n\t\t\t\t\t\t\t\t\t\t\t\t\t\t\t<img fetchpriority=\"high\" decoding=\"async\" width=\"580\" height=\"363\" src=\"https:\/\/stemcells.suwebcr.com\/wp-content\/uploads\/2019\/06\/tijuana-celulas-madre.jpg\" class=\"attachment-large size-large wp-image-9884\" alt=\"\" srcset=\"https:\/\/stemcells.suwebcr.com\/wp-content\/uploads\/2019\/06\/tijuana-celulas-madre.jpg 580w, https:\/\/stemcells.suwebcr.com\/wp-content\/uploads\/2019\/06\/tijuana-celulas-madre-300x188.jpg 300w\" sizes=\"(max-width: 580px) 100vw, 580px\" \/>\t\t\t\t\t\t\t\t\t\t\t\t\t\t\t<\/div>\n\t\t\t\t\t<\/div>\n\t\t<\/div>\n\t\t\t\t<div class=\"elementor-column elementor-col-50 elementor-inner-column elementor-element elementor-element-76c2ea3\" data-id=\"76c2ea3\" data-element_type=\"column\" data-settings=\"{&quot;background_background&quot;:&quot;classic&quot;}\">\n\t\t\t<div class=\"elementor-widget-wrap elementor-element-populated\">\n\t\t\t\t\t\t<div class=\"elementor-element elementor-element-eba39ff elementor-widget elementor-widget-text-editor\" data-id=\"eba39ff\" data-element_type=\"widget\" data-widget_type=\"text-editor.default\">\n\t\t\t\t\t\t\t\t\t<p>Cada d\u00eda, m\u00e1s y m\u00e1s pa\u00edses alrededor del mundo est\u00e1n utilizando las innovadoras terapias con c\u00e9lulas madre, las investigaciones y aplicaciones son cada vez m\u00e1s numerosas a nivel mundial; por lo que <strong><em>Stem Cells Transplant Intitute<\/em><\/strong> ofrece Medicina Regenerativa de alta calidad para Estados Unidos, M\u00e9xico, Am\u00e9rica Central y el Caribe.<\/p><p>Costa Rica desde ya hace varios a\u00f1os aplica c\u00e9lulas madre para diferentes enfermedades, con resultados muy esperanzadores en Osteoartrosis, DM2, enfermedad de Alzheimer, enfermedad de Parkinson, Lupus, artritis reumatoide, lesiones de articulaciones y otras.<\/p><p><strong><em>Stem Cells Transplant Institute<\/em><\/strong> quiere extender los servicios a los pacientes en Tijuana que buscan medicina regenerativa de alta calidad.<\/p>\t\t\t\t\t\t\t\t<\/div>\n\t\t\t\t\t<\/div>\n\t\t<\/div>\n\t\t\t\t\t<\/div>\n\t\t<\/section>\n\t\t\t\t<section class=\"elementor-section elementor-inner-section elementor-element elementor-element-1941fd0 elementor-section-boxed elementor-section-height-default elementor-section-height-default\" data-id=\"1941fd0\" data-element_type=\"section\" data-settings=\"{&quot;background_background&quot;:&quot;classic&quot;}\">\n\t\t\t\t\t\t<div class=\"elementor-container elementor-column-gap-default\">\n\t\t\t\t\t<div class=\"elementor-column elementor-col-50 elementor-inner-column elementor-element elementor-element-55c5c94\" data-id=\"55c5c94\" data-element_type=\"column\" data-settings=\"{&quot;background_background&quot;:&quot;classic&quot;}\">\n\t\t\t<div class=\"elementor-widget-wrap elementor-element-populated\">\n\t\t\t\t\t\t<div class=\"elementor-element elementor-element-baeebbe elementor-widget elementor-widget-text-editor\" data-id=\"baeebbe\" data-element_type=\"widget\" data-widget_type=\"text-editor.default\">\n\t\t\t\t\t\t\t\t\t<p><strong>\u00bfPor qu\u00e9 realizarlo en Costa Rica y no en Tijuana?<\/strong><\/p><p>Costa Rica ofrece muchas ventajas en cuanto a costos, alta calidad de servicios, \u00a0seguridad, uso de tecnolog\u00edas de punta y sobretodo un privilegiado sistema de salud que la ha ubicado de manera consistente por encima de muchos pa\u00edses industrializados, incluyendo Canad\u00e1 y Estados Unidos.<\/p><p>Adem\u00e1s Costa Rica es un pa\u00eds con numerosas atracciones tur\u00edsticas y un espacio natural tranquilo y seguro \u00f3ptimo para una excelente recuperaci\u00f3n y reposo post-tratamiento.<\/p>\t\t\t\t\t\t\t\t<\/div>\n\t\t\t\t\t<\/div>\n\t\t<\/div>\n\t\t\t\t<div class=\"elementor-column elementor-col-50 elementor-inner-column elementor-element elementor-element-70aaef3\" data-id=\"70aaef3\" data-element_type=\"column\">\n\t\t\t<div class=\"elementor-widget-wrap elementor-element-populated\">\n\t\t\t\t\t\t<div class=\"elementor-element elementor-element-9e5e94a elementor-widget elementor-widget-image\" data-id=\"9e5e94a\" data-element_type=\"widget\" data-widget_type=\"image.default\">\n\t\t\t\t\t\t\t\t\t\t\t\t\t\t\t<img decoding=\"async\" width=\"500\" height=\"334\" src=\"https:\/\/stemcells.suwebcr.com\/wp-content\/uploads\/2019\/04\/the-stem-cells-clinic-in-costa-rica.jpg\" class=\"attachment-large size-large wp-image-7449\" alt=\"The Stem Cells Transplant Institute in Costa Rica\" srcset=\"https:\/\/stemcells.suwebcr.com\/wp-content\/uploads\/2019\/04\/the-stem-cells-clinic-in-costa-rica.jpg 500w, https:\/\/stemcells.suwebcr.com\/wp-content\/uploads\/2019\/04\/the-stem-cells-clinic-in-costa-rica-300x200.jpg 300w\" sizes=\"(max-width: 500px) 100vw, 500px\" \/>\t\t\t\t\t\t\t\t\t\t\t\t\t\t\t<\/div>\n\t\t\t\t\t<\/div>\n\t\t<\/div>\n\t\t\t\t\t<\/div>\n\t\t<\/section>\n\t\t\t\t<section class=\"elementor-section elementor-inner-section elementor-element elementor-element-2477e39 elementor-section-boxed elementor-section-height-default elementor-section-height-default\" data-id=\"2477e39\" data-element_type=\"section\" data-settings=\"{&quot;background_background&quot;:&quot;classic&quot;}\">\n\t\t\t\t\t\t<div class=\"elementor-container elementor-column-gap-default\">\n\t\t\t\t\t<div class=\"elementor-column elementor-col-100 elementor-inner-column elementor-element elementor-element-8953546\" data-id=\"8953546\" data-element_type=\"column\" data-settings=\"{&quot;background_background&quot;:&quot;classic&quot;}\">\n\t\t\t<div class=\"elementor-widget-wrap elementor-element-populated\">\n\t\t\t\t\t\t<div class=\"elementor-element elementor-element-bcbdca2 elementor-widget elementor-widget-text-editor\" data-id=\"bcbdca2\" data-element_type=\"widget\" data-widget_type=\"text-editor.default\">\n\t\t\t\t\t\t\t\t\t<p><strong><em>Stem Cells Transplant Institute<\/em><\/strong>, ubicado en San Jos\u00e9, Costa Rica, opera bajo la direcci\u00f3n del Dr. Leslie Mes\u00e9n, m\u00e9dico pionero en el uso de terapias\u00a0 basadas en c\u00e9lulas Madre en Costa Rica y Centroam\u00e9rica. <strong><em>Stem Cells Transplante Institute<\/em><\/strong> es un Instituto confiable, seguro y serio, que ofrece servicios m\u00e9dicos de alta calidad. El Dr. Mes\u00e9n est\u00e1 certificado por <em>The American Academy of Anti Aging and Regenerative Medicine<\/em> y es director del ISSCA (<em>International Society for Stem Cells Application<\/em>) para Centroam\u00e9rica y el Caribe.<\/p><p>En nuestro instituto le brindamos terapias basadas en c\u00e9lulas madre de alta calidad, un excelente trato y un personal humano altamente capacitado.<\/p><p><strong>\u00bfQue es la Medicina Regenerativa?<\/strong><\/p><p>La capacidad que tiene el organismo humano de curarse a s\u00ed mismo se conoce como <em>Regeneraci\u00f3n<\/em>. La medicina Regenerativa es un campo innovador e interdisciplinario que tiene como objetivo el uso de c\u00e9lulas madre y factores de crecimiento humano para reponer y regenerar c\u00e9lulas de tejidos u \u00f3rganos que han sufrido da\u00f1o estructural o funcional.<\/p><p><strong>\u00bfComo act\u00faan las c\u00e9lulas Madre?<\/strong><\/p><p>Las c\u00e9lulas pueden actual mediante 2 mecanismos:<\/p><ol><li><strong>Convirti\u00e9ndose en c\u00e9lulas del tejido que las recibe<\/strong>, una vez que alcanzan el lugar de lesi\u00f3n. por ejemplo, cuando llegan a un m\u00fasculo da\u00f1ado, entonces las c\u00e9lulas se convertir\u00e1n en miocitos (las c\u00e9lulas que forman el tejido muscular), ofreciendo una nueva fuente de c\u00e9lulas madre.<\/li><li><strong>Estimulando mecanismos de auto-reparaci\u00f3n<\/strong> que revitalizan el tejido y preservan el tejido sano; esto se logra mediante la liberaci\u00f3n de <em>factores de crecimiento plaquetarios<\/em> (mol\u00e9culas producidas por las plaquetas, que utiliza el organismo de forma natural para regenerar y reparar el tejido.)<\/li><\/ol><p><strong>\u00bfComo se obtienen y procesan las c\u00e9lulas madre?<\/strong><\/p><p>La c\u00e9lulas madre se obtiene a partir de una muestra de un donante, ya sea tejido adiposo, m\u00e9dula \u00f3sea, o cord\u00f3n umbilical; y se somete a una fase de lavado y filtraci\u00f3n en el laboratorio, para eliminar c\u00e9lulas y restos tisulares indeseables mediante la utilizaci\u00f3n de dispositivos y reactivos especiales siguiendo protocolos validados internacionalmente<sup>1<\/sup>.<\/p><p>Adem\u00e1s las c\u00e9lulas madre se pueden aislar <em>in vitro<\/em> partir de una peque\u00f1a muestra de tejido de un donante, y ser estimuladas para diferenciarse en el tipo de c\u00e9lula que se necesite, para luego ser trasplantadas en la misma persona de la cual proceden o en otro individuo<sup>1<\/sup><\/p><p>Dentro de las t\u00e9cnicas m\u00e1s novedosas tenemos la obtenci\u00f3n de c\u00e9lulas madre a partir de la gelatina de Wharton (un producto del cord\u00f3n umbilical humano) las cuales pueden adem\u00e1s cultivarse y expandirse, para obtener altas concentraciones de c\u00e9lulas madre para el tratamiento de las diferentes enfermedades.<\/p><p>Comprendiendo esto es muy importante que los pacientes se aseguren de realizar los procedimientos en lugares validados, certificados y que cuenten con experiencia en terapia Regenerativa.<\/p><p><strong>\u00bfC\u00f3mo se trasplantan las c\u00e9lulas?<\/strong><\/p><p>Las c\u00e9lulas madre pueden ser introducidas o trasplantadas en el organismo por diferentes v\u00edas: Intravenosa, Intratecal, Intralesional, de forma subcut\u00e1nea o mediante nebulizaci\u00f3n.<\/p><p>Si usted es residente de Tijuana, M\u00e9xico y est\u00e1 interesado en saber m\u00e1s sobre como podr\u00edan beneficiarse de las terapias con c\u00e9lulas madre, comun\u00edquese hoy mismo con el <strong><em>Stem Cells Transplant Institute<\/em><\/strong> en Costa Rica. Estaremos felices de poder resolver cualquiera de sus dudas o inquietudes.<\/p><p><strong>Referencias cient\u00edficas:<\/strong><\/p><ol><li>Bajek A, Gurtowska N, Olkowska J, Kazmierski L, Maj M, Drewa T. Adipose-Derived Stem Cells as a Tool in Cell-Based Therapies. Arch Immunol Ther Exp (Warsz). 2016;64(6):443-454.<\/li><\/ol>\t\t\t\t\t\t\t\t<\/div>\n\t\t\t\t<div class=\"elementor-element elementor-element-ff2f4f9 elementor-align-center elementor-widget elementor-widget-button\" data-id=\"ff2f4f9\" data-element_type=\"widget\" data-widget_type=\"button.default\">\n\t\t\t\t\t\t\t\t\t\t<a class=\"elementor-button elementor-button-link elementor-size-lg\" href=\"#contact\">\n\t\t\t\t\t\t<span class=\"elementor-button-content-wrapper\">\n\t\t\t\t\t\t<span class=\"elementor-button-icon\">\n\t\t\t\t<svg aria-hidden=\"true\" class=\"e-font-icon-svg e-far-hand-point-right\" viewBox=\"0 0 512 512\" xmlns=\"http:\/\/www.w3.org\/2000\/svg\"><path d=\"M428.8 137.6h-86.177a115.52 115.52 0 0 0 2.176-22.4c0-47.914-35.072-83.2-92-83.2-45.314 0-57.002 48.537-75.707 78.784-7.735 12.413-16.994 23.317-25.851 33.253l-.131.146-.129.148C135.662 161.807 127.764 168 120.8 168h-2.679c-5.747-4.952-13.536-8-22.12-8H32c-17.673 0-32 12.894-32 28.8v230.4C0 435.106 14.327 448 32 448h64c8.584 0 16.373-3.048 22.12-8h2.679c28.688 0 67.137 40 127.2 40h21.299c62.542 0 98.8-38.658 99.94-91.145 12.482-17.813 18.491-40.785 15.985-62.791A93.148 93.148 0 0 0 393.152 304H428.8c45.435 0 83.2-37.584 83.2-83.2 0-45.099-38.101-83.2-83.2-83.2zm0 118.4h-91.026c12.837 14.669 14.415 42.825-4.95 61.05 11.227 19.646 1.687 45.624-12.925 53.625 6.524 39.128-10.076 61.325-50.6 61.325H248c-45.491 0-77.21-35.913-120-39.676V215.571c25.239-2.964 42.966-21.222 59.075-39.596 11.275-12.65 21.725-25.3 30.799-39.875C232.355 112.712 244.006 80 252.8 80c23.375 0 44 8.8 44 35.2 0 35.2-26.4 53.075-26.4 70.4h158.4c18.425 0 35.2 16.5 35.2 35.2 0 18.975-16.225 35.2-35.2 35.2zM88 384c0 13.255-10.745 24-24 24s-24-10.745-24-24 10.745-24 24-24 24 10.745 24 24z\"><\/path><\/svg>\t\t\t<\/span>\n\t\t\t\t\t\t\t\t\t<span class=\"elementor-button-text\">Aplicar aqu\u00ed<\/span>\n\t\t\t\t\t<\/span>\n\t\t\t\t\t<\/a>\n\t\t\t\t\t\t\t\t<\/div>\n\t\t\t\t<div class=\"elementor-element elementor-element-abbe7dd elementor-widget elementor-widget-html\" data-id=\"abbe7dd\" data-element_type=\"widget\" data-widget_type=\"html.default\">\n\t\t\t\t\t<iframe src=\"https:\/\/www.google.com\/maps\/d\/u\/0\/embed?mid=1X1dLqG3r5v-HMTADFceY4f-ygXFxTimw\" width=\"640\" height=\"480\"><\/iframe>\t\t\t\t<\/div>\n\t\t\t\t\t<\/div>\n\t\t<\/div>\n\t\t\t\t\t<\/div>\n\t\t<\/section>\n\t\t\t\t\t<\/div>\n\t\t<\/div>\n\t\t\t\t\t<\/div>\n\t\t<\/section>\n\t\t\t\t<section class=\"elementor-section elementor-top-section elementor-element elementor-element-c2de745 elementor-section-boxed elementor-section-height-default elementor-section-height-default\" data-id=\"c2de745\" data-element_type=\"section\" data-settings=\"{&quot;background_background&quot;:&quot;classic&quot;}\">\n\t\t\t\t\t\t<div class=\"elementor-container elementor-column-gap-default\">\n\t\t\t\t\t<div class=\"elementor-column elementor-col-100 elementor-top-column elementor-element elementor-element-3dbfe2b\" data-id=\"3dbfe2b\" data-element_type=\"column\" data-settings=\"{&quot;background_background&quot;:&quot;classic&quot;}\">\n\t\t\t<div class=\"elementor-widget-wrap elementor-element-populated\">\n\t\t\t\t\t\t<div class=\"elementor-element elementor-element-b50ef09 elementor-widget elementor-widget-heading\" data-id=\"b50ef09\" data-element_type=\"widget\" data-widget_type=\"heading.default\">\n\t\t\t\t\t<h2 class=\"elementor-heading-title elementor-size-default\">Cont\u00e1ctenos<\/h2>\t\t\t\t<\/div>\n\t\t\t\t<div class=\"elementor-element elementor-element-f0209af elementor-widget elementor-widget-text-editor\" data-id=\"f0209af\" data-element_type=\"widget\" data-widget_type=\"text-editor.default\">\n\t\t\t\t\t\t\t\t\t<p>\u00bfTienes alguna pregunta? Llena este formulario y te contactaremos en breve.<\/p>\t\t\t\t\t\t\t\t<\/div>\n\t\t\t\t<div class=\"elementor-element elementor-element-e0d43d4 elementor-widget elementor-widget-global elementor-global-22908 elementor-widget-html\" data-id=\"e0d43d4\" data-element_type=\"widget\" data-widget_type=\"html.default\">\n\t\t\t\t\t<iframe\r\n  src=\"https:\/\/crm.wordpress-1021233-3607520.cloudwaysapps.com\/widget\/form\/4PaksGrk0LHmfUs2LlWN\"\r\n  style=\"width:100%;height:100%;border:none;border-radius:0px\"\r\n  id=\"inline-4PaksGrk0LHmfUs2LlWN\" \r\n  data-layout=\"{'id':'INLINE'}\"\r\n  data-trigger-type=\"alwaysShow\"\r\n  data-trigger-value=\"\"\r\n  data-activation-type=\"alwaysActivated\"\r\n  data-activation-value=\"\"\r\n  data-deactivation-type=\"neverDeactivate\"\r\n  data-deactivation-value=\"\"\r\n  data-form-name=\"Stem Cells Webform (Spanish)\"\r\n  data-height=\"620\"\r\n  data-layout-iframe-id=\"inline-4PaksGrk0LHmfUs2LlWN\"\r\n  data-form-id=\"4PaksGrk0LHmfUs2LlWN\"\r\n  title=\"Stem Cells Webform (Spanish)\"\r\n      >\r\n<\/iframe>\r\n<script src=\"https:\/\/crm.wordpress-1021233-3607520.cloudwaysapps.com\/js\/form_embed.js\"><\/script>\t\t\t\t<\/div>\n\t\t\t\t\t<\/div>\n\t\t<\/div>\n\t\t\t\t\t<\/div>\n\t\t<\/section>\n\t\t\t\t<\/div>\n\t\t","protected":false},"excerpt":{"rendered":"<p>Tijuana C\u00e9lulas Madre y Terapia Regenerativa de alta Calidad para Pacientes en Tijuana, M\u00e9xico. Cada d\u00eda, m\u00e1s y m\u00e1s pa\u00edses alrededor del mundo est\u00e1n utilizando las innovadoras terapias con c\u00e9lulas madre, las investigaciones y aplicaciones son cada vez m\u00e1s numerosas a nivel mundial; por lo que Stem Cells Transplant Intitute ofrece Medicina Regenerativa de alta [&hellip;]<\/p>\n","protected":false},"author":1,"featured_media":0,"parent":0,"menu_order":0,"comment_status":"closed","ping_status":"closed","template":"elementor_header_footer","meta":{"footnotes":""},"class_list":["post-9882","page","type-page","status-publish","hentry"],"_links":{"self":[{"href":"https:\/\/stemcells.suwebcr.com\/es\/wp-json\/wp\/v2\/pages\/9882","targetHints":{"allow":["GET"]}}],"collection":[{"href":"https:\/\/stemcells.suwebcr.com\/es\/wp-json\/wp\/v2\/pages"}],"about":[{"href":"https:\/\/stemcells.suwebcr.com\/es\/wp-json\/wp\/v2\/types\/page"}],"author":[{"embeddable":true,"href":"https:\/\/stemcells.suwebcr.com\/es\/wp-json\/wp\/v2\/users\/1"}],"replies":[{"embeddable":true,"href":"https:\/\/stemcells.suwebcr.com\/es\/wp-json\/wp\/v2\/comments?post=9882"}],"version-history":[{"count":0,"href":"https:\/\/stemcells.suwebcr.com\/es\/wp-json\/wp\/v2\/pages\/9882\/revisions"}],"wp:attachment":[{"href":"https:\/\/stemcells.suwebcr.com\/es\/wp-json\/wp\/v2\/media?parent=9882"}],"curies":[{"name":"wp","href":"https:\/\/api.w.org\/{rel}","templated":true}]}}