{"id":9870,"date":"2019-06-17T22:17:07","date_gmt":"2019-06-18T04:17:07","guid":{"rendered":"https:\/\/stemcells.suwebcr.com\/?page_id=9870"},"modified":"2021-07-23T23:07:09","modified_gmt":"2021-07-24T05:07:09","slug":"guadalajara","status":"publish","type":"page","link":"https:\/\/stemcells.suwebcr.com\/es\/guadalajara\/","title":{"rendered":"Guadalajara"},"content":{"rendered":"\t\t<div data-elementor-type=\"wp-post\" data-elementor-id=\"9870\" class=\"elementor elementor-9870\" data-elementor-post-type=\"page\">\n\t\t\t\t\t\t<section class=\"elementor-section elementor-top-section elementor-element elementor-element-8860f32 elementor-section-boxed elementor-section-height-default elementor-section-height-default\" data-id=\"8860f32\" data-element_type=\"section\" data-settings=\"{&quot;background_background&quot;:&quot;classic&quot;}\">\n\t\t\t\t\t\t\t<div class=\"elementor-background-overlay\"><\/div>\n\t\t\t\t\t\t\t<div class=\"elementor-container elementor-column-gap-default\">\n\t\t\t\t\t<div class=\"elementor-column elementor-col-100 elementor-top-column elementor-element elementor-element-ea9d9e4\" data-id=\"ea9d9e4\" data-element_type=\"column\">\n\t\t\t<div class=\"elementor-widget-wrap elementor-element-populated\">\n\t\t\t\t\t\t<div class=\"elementor-element elementor-element-1f3de2f elementor-widget elementor-widget-heading\" data-id=\"1f3de2f\" data-element_type=\"widget\" data-widget_type=\"heading.default\">\n\t\t\t\t\t<h2 class=\"elementor-heading-title elementor-size-default\">Guadalajara<\/h2>\t\t\t\t<\/div>\n\t\t\t\t<div class=\"elementor-element elementor-element-77b8810 elementor-widget elementor-widget-heading\" data-id=\"77b8810\" data-element_type=\"widget\" data-widget_type=\"heading.default\">\n\t\t\t\t\t<h2 class=\"elementor-heading-title elementor-size-default\">Terapia con C\u00e9lulas Madre de alta Calidad para Pacientes en Guadalajara, M\u00e9xico.<\/h2>\t\t\t\t<\/div>\n\t\t\t\t<div class=\"elementor-element elementor-element-690b160 elementor-widget-divider--view-line elementor-widget elementor-widget-divider\" data-id=\"690b160\" data-element_type=\"widget\" data-widget_type=\"divider.default\">\n\t\t\t\t\t\t\t<div class=\"elementor-divider\">\n\t\t\t<span class=\"elementor-divider-separator\">\n\t\t\t\t\t\t<\/span>\n\t\t<\/div>\n\t\t\t\t\t\t<\/div>\n\t\t\t\t\t<\/div>\n\t\t<\/div>\n\t\t\t\t\t<\/div>\n\t\t<\/section>\n\t\t\t\t<section class=\"elementor-section elementor-top-section elementor-element elementor-element-b4b0d0e elementor-section-boxed elementor-section-height-default elementor-section-height-default\" data-id=\"b4b0d0e\" data-element_type=\"section\" data-settings=\"{&quot;background_background&quot;:&quot;classic&quot;}\">\n\t\t\t\t\t\t<div class=\"elementor-container elementor-column-gap-default\">\n\t\t\t\t\t<div class=\"elementor-column elementor-col-100 elementor-top-column elementor-element elementor-element-aab7316\" data-id=\"aab7316\" data-element_type=\"column\">\n\t\t\t<div class=\"elementor-widget-wrap elementor-element-populated\">\n\t\t\t\t\t\t<section class=\"elementor-section elementor-inner-section elementor-element elementor-element-43b02ab elementor-section-boxed elementor-section-height-default elementor-section-height-default\" data-id=\"43b02ab\" data-element_type=\"section\" data-settings=\"{&quot;background_background&quot;:&quot;classic&quot;}\">\n\t\t\t\t\t\t<div class=\"elementor-container elementor-column-gap-default\">\n\t\t\t\t\t<div class=\"elementor-column elementor-col-50 elementor-inner-column elementor-element elementor-element-22db7d9\" data-id=\"22db7d9\" data-element_type=\"column\">\n\t\t\t<div class=\"elementor-widget-wrap elementor-element-populated\">\n\t\t\t\t\t\t<div class=\"elementor-element elementor-element-2b1b7a9 elementor-widget elementor-widget-image\" data-id=\"2b1b7a9\" data-element_type=\"widget\" data-widget_type=\"image.default\">\n\t\t\t\t\t\t\t\t\t\t\t\t\t\t\t<img fetchpriority=\"high\" decoding=\"async\" width=\"580\" height=\"303\" src=\"https:\/\/stemcells.suwebcr.com\/wp-content\/uploads\/2019\/06\/Celulas-madre-en-Guadalajara.jpg\" class=\"attachment-large size-large wp-image-9873\" alt=\"Celulas madre en Guadalajara\" srcset=\"https:\/\/stemcells.suwebcr.com\/wp-content\/uploads\/2019\/06\/Celulas-madre-en-Guadalajara.jpg 580w, https:\/\/stemcells.suwebcr.com\/wp-content\/uploads\/2019\/06\/Celulas-madre-en-Guadalajara-300x157.jpg 300w\" sizes=\"(max-width: 580px) 100vw, 580px\" \/>\t\t\t\t\t\t\t\t\t\t\t\t\t\t\t<\/div>\n\t\t\t\t\t<\/div>\n\t\t<\/div>\n\t\t\t\t<div class=\"elementor-column elementor-col-50 elementor-inner-column elementor-element elementor-element-8e2d190\" data-id=\"8e2d190\" data-element_type=\"column\" data-settings=\"{&quot;background_background&quot;:&quot;classic&quot;}\">\n\t\t\t<div class=\"elementor-widget-wrap elementor-element-populated\">\n\t\t\t\t\t\t<div class=\"elementor-element elementor-element-209f9d0 elementor-widget elementor-widget-text-editor\" data-id=\"209f9d0\" data-element_type=\"widget\" data-widget_type=\"text-editor.default\">\n\t\t\t\t\t\t\t\t\t<p>La evidencia cl\u00ednica del beneficio de las innovadoras terapias con c\u00e9lulas madre crece r\u00e1pidamente a nivel mundial. <strong><em>Stem Cells Transplant Intitute<\/em><\/strong> ofrece Medicina Regenerativa de alta calidad para Estados Unidos, M\u00e9xico, Am\u00e9rica Central y el Caribe.<\/p><p>\u00a0<\/p><p>Costa Rica es uno de los pa\u00edses pioneros de Am\u00e9rica Latina en el uso de las terapias con c\u00e9lulas madre, \u00e9stas se han aplicado en este pa\u00eds desde hace ya varios a\u00f1os y queremos extender sus beneficios a los pa\u00edses hermanos. Los pacientes en Guadalajara que desean accesar a estas benficiosas terapias, pueden hacerlo a trav\u00e9s del <strong><em>Stem Cells Transplant Intitute, <\/em><\/strong>ubicado en San Jos\u00e9, Costa Rica.<\/p>\t\t\t\t\t\t\t\t<\/div>\n\t\t\t\t\t<\/div>\n\t\t<\/div>\n\t\t\t\t\t<\/div>\n\t\t<\/section>\n\t\t\t\t<section class=\"elementor-section elementor-inner-section elementor-element elementor-element-0b5f834 elementor-section-boxed elementor-section-height-default elementor-section-height-default\" data-id=\"0b5f834\" data-element_type=\"section\" data-settings=\"{&quot;background_background&quot;:&quot;classic&quot;}\">\n\t\t\t\t\t\t<div class=\"elementor-container elementor-column-gap-default\">\n\t\t\t\t\t<div class=\"elementor-column elementor-col-50 elementor-inner-column elementor-element elementor-element-9e5aef6\" data-id=\"9e5aef6\" data-element_type=\"column\" data-settings=\"{&quot;background_background&quot;:&quot;classic&quot;}\">\n\t\t\t<div class=\"elementor-widget-wrap elementor-element-populated\">\n\t\t\t\t\t\t<div class=\"elementor-element elementor-element-f7a8eec elementor-widget elementor-widget-text-editor\" data-id=\"f7a8eec\" data-element_type=\"widget\" data-widget_type=\"text-editor.default\">\n\t\t\t\t\t\t\t\t\t<p><strong>\u00bfPor qu\u00e9 realizarlo en Costa Rica y no en Guadalajara?<\/strong><\/p><p>Costa Rica ofrece servicios m\u00e9dicos de primer mundo. La Organizaci\u00f3n Mundial de la Salud ha clasificado a Costa Rica como uno de los tres principales sistemas de salud en Am\u00e9rica Latina. La naci\u00f3n se ubica de manera consistente por encima de muchos pa\u00edses industrializados, incluyendo Canad\u00e1 y Estados Unidos.<\/p><p>Por sus ventajas en cuanto a costo, alta calidad de atenci\u00f3n, seguridad, acceso a tecnolog\u00edas de punta y todas sus virtudes tur\u00edsticas,\u00a0 Costa Rica uno de los pa\u00edses preferidos para el Turismo M\u00e9dico.<\/p>\t\t\t\t\t\t\t\t<\/div>\n\t\t\t\t\t<\/div>\n\t\t<\/div>\n\t\t\t\t<div class=\"elementor-column elementor-col-50 elementor-inner-column elementor-element elementor-element-27dd9e9\" data-id=\"27dd9e9\" data-element_type=\"column\">\n\t\t\t<div class=\"elementor-widget-wrap elementor-element-populated\">\n\t\t\t\t\t\t<div class=\"elementor-element elementor-element-9845d29 elementor-widget elementor-widget-image\" data-id=\"9845d29\" data-element_type=\"widget\" data-widget_type=\"image.default\">\n\t\t\t\t\t\t\t\t\t\t\t\t\t\t\t<img decoding=\"async\" width=\"500\" height=\"334\" src=\"https:\/\/stemcells.suwebcr.com\/wp-content\/uploads\/2019\/04\/the-stem-cells-transplant-institute.jpg\" class=\"attachment-large size-large wp-image-7455\" alt=\"\" srcset=\"https:\/\/stemcells.suwebcr.com\/wp-content\/uploads\/2019\/04\/the-stem-cells-transplant-institute.jpg 500w, https:\/\/stemcells.suwebcr.com\/wp-content\/uploads\/2019\/04\/the-stem-cells-transplant-institute-300x200.jpg 300w\" sizes=\"(max-width: 500px) 100vw, 500px\" \/>\t\t\t\t\t\t\t\t\t\t\t\t\t\t\t<\/div>\n\t\t\t\t\t<\/div>\n\t\t<\/div>\n\t\t\t\t\t<\/div>\n\t\t<\/section>\n\t\t\t\t<section class=\"elementor-section elementor-inner-section elementor-element elementor-element-272a713 elementor-section-boxed elementor-section-height-default elementor-section-height-default\" data-id=\"272a713\" data-element_type=\"section\" data-settings=\"{&quot;background_background&quot;:&quot;classic&quot;}\">\n\t\t\t\t\t\t<div class=\"elementor-container elementor-column-gap-default\">\n\t\t\t\t\t<div class=\"elementor-column elementor-col-100 elementor-inner-column elementor-element elementor-element-53775dd\" data-id=\"53775dd\" data-element_type=\"column\" data-settings=\"{&quot;background_background&quot;:&quot;classic&quot;}\">\n\t\t\t<div class=\"elementor-widget-wrap elementor-element-populated\">\n\t\t\t\t\t\t<div class=\"elementor-element elementor-element-28198ab elementor-widget elementor-widget-text-editor\" data-id=\"28198ab\" data-element_type=\"widget\" data-widget_type=\"text-editor.default\">\n\t\t\t\t\t\t\t\t\t<p><strong><em>Stem Cells Transplante Institute<\/em><\/strong> es un Instituto, serio, confiable, seguro, que ofrece servicios de alta calidad. Nuestro Director General, El Dr. Leslie Mes\u00e9n, \u00a0es certificado por <em>The American Academy of Anti Aging and Regenerative Medicine<\/em> y director del ISSCA (<em>International Society for Stem Cells Application<\/em>) para Centroam\u00e9rica y el Caribe. El instituto es pionero en el uso de Terapias con c\u00e9lulas Madre en Costa Rica y Centroam\u00e9rica.<\/p><p>En nuestro instituto estamos comprometidos a brindarle terapias basadas en c\u00e9lulas madre seguras y de alta calidad.<\/p><p><strong>\u00bfQue es la Medicina Regenerativa?<\/strong><\/p><p>La Medicina Regenerativa es una de las m\u00e1s novedosas armas m\u00e9dicas. La capacidad que tiene el organismo humano de curarse a s\u00ed mismo se conoce como <em>Regeneraci\u00f3n<\/em>. Este tipo de medicina, busca utilizar el potencial regenerativo de nuestro organismo para la curaci\u00f3n y tratamiento de enfermedades que producen generaci\u00f3n de tejidos, lesiones traum\u00e1ticas, trastornos gen\u00e9ticos, etc. La Medicina Regenerativa es un amplio campo de estudio en la actualidad. Se refiere principalmente al uso de c\u00e9lulas madre y factores de crecimiento.<\/p><p><strong>\u00bfComo act\u00faan las c\u00e9lulas Madre?<\/strong><\/p><p>Las c\u00e9lulas llegan al lugar de lesi\u00f3n y <strong>se convierten en c\u00e9lulas del tejido que las \u00a0recibe<\/strong>, ofreciendo una fuente m\u00e1s abundante de c\u00e9lulas madre en el caso de los tejidos que se regeneran naturalmente u ofreciendo la posibilidad de regeneraci\u00f3n en el caso de los tejidos que no se regeneran de forma natural. Por ejemplo, cuando las c\u00e9lulas llegan a un cart\u00edlago da\u00f1ado, entonces se convertir\u00e1n en condrocitos (las c\u00e9lulas que forman el cart\u00edlago).<\/p><p>Adem\u00e1s, las c\u00e9lulas llegan al lugar de lesi\u00f3n y <strong>estimulan <\/strong>mecanismos de auto-reparaci\u00f3n, <strong>revitalizan<\/strong> el tejido y <strong>preservan<\/strong> el tejido sano, mediante la liberaci\u00f3n de <em>factores de crecimiento plaquetarios<\/em> (mol\u00e9culas para regenerar y reparar el tejido).<\/p><p><strong>\u00bfQu\u00e9 tipo de trasplantes existen?<\/strong><\/p><p>Un individuo puede recibir c\u00e9lulas madre provenientes de \u00e9l mismo (<strong>trasplante aut\u00f3logo<\/strong>) o de otra persona (<strong>trasplante alog\u00e9nico<\/strong>). Las c\u00e9lulas madre que provienen de una fuente aut\u00f3loga son mas compatibles y seguras.<\/p><p><strong>\u00bfPor qu\u00e9 v\u00eda se trasplantan las c\u00e9lulas madre?<\/strong><\/p><p>Las c\u00e9lulas madre pueden ser introducidas o trasplantadas en el organismo por diferentes v\u00edas, las m\u00e1s ampliamente utilizadas son: Intralesional, Intravenosa, subcut\u00e1nea, intratecal o mediante nebulizaci\u00f3n.<\/p><p><strong>\u00bfQu\u00e9 tipo de c\u00e9lulas madre existen?<\/strong><\/p><p>En forma sencilla las c\u00e9lulas madre se pueden clasificar seg\u00fan el origen en:<\/p><ul><li>c\u00e9lulas madre embrionarias (ESCs)<\/li><li>c\u00e9lulas madre fetales (FSCs)<\/li><li>c\u00e9lulas madre de cord\u00f3n umbilical (UCSCs)<\/li><li>c\u00e9lulas madre adultas (ASCs) obtenidas principalmente de tejido adiposo y m\u00e9dula \u00f3sea.<\/li><\/ul><p>El <strong><em>Stem Cells Transplant Institute<\/em><\/strong> proporciona terapias con c\u00e9lulas madre mesenquimales adultas obtenidas de tejido adiposo y m\u00e9dula \u00f3sea, adem\u00e1s de c\u00e9lulas madre humanas derivadas de cord\u00f3n umbilical, cultivadas y expandidas.<\/p><p><strong>\u00bfTodas las cl\u00ednicas utilizan los mismos procedimientos?<\/strong><\/p><p>Para el procesamiento de la muestra del donante se utilizan dispositivos y reactivos especiales y se aplican protocolos validados internacionalmente<sup>1<\/sup>. Las c\u00e9lulas requieren un proceso de extracci\u00f3n, lavado, filtraci\u00f3n, concentraci\u00f3n y cuantificaci\u00f3n que var\u00eda seg\u00fan la muestra biol\u00f3gica. Es muy importante que los pacientes se aseguren de realizar los procedimientos en lugares validados, certificados y que cuenten con experiencia en terapia Regenerativa. Porque algunas cl\u00ednicas NO ofrecen terapias de alta calidad.<\/p><p>Si usted es residente de Guadalajara, M\u00e9xico y est\u00e1 interesado en saber m\u00e1s sobre como podr\u00edan beneficiarse de las terapias con c\u00e9lulas madre, comun\u00edquese hoy mismo con el <strong><em>Stem Cells Transplant Institute<\/em><\/strong> en Costa Rica. Estaremos felices de poder resolver cualquiera de sus dudas o inquietudes.<\/p><p><strong>Referencias cient\u00edficas:<\/strong><\/p><ol><li>Bajek A, Gurtowska N, Olkowska J, Kazmierski L, Maj M, Drewa T. Adipose-Derived Stem Cells as a Tool in Cell-Based Therapies. Arch Immunol Ther Exp (Warsz). 2016;64(6):443-454.<\/li><\/ol>\t\t\t\t\t\t\t\t<\/div>\n\t\t\t\t<div class=\"elementor-element elementor-element-d128515 elementor-align-center elementor-widget elementor-widget-button\" data-id=\"d128515\" data-element_type=\"widget\" data-widget_type=\"button.default\">\n\t\t\t\t\t\t\t\t\t\t<a class=\"elementor-button elementor-button-link elementor-size-lg\" href=\"#contact\">\n\t\t\t\t\t\t<span class=\"elementor-button-content-wrapper\">\n\t\t\t\t\t\t<span class=\"elementor-button-icon\">\n\t\t\t\t<svg aria-hidden=\"true\" class=\"e-font-icon-svg e-far-hand-point-right\" viewBox=\"0 0 512 512\" xmlns=\"http:\/\/www.w3.org\/2000\/svg\"><path d=\"M428.8 137.6h-86.177a115.52 115.52 0 0 0 2.176-22.4c0-47.914-35.072-83.2-92-83.2-45.314 0-57.002 48.537-75.707 78.784-7.735 12.413-16.994 23.317-25.851 33.253l-.131.146-.129.148C135.662 161.807 127.764 168 120.8 168h-2.679c-5.747-4.952-13.536-8-22.12-8H32c-17.673 0-32 12.894-32 28.8v230.4C0 435.106 14.327 448 32 448h64c8.584 0 16.373-3.048 22.12-8h2.679c28.688 0 67.137 40 127.2 40h21.299c62.542 0 98.8-38.658 99.94-91.145 12.482-17.813 18.491-40.785 15.985-62.791A93.148 93.148 0 0 0 393.152 304H428.8c45.435 0 83.2-37.584 83.2-83.2 0-45.099-38.101-83.2-83.2-83.2zm0 118.4h-91.026c12.837 14.669 14.415 42.825-4.95 61.05 11.227 19.646 1.687 45.624-12.925 53.625 6.524 39.128-10.076 61.325-50.6 61.325H248c-45.491 0-77.21-35.913-120-39.676V215.571c25.239-2.964 42.966-21.222 59.075-39.596 11.275-12.65 21.725-25.3 30.799-39.875C232.355 112.712 244.006 80 252.8 80c23.375 0 44 8.8 44 35.2 0 35.2-26.4 53.075-26.4 70.4h158.4c18.425 0 35.2 16.5 35.2 35.2 0 18.975-16.225 35.2-35.2 35.2zM88 384c0 13.255-10.745 24-24 24s-24-10.745-24-24 10.745-24 24-24 24 10.745 24 24z\"><\/path><\/svg>\t\t\t<\/span>\n\t\t\t\t\t\t\t\t\t<span class=\"elementor-button-text\">Aplicar aqu\u00ed<\/span>\n\t\t\t\t\t<\/span>\n\t\t\t\t\t<\/a>\n\t\t\t\t\t\t\t\t<\/div>\n\t\t\t\t<div class=\"elementor-element elementor-element-56a0559 elementor-widget elementor-widget-html\" data-id=\"56a0559\" data-element_type=\"widget\" data-widget_type=\"html.default\">\n\t\t\t\t\t<iframe src=\"https:\/\/www.google.com\/maps\/d\/u\/0\/embed?mid=165m7Yjvk_A_UD6lPo3vBrxr18qbjQjWn\" width=\"640\" height=\"480\"><\/iframe>\t\t\t\t<\/div>\n\t\t\t\t\t<\/div>\n\t\t<\/div>\n\t\t\t\t\t<\/div>\n\t\t<\/section>\n\t\t\t\t\t<\/div>\n\t\t<\/div>\n\t\t\t\t\t<\/div>\n\t\t<\/section>\n\t\t\t\t<section class=\"elementor-section elementor-top-section elementor-element elementor-element-c5acfa9 elementor-section-boxed elementor-section-height-default elementor-section-height-default\" data-id=\"c5acfa9\" data-element_type=\"section\" data-settings=\"{&quot;background_background&quot;:&quot;classic&quot;}\">\n\t\t\t\t\t\t<div class=\"elementor-container elementor-column-gap-default\">\n\t\t\t\t\t<div class=\"elementor-column elementor-col-100 elementor-top-column elementor-element elementor-element-11ecfb9\" data-id=\"11ecfb9\" data-element_type=\"column\" id=\"contact\" data-settings=\"{&quot;background_background&quot;:&quot;classic&quot;}\">\n\t\t\t<div class=\"elementor-widget-wrap elementor-element-populated\">\n\t\t\t\t\t\t<div class=\"elementor-element elementor-element-c536242 elementor-widget elementor-widget-heading\" data-id=\"c536242\" data-element_type=\"widget\" data-widget_type=\"heading.default\">\n\t\t\t\t\t<h2 class=\"elementor-heading-title elementor-size-default\">Cont\u00e1ctenos<\/h2>\t\t\t\t<\/div>\n\t\t\t\t<div class=\"elementor-element elementor-element-723c8b4 elementor-widget elementor-widget-text-editor\" data-id=\"723c8b4\" data-element_type=\"widget\" data-widget_type=\"text-editor.default\">\n\t\t\t\t\t\t\t\t\t<p>\u00bfTienes alguna pregunta? Llena este formulario y te contactaremos en breve.<\/p>\t\t\t\t\t\t\t\t<\/div>\n\t\t\t\t<div class=\"elementor-element elementor-element-7766a98 elementor-widget elementor-widget-global elementor-global-22908 elementor-widget-html\" data-id=\"7766a98\" data-element_type=\"widget\" data-widget_type=\"html.default\">\n\t\t\t\t\t<iframe\r\n  src=\"https:\/\/crm.wordpress-1021233-3607520.cloudwaysapps.com\/widget\/form\/4PaksGrk0LHmfUs2LlWN\"\r\n  style=\"width:100%;height:100%;border:none;border-radius:0px\"\r\n  id=\"inline-4PaksGrk0LHmfUs2LlWN\" \r\n  data-layout=\"{'id':'INLINE'}\"\r\n  data-trigger-type=\"alwaysShow\"\r\n  data-trigger-value=\"\"\r\n  data-activation-type=\"alwaysActivated\"\r\n  data-activation-value=\"\"\r\n  data-deactivation-type=\"neverDeactivate\"\r\n  data-deactivation-value=\"\"\r\n  data-form-name=\"Stem Cells Webform (Spanish)\"\r\n  data-height=\"620\"\r\n  data-layout-iframe-id=\"inline-4PaksGrk0LHmfUs2LlWN\"\r\n  data-form-id=\"4PaksGrk0LHmfUs2LlWN\"\r\n  title=\"Stem Cells Webform (Spanish)\"\r\n      >\r\n<\/iframe>\r\n<script src=\"https:\/\/crm.wordpress-1021233-3607520.cloudwaysapps.com\/js\/form_embed.js\"><\/script>\t\t\t\t<\/div>\n\t\t\t\t\t<\/div>\n\t\t<\/div>\n\t\t\t\t\t<\/div>\n\t\t<\/section>\n\t\t\t\t<\/div>\n\t\t","protected":false},"excerpt":{"rendered":"<p>Guadalajara Terapia con C\u00e9lulas Madre de alta Calidad para Pacientes en Guadalajara, M\u00e9xico. La evidencia cl\u00ednica del beneficio de las innovadoras terapias con c\u00e9lulas madre crece r\u00e1pidamente a nivel mundial. Stem Cells Transplant Intitute ofrece Medicina Regenerativa de alta calidad para Estados Unidos, M\u00e9xico, Am\u00e9rica Central y el Caribe. \u00a0 Costa Rica es uno de [&hellip;]<\/p>\n","protected":false},"author":1,"featured_media":0,"parent":0,"menu_order":0,"comment_status":"closed","ping_status":"closed","template":"elementor_header_footer","meta":{"footnotes":""},"class_list":["post-9870","page","type-page","status-publish","hentry"],"_links":{"self":[{"href":"https:\/\/stemcells.suwebcr.com\/es\/wp-json\/wp\/v2\/pages\/9870","targetHints":{"allow":["GET"]}}],"collection":[{"href":"https:\/\/stemcells.suwebcr.com\/es\/wp-json\/wp\/v2\/pages"}],"about":[{"href":"https:\/\/stemcells.suwebcr.com\/es\/wp-json\/wp\/v2\/types\/page"}],"author":[{"embeddable":true,"href":"https:\/\/stemcells.suwebcr.com\/es\/wp-json\/wp\/v2\/users\/1"}],"replies":[{"embeddable":true,"href":"https:\/\/stemcells.suwebcr.com\/es\/wp-json\/wp\/v2\/comments?post=9870"}],"version-history":[{"count":0,"href":"https:\/\/stemcells.suwebcr.com\/es\/wp-json\/wp\/v2\/pages\/9870\/revisions"}],"wp:attachment":[{"href":"https:\/\/stemcells.suwebcr.com\/es\/wp-json\/wp\/v2\/media?parent=9870"}],"curies":[{"name":"wp","href":"https:\/\/api.w.org\/{rel}","templated":true}]}}