{"id":8804,"date":"2018-11-01T11:55:07","date_gmt":"2018-11-01T17:55:07","guid":{"rendered":"https:\/\/stemcells.suwebcr.com\/casos-de-estudio\/mesenchymal-stem-cells-heal-a-large-foot-ulcer-resulting-from-a-30000-volt-electrocution\/"},"modified":"2019-05-23T10:33:56","modified_gmt":"2019-05-23T16:33:56","slug":"ulcera-extensa-por-electrocucion-de-30000-voltios-es-tratada-efectivamente-con-celulas-madre-mesenquimales","status":"publish","type":"page","link":"https:\/\/stemcells.suwebcr.com\/es\/casos-de-estudio\/ulcera-extensa-por-electrocucion-de-30000-voltios-es-tratada-efectivamente-con-celulas-madre-mesenquimales\/","title":{"rendered":"\u00dalcera Extensa por Electrocuci\u00f3n de 30,000 voltios es tratada efectivamente con C\u00e9lulas Madre Mesenquimales"},"content":{"rendered":"\t\t<div data-elementor-type=\"wp-post\" data-elementor-id=\"8804\" class=\"elementor elementor-8804 elementor-5812\" data-elementor-post-type=\"page\">\n\t\t\t\t\t\t<section class=\"elementor-section elementor-top-section elementor-element elementor-element-e958056 elementor-section-boxed elementor-section-height-default elementor-section-height-default\" data-id=\"e958056\" data-element_type=\"section\" data-settings=\"{&quot;background_background&quot;:&quot;classic&quot;}\">\n\t\t\t\t\t\t<div class=\"elementor-container elementor-column-gap-default\">\n\t\t\t\t\t<div class=\"elementor-column elementor-col-100 elementor-top-column elementor-element elementor-element-bb308cf\" data-id=\"bb308cf\" data-element_type=\"column\">\n\t\t\t<div class=\"elementor-widget-wrap elementor-element-populated\">\n\t\t\t\t\t\t<div class=\"elementor-element elementor-element-87fdcba elementor-widget elementor-widget-heading\" data-id=\"87fdcba\" data-element_type=\"widget\" data-widget_type=\"heading.default\">\n\t\t\t\t\t<h2 class=\"elementor-heading-title elementor-size-default\">Electrocuci\u00f3n de 30,000 voltios - Caso de estidio<\/h2>\t\t\t\t<\/div>\n\t\t\t\t\t<\/div>\n\t\t<\/div>\n\t\t\t\t\t<\/div>\n\t\t<\/section>\n\t\t\t\t<section class=\"elementor-section elementor-top-section elementor-element elementor-element-7f1817a1 elementor-section-boxed elementor-section-height-default elementor-section-height-default\" data-id=\"7f1817a1\" data-element_type=\"section\">\n\t\t\t\t\t\t<div class=\"elementor-container elementor-column-gap-default\">\n\t\t\t\t\t<div class=\"elementor-column elementor-col-100 elementor-top-column elementor-element elementor-element-1295d857\" data-id=\"1295d857\" data-element_type=\"column\">\n\t\t\t<div class=\"elementor-widget-wrap elementor-element-populated\">\n\t\t\t\t\t\t<div class=\"elementor-element elementor-element-819fb1a elementor-widget elementor-widget-heading\" data-id=\"819fb1a\" data-element_type=\"widget\" data-widget_type=\"heading.default\">\n\t\t\t\t\t<h2 class=\"elementor-heading-title elementor-size-default\">\u00dalcera Extensa por Electrocuci\u00f3n de 30,000 voltios es tratada efectivamente con C\u00e9lulas Madre Mesenquimales <\/h2>\t\t\t\t<\/div>\n\t\t\t\t<div class=\"elementor-element elementor-element-cf6783a elementor-widget elementor-widget-image\" data-id=\"cf6783a\" data-element_type=\"widget\" data-widget_type=\"image.default\">\n\t\t\t\t\t\t\t\t\t\t\t\t\t\t\t<img fetchpriority=\"high\" decoding=\"async\" width=\"1024\" height=\"390\" src=\"https:\/\/stemcells.suwebcr.com\/wp-content\/uploads\/2018\/11\/foot-ulcer-stem-cells-case-study.jpg\" class=\"attachment-full size-full wp-image-8801\" alt=\"\" srcset=\"https:\/\/stemcells.suwebcr.com\/wp-content\/uploads\/2018\/11\/foot-ulcer-stem-cells-case-study.jpg 1024w, https:\/\/stemcells.suwebcr.com\/wp-content\/uploads\/2018\/11\/foot-ulcer-stem-cells-case-study-300x114.jpg 300w, https:\/\/stemcells.suwebcr.com\/wp-content\/uploads\/2018\/11\/foot-ulcer-stem-cells-case-study-768x293.jpg 768w\" sizes=\"(max-width: 1024px) 100vw, 1024px\" \/>\t\t\t\t\t\t\t\t\t\t\t\t\t\t\t<\/div>\n\t\t\t\t<div class=\"elementor-element elementor-element-59ea85b elementor-widget elementor-widget-text-editor\" data-id=\"59ea85b\" data-element_type=\"widget\" data-widget_type=\"text-editor.default\">\n\t\t\t\t\t\t\t\t\t<p>Caso publicado en abril del 2018 en la revista ISSCA\u00a0 (<em>International Society for Stem Cell Application<\/em>); El Dr. Leslie Mesen de <strong><em>Stem Cells Transplant Instute<\/em><\/strong> comparte un estudio de caso que muestra el efecto curativo de la terapia con c\u00e9lulas madre, la cual fue aplicada de forma efectiva a un paciente que sufri\u00f3 una herida muy grave en su pie izquierdo luego de un choque el\u00e9ctrico de 30,000 voltios.<\/p><p>Juan es un electricista de 45 a\u00f1os que sufri\u00f3 una descarga de 30,000 voltios cuando su brazo izquierdo se puso en contacto con una l\u00ednea el\u00e9ctrica de alta tensi\u00f3n. La corriente viaj\u00f3 por la parte posterior de su pierna izquierda y sali\u00f3 a trav\u00e9s de una herida de 12 cm x 10 cm en la parte dorsal de su pie izquierdo, dejando las estructuras subyacentes expuestas. Posteriormente se cay\u00f3 de la plataforma y requiri\u00f3 2 meses de internamiento.<\/p><p>Tres meses despu\u00e9s de la lesi\u00f3n, tras no responder adecuadamente al tratamiento convencional, fue programado para un procedimiento con C\u00e9lulas Madre Aut\u00f3logas obtenidas de Fracci\u00f3n Vascular Estromal (SVF, por sus siglas en ingl\u00e9s). Cuatro semanas despu\u00e9s de realizar el primer procedimiento con c\u00e9lulas madre, la \u00falcera mostr\u00f3 una mejor\u00eda significativa con un cierre del 70% y la presencia clara y visible de tejido vivo alrededor de la \u00falcera. Para estimular a\u00fan m\u00e1s la curaci\u00f3n, el Dr. Mesen y su equipo realizaron un procedimiento de terapia con Plasma Rico en Plaquetas (PRP); dos semanas despu\u00e9s de la aplicaci\u00f3n de PRP Juan logra caminar utilizando zapatos. El equipo finalmente realiz\u00f3 una segunda aplicaci\u00f3n de c\u00e9lulas madre y durante un per\u00edodo total de cinco semanas, la \u00falcera se logr\u00f3 cerrar completamente. El paciente actualmente se siente bien y puedo reintegrarse a su trabajo.<\/p><p>La terapia con c\u00e9lulas madre proporcion\u00f3 un nivel de curaci\u00f3n que no se habr\u00eda logrado mediante las opciones de tratamiento tradicionales. Evit\u00f3 el potencial desarrollo de necrosis gangrenosa que podr\u00eda haberle costado su extremidad. Gan\u00f3 movilidad completa y pudo volver a sus actividades diarias.<\/p><p>Para el art\u00edculo completo puede visitar este <strong><a href=\"https:\/\/stemcells.suwebcr.com\/wp-content\/uploads\/N-biotek-case-study.pdf#page=10\" target=\"_blank\" rel=\"noopener\">link<\/a><\/strong><\/p>\t\t\t\t\t\t\t\t<\/div>\n\t\t\t\t<div class=\"elementor-element elementor-element-09fc07a elementor-widget elementor-widget-heading\" data-id=\"09fc07a\" data-element_type=\"widget\" data-widget_type=\"heading.default\">\n\t\t\t\t\t<h3 class=\"elementor-heading-title elementor-size-default\">Tabla 1<\/h3>\t\t\t\t<\/div>\n\t\t\t\t<div class=\"elementor-element elementor-element-698d4ca elementor-widget elementor-widget-image\" data-id=\"698d4ca\" data-element_type=\"widget\" data-widget_type=\"image.default\">\n\t\t\t\t\t\t\t\t\t\t\t\t<figure class=\"wp-caption\">\n\t\t\t\t\t\t\t\t\t\t<img decoding=\"async\" src=\"https:\/\/stemcells.suwebcr.com\/wp-content\/uploads\/elementor\/thumbs\/Mesenchymal-Stem-Cells-01-rn6arctyzc381v5c0pggflxqpop6guqxsrisye83bm.jpg\" title=\"Mesenchymal Stem Cells 01\" alt=\"The patient\u2019s wound upon discharge from hospital\" loading=\"lazy\" \/>\t\t\t\t\t\t\t\t\t\t\t<figcaption class=\"widget-image-caption wp-caption-text\">Herida del paciente luego de ser dado de alta en el Hospital.<\/figcaption>\n\t\t\t\t\t\t\t\t\t\t<\/figure>\n\t\t\t\t\t\t\t\t\t<\/div>\n\t\t\t\t<div class=\"elementor-element elementor-element-b09d22f elementor-widget elementor-widget-image\" data-id=\"b09d22f\" data-element_type=\"widget\" data-widget_type=\"image.default\">\n\t\t\t\t\t\t\t\t\t\t\t\t<figure class=\"wp-caption\">\n\t\t\t\t\t\t\t\t\t\t<img decoding=\"async\" src=\"https:\/\/stemcells.suwebcr.com\/wp-content\/uploads\/elementor\/thumbs\/Mesenchymal-Stem-Cells-02-rn6arayalo0nen82bon7ametiwyg1gjh4i7tzuaun4.jpg\" title=\"Mesenchymal Stem Cells 02\" alt=\"Bottom: Patient\u2019s wound on Dec 12 upon first evaluation for stem cell procedure\nTop Left: Patient\u2019s wound 1 month post SVF Procedure\nTop Right: Patient\u2019s wound immediately following PRP\" loading=\"lazy\" \/>\t\t\t\t\t\t\t\t\t\t\t<figcaption class=\"widget-image-caption wp-caption-text\"><b>Imagen inferior:<\/b> Herida del paciente el 12 de diciembre 2018. Primera evaluaci\u00f3n para el procedimiento con C\u00e9lulas Madre.<br> <b>Imagen superior izquierda:<\/b> Herida del paciente 1 mes despu\u00e9s del procedimiento con SVF.<br> <b>Imagen superior derecha:<\/b> Herida del paciente inmediatamente despu\u00e9s del procedimiento con  PRP.<\/figcaption>\n\t\t\t\t\t\t\t\t\t\t<\/figure>\n\t\t\t\t\t\t\t\t\t<\/div>\n\t\t\t\t<div class=\"elementor-element elementor-element-71c7dc2 elementor-widget elementor-widget-image\" data-id=\"71c7dc2\" data-element_type=\"widget\" data-widget_type=\"image.default\">\n\t\t\t\t\t\t\t\t\t\t\t\t<figure class=\"wp-caption\">\n\t\t\t\t\t\t\t\t\t\t<img decoding=\"async\" src=\"https:\/\/stemcells.suwebcr.com\/wp-content\/uploads\/elementor\/thumbs\/03-The-patient\u2019s-wound-on-Feb-4-2018-just-before-his-final-BMAC-Procedure-rn6arhj5xi9nnwyi99hla2r1om20jc9lhes8cs12ni.jpg\" title=\"03 The patient\u2019s wound on Feb 4, 2018 just before his final BMAC Procedure\" alt=\"The patient\u2019s wound on Feb 4, 2018 just before his final BMAC Procedure\" loading=\"lazy\" \/>\t\t\t\t\t\t\t\t\t\t\t<figcaption class=\"widget-image-caption wp-caption-text\">Herida del paciente el 4 de Febrero, 2018 luego del procedimiento con BMAC  (Bone Marrow Aspirate Concentrate).<\/figcaption>\n\t\t\t\t\t\t\t\t\t\t<\/figure>\n\t\t\t\t\t\t\t\t\t<\/div>\n\t\t\t\t<div class=\"elementor-element elementor-element-e186fc6 elementor-widget elementor-widget-image\" data-id=\"e186fc6\" data-element_type=\"widget\" data-widget_type=\"image.default\">\n\t\t\t\t\t\t\t\t\t\t\t\t<figure class=\"wp-caption\">\n\t\t\t\t\t\t\t\t\t\t<img decoding=\"async\" src=\"https:\/\/stemcells.suwebcr.com\/wp-content\/uploads\/elementor\/thumbs\/04-The-wound-on-the-date-of-publication-February-10-2018-rn6arfnhju730p18k8oc5384huba3y24t5h9e83y6e.jpg\" title=\"04 The wound on the date of publication February 10 2018\" alt=\"The wound on the date of publication: February 10, 2018\" loading=\"lazy\" \/>\t\t\t\t\t\t\t\t\t\t\t<figcaption class=\"widget-image-caption wp-caption-text\">La Herida el d\u00eda de la publicaci\u00f3n: 10 de Febrero, 2018.<\/figcaption>\n\t\t\t\t\t\t\t\t\t\t<\/figure>\n\t\t\t\t\t\t\t\t\t<\/div>\n\t\t\t\t<div class=\"elementor-element elementor-element-fbbfc23 elementor-widget elementor-widget-image\" data-id=\"fbbfc23\" data-element_type=\"widget\" data-widget_type=\"image.default\">\n\t\t\t\t\t\t\t\t\t\t\t\t<figure class=\"wp-caption\">\n\t\t\t\t\t\t\t\t\t\t<img decoding=\"async\" src=\"https:\/\/stemcells.suwebcr.com\/wp-content\/uploads\/elementor\/thumbs\/05-The-wound-as-of-May-15-2018-1-rn6arhj5xi9nnwyi99hla2r1om20jc9lhes8cs13dc.jpg\" title=\"05 The wound as of May 15, 2018\" alt=\"05 The wound as of May 15, 2018\" loading=\"lazy\" \/>\t\t\t\t\t\t\t\t\t\t\t<figcaption class=\"widget-image-caption wp-caption-text\">La herida el 15 de  Mayo, 2018.<\/figcaption>\n\t\t\t\t\t\t\t\t\t\t<\/figure>\n\t\t\t\t\t\t\t\t\t<\/div>\n\t\t\t\t\t<\/div>\n\t\t<\/div>\n\t\t\t\t\t<\/div>\n\t\t<\/section>\n\t\t\t\t<\/div>\n\t\t","protected":false},"excerpt":{"rendered":"<p>Electrocuci\u00f3n de 30,000 voltios &#8211; Caso de estidio \u00dalcera Extensa por Electrocuci\u00f3n de 30,000 voltios es tratada efectivamente con C\u00e9lulas Madre Mesenquimales Caso publicado en abril del 2018 en la revista ISSCA\u00a0 (International Society for Stem Cell Application); El Dr. Leslie Mesen de Stem Cells Transplant Instute comparte un estudio de caso que muestra el [&hellip;]<\/p>\n","protected":false},"author":1,"featured_media":0,"parent":8800,"menu_order":0,"comment_status":"closed","ping_status":"closed","template":"elementor_header_footer","meta":{"footnotes":""},"class_list":["post-8804","page","type-page","status-publish","hentry"],"_links":{"self":[{"href":"https:\/\/stemcells.suwebcr.com\/es\/wp-json\/wp\/v2\/pages\/8804","targetHints":{"allow":["GET"]}}],"collection":[{"href":"https:\/\/stemcells.suwebcr.com\/es\/wp-json\/wp\/v2\/pages"}],"about":[{"href":"https:\/\/stemcells.suwebcr.com\/es\/wp-json\/wp\/v2\/types\/page"}],"author":[{"embeddable":true,"href":"https:\/\/stemcells.suwebcr.com\/es\/wp-json\/wp\/v2\/users\/1"}],"replies":[{"embeddable":true,"href":"https:\/\/stemcells.suwebcr.com\/es\/wp-json\/wp\/v2\/comments?post=8804"}],"version-history":[{"count":0,"href":"https:\/\/stemcells.suwebcr.com\/es\/wp-json\/wp\/v2\/pages\/8804\/revisions"}],"up":[{"embeddable":true,"href":"https:\/\/stemcells.suwebcr.com\/es\/wp-json\/wp\/v2\/pages\/8800"}],"wp:attachment":[{"href":"https:\/\/stemcells.suwebcr.com\/es\/wp-json\/wp\/v2\/media?parent=8804"}],"curies":[{"name":"wp","href":"https:\/\/api.w.org\/{rel}","templated":true}]}}