{"id":8670,"date":"2019-05-03T08:21:39","date_gmt":"2019-05-03T14:21:39","guid":{"rendered":"https:\/\/stemcells.suwebcr.com\/the-procedure-experience\/"},"modified":"2022-04-18T12:21:05","modified_gmt":"2022-04-18T18:21:05","slug":"la-experiencia-del-procedimiento","status":"publish","type":"page","link":"https:\/\/stemcells.suwebcr.com\/es\/la-experiencia-del-procedimiento\/","title":{"rendered":"La experiencia del procedimiento"},"content":{"rendered":"\t\t<div data-elementor-type=\"wp-post\" data-elementor-id=\"8670\" class=\"elementor elementor-8670 elementor-7832\" data-elementor-post-type=\"page\">\n\t\t\t\t\t\t<section class=\"elementor-section elementor-top-section elementor-element elementor-element-1f101a4 elementor-section-full_width elementor-section-height-default elementor-section-height-default\" data-id=\"1f101a4\" data-element_type=\"section\">\n\t\t\t\t\t\t<div class=\"elementor-container elementor-column-gap-default\">\n\t\t\t\t\t<div class=\"elementor-column elementor-col-100 elementor-top-column elementor-element elementor-element-c5809ef\" data-id=\"c5809ef\" data-element_type=\"column\">\n\t\t\t<div class=\"elementor-widget-wrap elementor-element-populated\">\n\t\t\t\t\t\t<div class=\"elementor-element elementor-element-c0ef8a3 elementor-widget elementor-widget-template\" data-id=\"c0ef8a3\" data-element_type=\"widget\" data-widget_type=\"template.default\">\n\t\t\t\t<div class=\"elementor-widget-container\">\n\t\t\t\t\t\t\t<div class=\"elementor-template\">\n\t\t\t\t\t<div data-elementor-type=\"section\" data-elementor-id=\"24096\" class=\"elementor elementor-24096\" data-elementor-post-type=\"elementor_library\">\n\t\t\t\t\t<section class=\"elementor-section elementor-top-section elementor-element elementor-element-26c18c60 elementor-section-boxed elementor-section-height-default elementor-section-height-default\" data-id=\"26c18c60\" data-element_type=\"section\" data-settings=\"{&quot;background_background&quot;:&quot;classic&quot;}\">\n\t\t\t\t\t\t\t<div class=\"elementor-background-overlay\"><\/div>\n\t\t\t\t\t\t\t<div class=\"elementor-container elementor-column-gap-default\">\n\t\t\t\t\t<div class=\"elementor-column elementor-col-100 elementor-top-column elementor-element elementor-element-17e8046b\" data-id=\"17e8046b\" data-element_type=\"column\">\n\t\t\t<div class=\"elementor-widget-wrap elementor-element-populated\">\n\t\t\t\t\t\t<div class=\"elementor-element elementor-element-57175438 elementor-widget elementor-widget-heading\" data-id=\"57175438\" data-element_type=\"widget\" data-widget_type=\"heading.default\">\n\t\t\t\t\t<h2 class=\"elementor-heading-title elementor-size-medium\">&gt;&gt; La experiencia del procedimiento<\/h2>\t\t\t\t<\/div>\n\t\t\t\t\t<\/div>\n\t\t<\/div>\n\t\t\t\t\t<\/div>\n\t\t<\/section>\n\t\t\t\t<\/div>\n\t\t\t\t<\/div>\n\t\t\t\t\t\t<\/div>\n\t\t\t\t<\/div>\n\t\t\t\t\t<\/div>\n\t\t<\/div>\n\t\t\t\t\t<\/div>\n\t\t<\/section>\n\t\t\t\t<section class=\"elementor-section elementor-top-section elementor-element elementor-element-495e6a6 elementor-section-boxed elementor-section-height-default elementor-section-height-default\" data-id=\"495e6a6\" data-element_type=\"section\" data-settings=\"{&quot;background_background&quot;:&quot;classic&quot;}\">\n\t\t\t\t\t\t\t<div class=\"elementor-background-overlay\"><\/div>\n\t\t\t\t\t\t\t<div class=\"elementor-container elementor-column-gap-wider\">\n\t\t\t\t\t<div class=\"elementor-column elementor-col-50 elementor-top-column elementor-element elementor-element-2f38355\" data-id=\"2f38355\" data-element_type=\"column\">\n\t\t\t<div class=\"elementor-widget-wrap elementor-element-populated\">\n\t\t\t\t\t\t<div class=\"elementor-element elementor-element-13e7776 elementor-headline--style-highlight elementor-widget elementor-widget-animated-headline\" data-id=\"13e7776\" data-element_type=\"widget\" data-settings=\"{&quot;marker&quot;:&quot;underline&quot;,&quot;highlighted_text&quot;:&quot;PREPARACI\\u00d3N PARA EL PROCEDIMIENTO CON C\\u00c9LULAS MADRE:&quot;,&quot;headline_style&quot;:&quot;highlight&quot;,&quot;loop&quot;:&quot;yes&quot;,&quot;highlight_animation_duration&quot;:1200,&quot;highlight_iteration_delay&quot;:8000}\" data-widget_type=\"animated-headline.default\">\n\t\t\t\t\t\t\t<h2 class=\"elementor-headline\">\n\t\t\t\t<span class=\"elementor-headline-dynamic-wrapper elementor-headline-text-wrapper\">\n\t\t\t\t\t<span class=\"elementor-headline-dynamic-text elementor-headline-text-active\">PREPARACI\u00d3N PARA EL PROCEDIMIENTO CON C\u00c9LULAS MADRE:<\/span>\n\t\t\t\t<\/span>\n\t\t\t\t<\/h2>\n\t\t\t\t\t\t<\/div>\n\t\t\t\t<div class=\"elementor-element elementor-element-26eec69 elementor-widget elementor-widget-text-editor\" data-id=\"26eec69\" data-element_type=\"widget\" data-widget_type=\"text-editor.default\">\n\t\t\t\t\t\t\t\t\t<h3><strong>\u00bfC\u00f3mo lograr que sus c\u00e9lulas madre est\u00e9n saludables?<\/strong><\/h3><ul><li>Reduzca la ingesta de az\u00facar incluyendo la edulcorantes artificiales. La ingesta excesiva de az\u00facar produce una elevaci\u00f3n de los niveles de insulina, lo que puede ocasionar un aumento de peso, resistencia a la insulina, elevaci\u00f3n de la presi\u00f3n arterial y aumentar el riesgo de padecer de c\u00e1ncer y enfermedades cr\u00f3nicas. Una dieta con bajo \u00edndice gluc\u00e9mico puede ayudarle a reducir la ansiedad por el az\u00facar y por ende, ayudarle a que la consuma en menor cantidad.\u00a0<\/li><li>Reduzca adem\u00e1s la ingesta de alimentos procesados y bebidas azucaradas y carbonatadas. Es importante que elimine cualquier alimento con \u00edndice gluc\u00e9mico alto de su dieta como el pan blanco, la pasta y otros alimentos ricos en almid\u00f3n.\u00a0<\/li><li>Considere cambiar el uso de az\u00facar por un edulcorante como el az\u00facar de palma de coco.<\/li><li>Reduzca la ingesta cal\u00f3rica total. La obesidad es perjudicial para la salud de sus c\u00e9lulas madre, as\u00ed como para la salud en general.\u00a0<\/li><li>Reducir la cantidad de calor\u00edas que consume diariamente puede aumentar la actividad de las c\u00e9lulas madre.<\/li><li>Los alimentos ricos en triglic\u00e9ridos, como las carnes rojas, carne de aves, quesos y mantequilla tambi\u00e9n pueden reducir la actividad de las c\u00e9lulas madre.<\/li><li>Realice actividad f\u00edsica de forma regular. El levantamiento de pesas y el ejercicio aer\u00f3bico pueden aumentar la cantidad de c\u00e9lulas madre y hacerlas m\u00e1s activas en los m\u00fasculos y los huesos.<\/li><li>Tome vitaminas. Se ha demostrado que el consumo de vitamina C y vitamina D reduce el envejecimiento de las c\u00e9lulas madre, aumenta su actividad, promueve la diferenciaci\u00f3n y estimula la proliferaci\u00f3n celular.<\/li><\/ul>\t\t\t\t\t\t\t\t<\/div>\n\t\t\t\t<div class=\"elementor-element elementor-element-01e7138 elementor-widget elementor-widget-heading\" data-id=\"01e7138\" data-element_type=\"widget\" data-widget_type=\"heading.default\">\n\t\t\t\t\t<h3 class=\"elementor-heading-title elementor-size-default\">3 semanas antes del procedimiento<\/h3>\t\t\t\t<\/div>\n\t\t\t\t<section class=\"elementor-section elementor-inner-section elementor-element elementor-element-5c0a390 elementor-section-boxed elementor-section-height-default elementor-section-height-default\" data-id=\"5c0a390\" data-element_type=\"section\">\n\t\t\t\t\t\t<div class=\"elementor-container elementor-column-gap-default\">\n\t\t\t\t\t<div class=\"elementor-column elementor-col-50 elementor-inner-column elementor-element elementor-element-98557c0\" data-id=\"98557c0\" data-element_type=\"column\">\n\t\t\t<div class=\"elementor-widget-wrap elementor-element-populated\">\n\t\t\t\t\t\t<div class=\"elementor-element elementor-element-5a31d6d elementor-widget elementor-widget-heading\" data-id=\"5a31d6d\" data-element_type=\"widget\" data-widget_type=\"heading.default\">\n\t\t\t\t\t<h3 class=\"elementor-heading-title elementor-size-default\">No consuma:<\/h3>\t\t\t\t<\/div>\n\t\t\t\t<div class=\"elementor-element elementor-element-fcc2e6f elementor-widget elementor-widget-text-editor\" data-id=\"fcc2e6f\" data-element_type=\"widget\" data-widget_type=\"text-editor.default\">\n\t\t\t\t\t\t\t\t\t<ul><li><strong>Gluten:<\/strong> No coma alimentos que contengan trigo, cebada, centeno o avena (algunos ejemplos de alimentos que contienen gluten son: pan, galletas, pasteles, etc.)<\/li><li><strong>Sal regular<\/strong> (solo se recomienda sal marina)<\/li><li><strong>Cerdo o carne de vaca<\/strong><\/li><\/ul>\t\t\t\t\t\t\t\t<\/div>\n\t\t\t\t\t<\/div>\n\t\t<\/div>\n\t\t\t\t<div class=\"elementor-column elementor-col-50 elementor-inner-column elementor-element elementor-element-aa5b40d\" data-id=\"aa5b40d\" data-element_type=\"column\">\n\t\t\t<div class=\"elementor-widget-wrap elementor-element-populated\">\n\t\t\t\t\t\t<div class=\"elementor-element elementor-element-f5e5495 elementor-widget elementor-widget-heading\" data-id=\"f5e5495\" data-element_type=\"widget\" data-widget_type=\"heading.default\">\n\t\t\t\t\t<h3 class=\"elementor-heading-title elementor-size-default\">No ingiera:\n<\/h3>\t\t\t\t<\/div>\n\t\t\t\t<div class=\"elementor-element elementor-element-f3e9349 elementor-widget elementor-widget-text-editor\" data-id=\"f3e9349\" data-element_type=\"widget\" data-widget_type=\"text-editor.default\">\n\t\t\t\t\t\t\t\t\t<ul><li><strong>Bebidas alcoh\u00f3licas<\/strong><\/li><li><strong>Bebidas carbonatadas<\/strong><\/li><\/ul>\t\t\t\t\t\t\t\t<\/div>\n\t\t\t\t\t<\/div>\n\t\t<\/div>\n\t\t\t\t\t<\/div>\n\t\t<\/section>\n\t\t\t\t<div class=\"elementor-element elementor-element-aafd62b elementor-widget elementor-widget-heading\" data-id=\"aafd62b\" data-element_type=\"widget\" data-widget_type=\"heading.default\">\n\t\t\t\t\t<h3 class=\"elementor-heading-title elementor-size-default\">1 semana antes del procedimiento:<\/h3>\t\t\t\t<\/div>\n\t\t\t\t<div class=\"elementor-element elementor-element-737e88c elementor-widget elementor-widget-text-editor\" data-id=\"737e88c\" data-element_type=\"widget\" data-widget_type=\"text-editor.default\">\n\t\t\t\t\t\t\t\t\t<ul><li>No tome aspirina o ibuprofeno (si es necesario, puede tomar acetominof\u00e9n)<\/li><li>No tome medicamentos a base de hierbas.<\/li><li>No tome pastillas para adelgazar<\/li><li><strong>NO FUME<\/strong><\/li><\/ul>\t\t\t\t\t\t\t\t<\/div>\n\t\t\t\t<div class=\"elementor-element elementor-element-061cb6b elementor-widget elementor-widget-heading\" data-id=\"061cb6b\" data-element_type=\"widget\" data-widget_type=\"heading.default\">\n\t\t\t\t\t<h3 class=\"elementor-heading-title elementor-size-default\">Pruebas necesarias<\/h3>\t\t\t\t<\/div>\n\t\t\t\t<div class=\"elementor-element elementor-element-38159b8 elementor-widget elementor-widget-text-editor\" data-id=\"38159b8\" data-element_type=\"widget\" data-widget_type=\"text-editor.default\">\n\t\t\t\t\t\t\t\t\t<ul><li>An\u00e1lisis de sangre para pruebas de laboratorio.<\/li><li>Sus resultados de estudios complementarios como: ecograf\u00eda, radiograf\u00eda, TAC, resonancia magn\u00e9tica o pruebas gen\u00e9ticas.<\/li><\/ul>\t\t\t\t\t\t\t\t<\/div>\n\t\t\t\t<div class=\"elementor-element elementor-element-ab1197f elementor-widget elementor-widget-heading\" data-id=\"ab1197f\" data-element_type=\"widget\" data-widget_type=\"heading.default\">\n\t\t\t\t\t<h3 class=\"elementor-heading-title elementor-size-default\">Otras recomendaciones<\/h3>\t\t\t\t<\/div>\n\t\t\t\t<div class=\"elementor-element elementor-element-642e647 elementor-widget elementor-widget-text-editor\" data-id=\"642e647\" data-element_type=\"widget\" data-widget_type=\"text-editor.default\">\n\t\t\t\t\t\t\t\t\t<ul><li>Se requiere ayuno para realizar un procedimiento bajo sedaci\u00f3n. No coma ni beba nada excepto agua despu\u00e9s de las 10:00 p. m. la noche anterior al procedimiento (si no necesita sedaci\u00f3n, tome un desayuno ligero)<\/li><li>Traiga a un familiar o amigo. No podr\u00e1 conducir despu\u00e9s de su procedimiento, as\u00ed que planee tener a alguien con usted.<\/li><li>Use ropa c\u00f3moda. Es posible que sienta un poco de dolor despu\u00e9s del procedimiento, as\u00ed que use o traiga ropa holgada.<\/li><li>Deje las joyas y los objetos de valor en casa.<\/li><\/ul>\t\t\t\t\t\t\t\t<\/div>\n\t\t\t\t\t<\/div>\n\t\t<\/div>\n\t\t\t\t<div class=\"elementor-column elementor-col-50 elementor-top-column elementor-element elementor-element-59ea10b\" data-id=\"59ea10b\" data-element_type=\"column\">\n\t\t\t<div class=\"elementor-widget-wrap elementor-element-populated\">\n\t\t\t\t\t\t<div class=\"elementor-element elementor-element-f98e7e0 elementor-headline--style-highlight elementor-widget elementor-widget-animated-headline\" data-id=\"f98e7e0\" data-element_type=\"widget\" data-settings=\"{&quot;highlighted_text&quot;:&quot;POST PROCEDIMIENTO:&quot;,&quot;headline_style&quot;:&quot;highlight&quot;,&quot;marker&quot;:&quot;circle&quot;,&quot;loop&quot;:&quot;yes&quot;,&quot;highlight_animation_duration&quot;:1200,&quot;highlight_iteration_delay&quot;:8000}\" data-widget_type=\"animated-headline.default\">\n\t\t\t\t\t\t\t<h2 class=\"elementor-headline\">\n\t\t\t\t<span class=\"elementor-headline-dynamic-wrapper elementor-headline-text-wrapper\">\n\t\t\t\t\t<span class=\"elementor-headline-dynamic-text elementor-headline-text-active\">POST PROCEDIMIENTO:<\/span>\n\t\t\t\t<\/span>\n\t\t\t\t<\/h2>\n\t\t\t\t\t\t<\/div>\n\t\t\t\t<div class=\"elementor-element elementor-element-fac9231 elementor-widget elementor-widget-text-editor\" data-id=\"fac9231\" data-element_type=\"widget\" data-widget_type=\"text-editor.default\">\n\t\t\t\t\t\t\t\t\t<h3>\u00bfQu\u00e9 esperar despu\u00e9s del procedimiento?<\/h3><p>Inmediatamente despu\u00e9s del tratamiento, las c\u00e9lulas madre se desplazan al \u00e1rea o \u00e1reas que necesitan ser reparadas, es esperable que usted se sienta adolorido(a) o que los s\u00edntomas empeoren un poco durante la primera y segunda semana.<\/p><p>Los pacientes pueden tomar acetaminofen (Tylenol) para el dolor, pero se debe evitar el uso de cualquier medicamento antiinflamatorio no esteroideo (AINE) como Aleve, Enantyum, Arcoxia, ibuprofeno y otros. El objetivo es permitir que las c\u00e9lulas madre localicen y se adhieran al \u00e1rea da\u00f1ada, adem\u00e1s de protegerlas durante el proceso de diferenciaci\u00f3n y mejorar el entorno para que trabajen \u00f3ptimamente. Es mejor evitar el ejercicio f\u00edsico durante una semana despu\u00e9s del tratamiento y usar ese tiempo para descansar y relajarse. Dependiendo de la afecci\u00f3n que se est\u00e9 tratando, despu\u00e9s de la primera semana podr\u00eda comenzar con un ejercicio f\u00edsico moderado y despu\u00e9s de un mes retomar actividades normales.<\/p><p>Puede ducharse 12 horas despu\u00e9s del procedimiento, pero no debe utilizarse tina de ba\u00f1o durante al menos 3 d\u00edas.<\/p><p>La mayor\u00eda de los pacientes notar\u00e1n una leve mejor\u00eda durante los primeros 2 meses, sin embargo, las c\u00e9lulas madre contin\u00faan actuando durante meses y muchos de los pacientes sentir\u00e1n una mejor\u00eda notable de los s\u00edntomas hasta despu\u00e9s de 6 meses. Es importante se\u00f1alar que la velocidad de curaci\u00f3n var\u00eda de paciente a paciente por lo que<\/p><p>algunos pacientes podr\u00edan tardar hasta un a\u00f1o en notar los efectos positivos del tratamiento. Los datos sugieren que las c\u00e9lulas madre contin\u00faan reparando el tejido da\u00f1ado durante 1 a 2 a\u00f1os despu\u00e9s del tratamiento. Dependiendo de la condici\u00f3n que se est\u00e9 tratando y la gravedad de los s\u00edntomas, algunos pacientes necesitar\u00e1n recibir m\u00e1s de un tratamiento.<\/p><p>Cada paciente es diferente y los resultados variar\u00e1n seg\u00fan la afecci\u00f3n espec\u00edfica que se trate, la cantidad de da\u00f1o, la gravedad de los s\u00edntomas, la edad y el estado general de salud.<\/p><ul><li>Es com\u00fan que tenga alguna molestia despu\u00e9s del procedimiento. Puede tomar acetaminof\u00e9n (Tylenol) para el dolor.<\/li><li>No tome antiinflamatorios como la aspirina o el naproxeno s\u00f3dico.<\/li><li>No realice actividad f\u00edsica durante una semana. T\u00f3mese este tiempo para descansar y relajarse.<\/li><li>Despu\u00e9s de una semana puede reanudar sus actividades f\u00edsicas normales.<\/li><\/ul>\t\t\t\t\t\t\t\t<\/div>\n\t\t\t\t\t<\/div>\n\t\t<\/div>\n\t\t\t\t\t<\/div>\n\t\t<\/section>\n\t\t\t\t<\/div>\n\t\t","protected":false},"excerpt":{"rendered":"<p>PREPARACI\u00d3N PARA EL PROCEDIMIENTO CON C\u00c9LULAS MADRE: \u00bfC\u00f3mo lograr que sus c\u00e9lulas madre est\u00e9n saludables? Reduzca la ingesta de az\u00facar incluyendo la edulcorantes artificiales. La ingesta excesiva de az\u00facar produce una elevaci\u00f3n de los niveles de insulina, lo que puede ocasionar un aumento de peso, resistencia a la insulina, elevaci\u00f3n de la presi\u00f3n arterial y [&hellip;]<\/p>\n","protected":false},"author":1,"featured_media":0,"parent":0,"menu_order":0,"comment_status":"closed","ping_status":"closed","template":"elementor_header_footer","meta":{"footnotes":""},"class_list":["post-8670","page","type-page","status-publish","hentry"],"_links":{"self":[{"href":"https:\/\/stemcells.suwebcr.com\/es\/wp-json\/wp\/v2\/pages\/8670","targetHints":{"allow":["GET"]}}],"collection":[{"href":"https:\/\/stemcells.suwebcr.com\/es\/wp-json\/wp\/v2\/pages"}],"about":[{"href":"https:\/\/stemcells.suwebcr.com\/es\/wp-json\/wp\/v2\/types\/page"}],"author":[{"embeddable":true,"href":"https:\/\/stemcells.suwebcr.com\/es\/wp-json\/wp\/v2\/users\/1"}],"replies":[{"embeddable":true,"href":"https:\/\/stemcells.suwebcr.com\/es\/wp-json\/wp\/v2\/comments?post=8670"}],"version-history":[{"count":0,"href":"https:\/\/stemcells.suwebcr.com\/es\/wp-json\/wp\/v2\/pages\/8670\/revisions"}],"wp:attachment":[{"href":"https:\/\/stemcells.suwebcr.com\/es\/wp-json\/wp\/v2\/media?parent=8670"}],"curies":[{"name":"wp","href":"https:\/\/api.w.org\/{rel}","templated":true}]}}