{"id":8655,"date":"2019-04-18T10:05:46","date_gmt":"2019-04-18T16:05:46","guid":{"rendered":"https:\/\/stemcells.suwebcr.com\/costa-rica\/"},"modified":"2022-04-18T14:32:04","modified_gmt":"2022-04-18T20:32:04","slug":"costa-rica","status":"publish","type":"page","link":"https:\/\/stemcells.suwebcr.com\/es\/costa-rica\/","title":{"rendered":"Costa Rica"},"content":{"rendered":"\t\t<div data-elementor-type=\"wp-post\" data-elementor-id=\"8655\" class=\"elementor elementor-8655 elementor-6975\" data-elementor-post-type=\"page\">\n\t\t\t\t\t\t<section class=\"elementor-section elementor-top-section elementor-element elementor-element-f5af3c5 elementor-section-height-min-height elementor-section-boxed elementor-section-height-default elementor-section-items-middle\" data-id=\"f5af3c5\" data-element_type=\"section\" data-settings=\"{&quot;background_background&quot;:&quot;classic&quot;}\">\n\t\t\t\t\t\t\t<div class=\"elementor-background-overlay\"><\/div>\n\t\t\t\t\t\t\t<div class=\"elementor-container elementor-column-gap-default\">\n\t\t\t\t\t<div class=\"elementor-column elementor-col-100 elementor-top-column elementor-element elementor-element-301b678\" data-id=\"301b678\" data-element_type=\"column\">\n\t\t\t<div class=\"elementor-widget-wrap elementor-element-populated\">\n\t\t\t\t\t\t<div class=\"elementor-element elementor-element-285e531f elementor-widget elementor-widget-heading\" data-id=\"285e531f\" data-element_type=\"widget\" data-widget_type=\"heading.default\">\n\t\t\t\t\t<h1 class=\"elementor-heading-title elementor-size-default\">Costa Rica <\/h1>\t\t\t\t<\/div>\n\t\t\t\t\t<\/div>\n\t\t<\/div>\n\t\t\t\t\t<\/div>\n\t\t<\/section>\n\t\t\t\t<section class=\"elementor-section elementor-top-section elementor-element elementor-element-0a83f36 elementor-section-boxed elementor-section-height-default elementor-section-height-default\" data-id=\"0a83f36\" data-element_type=\"section\">\n\t\t\t\t\t\t<div class=\"elementor-container elementor-column-gap-default\">\n\t\t\t\t\t<div class=\"elementor-column elementor-col-50 elementor-top-column elementor-element elementor-element-2d4afda\" data-id=\"2d4afda\" data-element_type=\"column\">\n\t\t\t<div class=\"elementor-widget-wrap elementor-element-populated\">\n\t\t\t\t\t\t<div class=\"elementor-element elementor-element-442e4777 elementor-widget elementor-widget-image\" data-id=\"442e4777\" data-element_type=\"widget\" data-widget_type=\"image.default\">\n\t\t\t\t\t\t\t\t\t\t\t\t\t\t\t<img fetchpriority=\"high\" decoding=\"async\" width=\"800\" height=\"451\" src=\"https:\/\/stemcells.suwebcr.com\/wp-content\/uploads\/2021\/12\/9.jpg\" class=\"attachment-large size-large wp-image-25288\" alt=\"\" srcset=\"https:\/\/stemcells.suwebcr.com\/wp-content\/uploads\/2021\/12\/9.jpg 852w, https:\/\/stemcells.suwebcr.com\/wp-content\/uploads\/2021\/12\/9-300x169.jpg 300w, https:\/\/stemcells.suwebcr.com\/wp-content\/uploads\/2021\/12\/9-768x433.jpg 768w\" sizes=\"(max-width: 800px) 100vw, 800px\" \/>\t\t\t\t\t\t\t\t\t\t\t\t\t\t\t<\/div>\n\t\t\t\t\t<\/div>\n\t\t<\/div>\n\t\t\t\t<div class=\"elementor-column elementor-col-50 elementor-top-column elementor-element elementor-element-3c3e243\" data-id=\"3c3e243\" data-element_type=\"column\">\n\t\t\t<div class=\"elementor-widget-wrap elementor-element-populated\">\n\t\t\t\t\t\t<div class=\"elementor-element elementor-element-28f84e7f elementor-widget elementor-widget-heading\" data-id=\"28f84e7f\" data-element_type=\"widget\" data-widget_type=\"heading.default\">\n\t\t\t\t\t<h2 class=\"elementor-heading-title elementor-size-default\">\u00bfD\u00f3nde Est\u00e1 Costa Rica?<\/h2>\t\t\t\t<\/div>\n\t\t\t\t<div class=\"elementor-element elementor-element-69b0b874 elementor-widget elementor-widget-text-editor\" data-id=\"69b0b874\" data-element_type=\"widget\" data-widget_type=\"text-editor.default\">\n\t\t\t\t\t\t\t\t\t<p>Costa Rica est\u00e1 ubicada en Am\u00e9rica Central, limita al norte con Nicaragua, al sur con Panam\u00e1, al este con el Mar Caribe y al oeste con el Oc\u00e9ano Pac\u00edfico.<\/p>\t\t\t\t\t\t\t\t<\/div>\n\t\t\t\t<div class=\"elementor-element elementor-element-7e5c528c elementor-widget elementor-widget-heading\" data-id=\"7e5c528c\" data-element_type=\"widget\" data-widget_type=\"heading.default\">\n\t\t\t\t\t<h2 class=\"elementor-heading-title elementor-size-default\">\u00bfCosta Rica Es Un Pa\u00eds Seguro?<\/h2>\t\t\t\t<\/div>\n\t\t\t\t<div class=\"elementor-element elementor-element-34012f61 elementor-widget elementor-widget-text-editor\" data-id=\"34012f61\" data-element_type=\"widget\" data-widget_type=\"text-editor.default\">\n\t\t\t\t\t\t\t\t\t<p>La Rep\u00fablica de Costa Rica es un pa\u00eds con uno de los gobiernos democr\u00e1ticos m\u00e1s antiguos y estables de Am\u00e9rica Central. Aunque Costa Rica no tiene una fuerza militar, cuenta con una fuerza policial, seguridad de tr\u00e1nsito y una guardia costera que trabajan en conjunto para hacer del pa\u00eds un lugar seguro y agradable para visitar.<\/p><p>M\u00e1s del 25% de su territorio est\u00e1 destinado a parques nacionales y \u00e1reas protegidas; Costa Rica es un l\u00edder mundial en conservaci\u00f3n sostenible. Cuenta con m\u00e1s de 161 parques y refugios, y es conocida por sus playas, volcanes y biodiversidad.<\/p>\t\t\t\t\t\t\t\t<\/div>\n\t\t\t\t\t<\/div>\n\t\t<\/div>\n\t\t\t\t\t<\/div>\n\t\t<\/section>\n\t\t\t\t<section class=\"elementor-section elementor-top-section elementor-element elementor-element-277d596 elementor-section-boxed elementor-section-height-default elementor-section-height-default\" data-id=\"277d596\" data-element_type=\"section\" data-settings=\"{&quot;background_background&quot;:&quot;classic&quot;}\">\n\t\t\t\t\t\t\t<div class=\"elementor-background-overlay\"><\/div>\n\t\t\t\t\t\t\t<div class=\"elementor-container elementor-column-gap-default\">\n\t\t\t\t\t<div class=\"elementor-column elementor-col-50 elementor-top-column elementor-element elementor-element-3972afc\" data-id=\"3972afc\" data-element_type=\"column\">\n\t\t\t<div class=\"elementor-widget-wrap elementor-element-populated\">\n\t\t\t\t\t\t<div class=\"elementor-element elementor-element-509366a4 elementor-widget elementor-widget-heading\" data-id=\"509366a4\" data-element_type=\"widget\" data-widget_type=\"heading.default\">\n\t\t\t\t\t<h2 class=\"elementor-heading-title elementor-size-default\">\u00bfQu\u00e9 Hacer En Costa Rica?<\/h2>\t\t\t\t<\/div>\n\t\t\t\t<div class=\"elementor-element elementor-element-ed682e1 elementor-widget elementor-widget-text-editor\" data-id=\"ed682e1\" data-element_type=\"widget\" data-widget_type=\"text-editor.default\">\n\t\t\t\t\t\t\t\t\t<p>El <em><strong>Stem Cells Transplant Institute<\/strong><\/em> se encuentra en San Jos\u00e9, la capital de Costa Rica, la cual alberga m\u00e1s de 15 museos y teatros, centros comerciales, clubes nocturnos, restaurantes y parques.<\/p><p>Los parques nacionales m\u00e1s visitados de Costa Rica incluyen el Volc\u00e1n Po\u00e1s, el Parque Nacional Manuel Antonio, el Parque Nacional Tortuguero, Cahuita y Arenal. Hay tantas cosas incre\u00edbles que hacer en Costa Rica que es dif\u00edcil elegir solo unas pocas. Las actividades van desde surf, senderismo, pesca, rafting, observaci\u00f3n de aves, snorkeling, buceo, navegaci\u00f3n al atardecer, paseos a caballo hasta diversas excursiones y deportes extremos. No importa lo que elijas hacer, tendr\u00e1s un momento inolvidable en Costa Rica!<\/p><p>Las playas m\u00e1s populares incluyen: Conchal, Coco, Dominical, Hermosa, Mal Pa\u00eds, Manuel Antonio, Montezuma, Nosara, Ocotal, Panam\u00e1, Papagayo, Potrero, Flamingo, Grande, Samara, Santa Teresa, Tamarindo y Tambor.<\/p><p>Los lugares de monta\u00f1oso m\u00e1s populares son el volc\u00e1n La Fortuna o Arenal, Monteverde y Poas.<\/p>\t\t\t\t\t\t\t\t<\/div>\n\t\t\t\t\t<\/div>\n\t\t<\/div>\n\t\t\t\t<div class=\"elementor-column elementor-col-50 elementor-top-column elementor-element elementor-element-23e122b\" data-id=\"23e122b\" data-element_type=\"column\">\n\t\t\t<div class=\"elementor-widget-wrap elementor-element-populated\">\n\t\t\t\t\t\t<div class=\"elementor-element elementor-element-49225219 elementor-widget elementor-widget-image\" data-id=\"49225219\" data-element_type=\"widget\" data-widget_type=\"image.default\">\n\t\t\t\t\t\t\t\t\t\t\t\t\t\t\t<img decoding=\"async\" width=\"790\" height=\"750\" src=\"https:\/\/stemcells.suwebcr.com\/wp-content\/uploads\/2021\/12\/costa-rica-transportation-map_0.jpg\" class=\"attachment-large size-large wp-image-25294\" alt=\"\" srcset=\"https:\/\/stemcells.suwebcr.com\/wp-content\/uploads\/2021\/12\/costa-rica-transportation-map_0.jpg 790w, https:\/\/stemcells.suwebcr.com\/wp-content\/uploads\/2021\/12\/costa-rica-transportation-map_0-300x285.jpg 300w, https:\/\/stemcells.suwebcr.com\/wp-content\/uploads\/2021\/12\/costa-rica-transportation-map_0-768x729.jpg 768w\" sizes=\"(max-width: 790px) 100vw, 790px\" \/>\t\t\t\t\t\t\t\t\t\t\t\t\t\t\t<\/div>\n\t\t\t\t\t<\/div>\n\t\t<\/div>\n\t\t\t\t\t<\/div>\n\t\t<\/section>\n\t\t\t\t<section class=\"elementor-section elementor-top-section elementor-element elementor-element-51ff487f elementor-section-boxed elementor-section-height-default elementor-section-height-default\" data-id=\"51ff487f\" data-element_type=\"section\">\n\t\t\t\t\t\t<div class=\"elementor-container elementor-column-gap-default\">\n\t\t\t\t\t<div class=\"elementor-column elementor-col-50 elementor-top-column elementor-element elementor-element-5ddd36fc\" data-id=\"5ddd36fc\" data-element_type=\"column\">\n\t\t\t<div class=\"elementor-widget-wrap elementor-element-populated\">\n\t\t\t\t\t\t<div class=\"elementor-element elementor-element-52a9d850 elementor-widget elementor-widget-heading\" data-id=\"52a9d850\" data-element_type=\"widget\" data-widget_type=\"heading.default\">\n\t\t\t\t\t<h2 class=\"elementor-heading-title elementor-size-default\">\u00bfC\u00f3mo Llegar a Costa Rica?<\/h2>\t\t\t\t<\/div>\n\t\t\t\t<div class=\"elementor-element elementor-element-290d539f elementor-widget elementor-widget-text-editor\" data-id=\"290d539f\" data-element_type=\"widget\" data-widget_type=\"text-editor.default\">\n\t\t\t\t\t\t\t\t\t<p>El aeropuerto Juan Santamar\u00eda (SJO) en Alajuela, es el aeropuerto internacional m\u00e1s grande de Costa Rica y est\u00e1 ubicado a menos de 30 minutos del centro de San Jos\u00e9 o del centro de Escaz\u00fa. Ser\u00e1 el aeropuerto de m\u00e1s cercano al Instituto donde se realizar\u00e1 la terapia con c\u00e9lulas madre.<\/p><p>El segundo aeropuerto internacional es el aeropuerto Daniel Oduber (LIR) en Liberia. Se encuentra en la regi\u00f3n de Guanacaste, que tiene una ubicaci\u00f3n cercana a algunos de los destinos tur\u00edsticos m\u00e1s populares, como las playas en la costa del Pac\u00edfico, el volc\u00e1n Arenal, las aguas termales y los hermosos parques nacionales.<\/p><p>Si despu\u00e9s de recibir el tratamiento con c\u00e9lulas madre, decide relajarse y descansar en una de las hermosas playas de la costa del Pac\u00edfico, podr\u00eda ser m\u00e1s conveniente que su vuelo de regreso salga del aeropuerto Daniel Oduber (LIR).<\/p><p>Las l\u00edneas a\u00e9reas internacionales disponibles para vuelos a Costa Rica incluyen Aerom\u00e9xico, Air Canada, Air Panama, Alaska Airlines, American Airlines, Avianca, British Airways, Condor, Copa Airlines, Delta Airlines, Iberia, Spirit Airlines, Southwest, United Airlines y Volaris.<\/p>\t\t\t\t\t\t\t\t<\/div>\n\t\t\t\t\t<\/div>\n\t\t<\/div>\n\t\t\t\t<div class=\"elementor-column elementor-col-50 elementor-top-column elementor-element elementor-element-4712472\" data-id=\"4712472\" data-element_type=\"column\">\n\t\t\t<div class=\"elementor-widget-wrap elementor-element-populated\">\n\t\t\t\t\t\t<div class=\"elementor-element elementor-element-19268f30 elementor-widget elementor-widget-heading\" data-id=\"19268f30\" data-element_type=\"widget\" data-widget_type=\"heading.default\">\n\t\t\t\t\t<h2 class=\"elementor-heading-title elementor-size-default\">\u00bfNecesito Un Pasaporte Para Ir a Costa Rica?<\/h2>\t\t\t\t<\/div>\n\t\t\t\t<div class=\"elementor-element elementor-element-1be42653 elementor-widget elementor-widget-text-editor\" data-id=\"1be42653\" data-element_type=\"widget\" data-widget_type=\"text-editor.default\">\n\t\t\t\t\t\t\t\t\t<p>Si vive fuera de Costa Rica y desea recibir terapia con c\u00e9lulas madre en el Stem Cells Transplant Institute, necesitar\u00e1 un pasaporte v\u00e1lido. A continuaci\u00f3n encontrar\u00e1 algunos enlaces \u00fatiles para ciudadanos estadounidenses y canadienses que solicitan un nuevo pasaporte<\/p><p><a href=\"https:\/\/travel.state.gov\/content\/travel\/en\/passports\/apply-renew-passport\/hurry.html\" target=\"_blank\" rel=\"noopener\">https:\/\/travel.state.gov\/content\/travel\/en\/passports\/apply-renew-passport\/hurry.html<\/a><\/p><p><a href=\"https:\/\/travel.state.gov\/content\/travel\/en\/passports\/apply-renew-passport\/how-to-apply.html\" target=\"_blank\" rel=\"noopener\">https:\/\/travel.state.gov\/content\/travel\/en\/passports\/apply-renew-passport\/how-to-apply.html<\/a><\/p><p><a href=\"https:\/\/www.canada.ca\/en\/immigration-refugees-citizenship\/services\/canadian-passports\/new-adult-passport\/apply.html\" target=\"_blank\" rel=\"noopener\">https:\/\/www.canada.ca\/en\/immigration-refugees-citizenship\/services\/canadian-passports\/new-adult-passport\/apply.html<\/a><\/p>\t\t\t\t\t\t\t\t<\/div>\n\t\t\t\t\t<\/div>\n\t\t<\/div>\n\t\t\t\t\t<\/div>\n\t\t<\/section>\n\t\t\t\t<\/div>\n\t\t","protected":false},"excerpt":{"rendered":"<p>Costa Rica \u00bfD\u00f3nde Est\u00e1 Costa Rica? Costa Rica est\u00e1 ubicada en Am\u00e9rica Central, limita al norte con Nicaragua, al sur con Panam\u00e1, al este con el Mar Caribe y al oeste con el Oc\u00e9ano Pac\u00edfico. \u00bfCosta Rica Es Un Pa\u00eds Seguro? La Rep\u00fablica de Costa Rica es un pa\u00eds con uno de los gobiernos democr\u00e1ticos [&hellip;]<\/p>\n","protected":false},"author":1,"featured_media":0,"parent":0,"menu_order":0,"comment_status":"closed","ping_status":"closed","template":"elementor_header_footer","meta":{"footnotes":""},"class_list":["post-8655","page","type-page","status-publish","hentry"],"_links":{"self":[{"href":"https:\/\/stemcells.suwebcr.com\/es\/wp-json\/wp\/v2\/pages\/8655","targetHints":{"allow":["GET"]}}],"collection":[{"href":"https:\/\/stemcells.suwebcr.com\/es\/wp-json\/wp\/v2\/pages"}],"about":[{"href":"https:\/\/stemcells.suwebcr.com\/es\/wp-json\/wp\/v2\/types\/page"}],"author":[{"embeddable":true,"href":"https:\/\/stemcells.suwebcr.com\/es\/wp-json\/wp\/v2\/users\/1"}],"replies":[{"embeddable":true,"href":"https:\/\/stemcells.suwebcr.com\/es\/wp-json\/wp\/v2\/comments?post=8655"}],"version-history":[{"count":0,"href":"https:\/\/stemcells.suwebcr.com\/es\/wp-json\/wp\/v2\/pages\/8655\/revisions"}],"wp:attachment":[{"href":"https:\/\/stemcells.suwebcr.com\/es\/wp-json\/wp\/v2\/media?parent=8655"}],"curies":[{"name":"wp","href":"https:\/\/api.w.org\/{rel}","templated":true}]}}