{"id":8650,"date":"2019-05-11T00:02:14","date_gmt":"2019-05-11T06:02:14","guid":{"rendered":"https:\/\/stemcells.suwebcr.com\/dr-ciro-gargiulo\/"},"modified":"2022-04-02T10:42:24","modified_gmt":"2022-04-02T16:42:24","slug":"dr-ciro-gargiulo","status":"publish","type":"page","link":"https:\/\/stemcells.suwebcr.com\/es\/dr-ciro-gargiulo\/","title":{"rendered":"Dr. Ciro Gargiulo"},"content":{"rendered":"\t\t<div data-elementor-type=\"wp-post\" data-elementor-id=\"8650\" class=\"elementor elementor-8650\" data-elementor-post-type=\"page\">\n\t\t\t\t\t\t<section class=\"elementor-section elementor-top-section elementor-element elementor-element-7715d40 elementor-section-boxed elementor-section-height-default elementor-section-height-default\" data-id=\"7715d40\" data-element_type=\"section\" data-settings=\"{&quot;background_background&quot;:&quot;classic&quot;}\">\n\t\t\t\t\t\t\t<div class=\"elementor-background-overlay\"><\/div>\n\t\t\t\t\t\t\t<div class=\"elementor-container elementor-column-gap-default\">\n\t\t\t\t\t<div class=\"elementor-column elementor-col-50 elementor-top-column elementor-element elementor-element-204b48b\" data-id=\"204b48b\" data-element_type=\"column\" data-settings=\"{&quot;background_background&quot;:&quot;classic&quot;}\">\n\t\t\t<div class=\"elementor-widget-wrap elementor-element-populated\">\n\t\t\t\t\t\t<div class=\"elementor-element elementor-element-209c50e elementor-widget elementor-widget-image\" data-id=\"209c50e\" data-element_type=\"widget\" data-widget_type=\"image.default\">\n\t\t\t\t\t\t\t\t\t\t\t\t\t\t\t<img fetchpriority=\"high\" decoding=\"async\" width=\"376\" height=\"470\" src=\"https:\/\/stemcells.suwebcr.com\/wp-content\/uploads\/2019\/05\/Dr-Ciro-Gargiulo.jpg\" class=\"attachment-large size-large wp-image-7798\" alt=\"Dr Ciro Gargiulo\" srcset=\"https:\/\/stemcells.suwebcr.com\/wp-content\/uploads\/2019\/05\/Dr-Ciro-Gargiulo.jpg 376w, https:\/\/stemcells.suwebcr.com\/wp-content\/uploads\/2019\/05\/Dr-Ciro-Gargiulo-240x300.jpg 240w\" sizes=\"(max-width: 376px) 100vw, 376px\" \/>\t\t\t\t\t\t\t\t\t\t\t\t\t\t\t<\/div>\n\t\t\t\t<div class=\"elementor-element elementor-element-1acfe36d elementor-widget elementor-widget-heading\" data-id=\"1acfe36d\" data-element_type=\"widget\" data-widget_type=\"heading.default\">\n\t\t\t\t\t<h4 class=\"elementor-heading-title elementor-size-default\">Dr. Ciro Gargiulo<\/h4>\t\t\t\t<\/div>\n\t\t\t\t<div class=\"elementor-element elementor-element-63533008 elementor-widget elementor-widget-heading\" data-id=\"63533008\" data-element_type=\"widget\" data-widget_type=\"heading.default\">\n\t\t\t\t\t<h5 class=\"elementor-heading-title elementor-size-default\">M\u00e9dico asociado<\/h5>\t\t\t\t<\/div>\n\t\t\t\t\t<\/div>\n\t\t<\/div>\n\t\t\t\t<div class=\"elementor-column elementor-col-50 elementor-top-column elementor-element elementor-element-b43ce5b\" data-id=\"b43ce5b\" data-element_type=\"column\">\n\t\t\t<div class=\"elementor-widget-wrap elementor-element-populated\">\n\t\t\t\t\t\t<div class=\"elementor-element elementor-element-3b52ba7 elementor-widget elementor-widget-text-editor\" data-id=\"3b52ba7\" data-element_type=\"widget\" data-widget_type=\"text-editor.default\">\n\t\t\t\t\t\t\t\t\tEl Dr. Gargiulo est\u00e1 a cargo del Proyecto Internacional que incluye el Estudio y Aplicaci\u00f3n Cl\u00ednica de C\u00e9lulas Madre de sangre perif\u00e9rica humana en la piel, reconstrucci\u00f3n \u00f3sea (aplicaci\u00f3n de aumento maxilar y mandibular para inserci\u00f3n de implantes), Diabetes Mellitus tipo II, Trastornos Neurodegenerativos como MS, Ataxia y Parkinson.\r\n\r\nDesde 2014, el Dr. Gargiulo se ha desempe\u00f1ado como Profesor de Embriolog\u00eda, Inmunolog\u00eda y Medicina Regenerativa, as\u00ed como Investigador M\u00e9dico Principal en la Facultad de Medicina de la Universidad Tan Tao, Ciudad Ho Chi Minh, Vietnam. En 2011 asumi\u00f3 el cargo de Director del Departamento de C\u00e9lulas Madre en la Cl\u00ednica Internacional de Medicina Humana. De 2011 a 2013, el Dr. Gargiulo se desempe\u00f1\u00f3 como Residente Cl\u00ednico y de Investigaci\u00f3n en la Facultad de Medicina de la Universidad de Friburgo, Departamento de Traumatolog\u00eda del Hospital Universitario de Suiza. Entre el a\u00f1o 2009 y 2011, trabaj\u00f3 como Investigador Asociado y complet\u00f3 su beca en la Universidad de Australia Occidental. Tambi\u00e9n fue Asociado y Residente en la Facultad de Medicina y Vida Cient\u00edfica de la Universidad de Manchester, Reino Unido durante cuatro a\u00f1os, 2005-2009.\r\n\r\nEl Dr. Ciro Gargiulo es miembro de la \u00a0International Stem Cells Society. Gan\u00f3 el premio SIRF de $ 45,000 de la Universidad de Australia Occidental 2009-2012 (Scientific International Research Fees Burse and Scholarships). Ha participado en muchas convenciones y seminarios internacionales, como Innovaci\u00f3n en la Investigaci\u00f3n del C\u00e1ncer y Medicina Regenerativa (HCM City) 2017, Innovaci\u00f3n en la Regeneraci\u00f3n Maxilar y en Procedimientos para Implantes (Manila Phil) 2017, entre otros.\t\t\t\t\t\t\t\t<\/div>\n\t\t\t\t\t<\/div>\n\t\t<\/div>\n\t\t\t\t\t<\/div>\n\t\t<\/section>\n\t\t\t\t<section class=\"elementor-section elementor-top-section elementor-element elementor-element-a607238 elementor-section-boxed elementor-section-height-default elementor-section-height-default\" data-id=\"a607238\" data-element_type=\"section\">\n\t\t\t\t\t\t<div class=\"elementor-container elementor-column-gap-default\">\n\t\t\t\t\t<div class=\"elementor-column elementor-col-100 elementor-top-column elementor-element elementor-element-fb04098\" data-id=\"fb04098\" data-element_type=\"column\">\n\t\t\t<div class=\"elementor-widget-wrap elementor-element-populated\">\n\t\t\t\t\t\t<div class=\"elementor-element elementor-element-e6957d7 elementor-widget elementor-widget-heading\" data-id=\"e6957d7\" data-element_type=\"widget\" data-widget_type=\"heading.default\">\n\t\t\t\t\t<h3 class=\"elementor-heading-title elementor-size-default\">Educaci\u00f3n y credenciales<\/h3>\t\t\t\t<\/div>\n\t\t\t\t<div class=\"elementor-element elementor-element-cb67941 elementor-widget elementor-widget-text-editor\" data-id=\"cb67941\" data-element_type=\"widget\" data-widget_type=\"text-editor.default\">\n\t\t\t\t\t\t\t\t\t<strong>Doctor en Ciencias M\u00e9dicas (PhD), Anatom\u00eda\/Regenerativa:<\/strong>\u00a0Escuela de Medicina, Fribourg, Suiza, 2011\r\n\r\n<strong>Doctor en Filosof\u00eda:<\/strong> Departamento de Filosof\u00eda de la Universidad Estatal de Mil\u00e1n, con especializaci\u00f3n en Ciencias- Mil\u00e1n, Italia, 1996\r\n\r\n<strong>Maestr\u00eda en Medicina (MD), con especializaci\u00f3n en Immunolog\u00eda e Inmunidad Gen\u00e9tica:<\/strong>\u00a0Escuela de Medicina\/Vida Cient\u00edfica de la Universidad de Manchester -Manchester, Reino Unido, 2009\r\n\r\n<strong>T\u00edtulo de Medicina Tradicional Oriental (Acupuntura<\/strong>): Instituto Tradicional de Medicina de Ho Chi Minh City, Vietnam, 2005\r\n\r\n<strong>Postgrado Certificado en Terapias contra el C\u00e1ncer<\/strong>: Barth Cancer Institute-Queen Mary University-London, Reino Unido, 2013\t\t\t\t\t\t\t\t<\/div>\n\t\t\t\t\t<\/div>\n\t\t<\/div>\n\t\t\t\t\t<\/div>\n\t\t<\/section>\n\t\t\t\t<\/div>\n\t\t","protected":false},"excerpt":{"rendered":"<p>Dr. Ciro Gargiulo M\u00e9dico asociado El Dr. Gargiulo est\u00e1 a cargo del Proyecto Internacional que incluye el Estudio y Aplicaci\u00f3n Cl\u00ednica de C\u00e9lulas Madre de sangre perif\u00e9rica humana en la piel, reconstrucci\u00f3n \u00f3sea (aplicaci\u00f3n de aumento maxilar y mandibular para inserci\u00f3n de implantes), Diabetes Mellitus tipo II, Trastornos Neurodegenerativos como MS, Ataxia y Parkinson. Desde [&hellip;]<\/p>\n","protected":false},"author":1,"featured_media":0,"parent":0,"menu_order":0,"comment_status":"closed","ping_status":"closed","template":"elementor_header_footer","meta":{"footnotes":""},"class_list":["post-8650","page","type-page","status-publish","hentry"],"_links":{"self":[{"href":"https:\/\/stemcells.suwebcr.com\/es\/wp-json\/wp\/v2\/pages\/8650","targetHints":{"allow":["GET"]}}],"collection":[{"href":"https:\/\/stemcells.suwebcr.com\/es\/wp-json\/wp\/v2\/pages"}],"about":[{"href":"https:\/\/stemcells.suwebcr.com\/es\/wp-json\/wp\/v2\/types\/page"}],"author":[{"embeddable":true,"href":"https:\/\/stemcells.suwebcr.com\/es\/wp-json\/wp\/v2\/users\/1"}],"replies":[{"embeddable":true,"href":"https:\/\/stemcells.suwebcr.com\/es\/wp-json\/wp\/v2\/comments?post=8650"}],"version-history":[{"count":0,"href":"https:\/\/stemcells.suwebcr.com\/es\/wp-json\/wp\/v2\/pages\/8650\/revisions"}],"wp:attachment":[{"href":"https:\/\/stemcells.suwebcr.com\/es\/wp-json\/wp\/v2\/media?parent=8650"}],"curies":[{"name":"wp","href":"https:\/\/api.w.org\/{rel}","templated":true}]}}