{"id":8638,"date":"2018-11-09T08:06:01","date_gmt":"2018-11-09T14:06:01","guid":{"rendered":"https:\/\/stemcells.suwebcr.com\/staff\/"},"modified":"2025-11-04T07:59:50","modified_gmt":"2025-11-04T13:59:50","slug":"staff","status":"publish","type":"page","link":"https:\/\/stemcells.suwebcr.com\/es\/staff\/","title":{"rendered":"Staff"},"content":{"rendered":"\t\t<div data-elementor-type=\"wp-post\" data-elementor-id=\"8638\" class=\"elementor elementor-8638 elementor-5865\" data-elementor-post-type=\"page\">\n\t\t\t\t\t\t<section class=\"elementor-section elementor-top-section elementor-element elementor-element-b2ffe04 elementor-section-full_width elementor-section-height-default elementor-section-height-default\" data-id=\"b2ffe04\" data-element_type=\"section\">\n\t\t\t\t\t\t<div class=\"elementor-container elementor-column-gap-default\">\n\t\t\t\t\t<div class=\"elementor-column elementor-col-100 elementor-top-column elementor-element elementor-element-f099159\" data-id=\"f099159\" data-element_type=\"column\">\n\t\t\t<div class=\"elementor-widget-wrap elementor-element-populated\">\n\t\t\t\t\t\t<div class=\"elementor-element elementor-element-b2cb15e elementor-widget elementor-widget-template\" data-id=\"b2cb15e\" data-element_type=\"widget\" data-widget_type=\"template.default\">\n\t\t\t\t<div class=\"elementor-widget-container\">\n\t\t\t\t\t\t\t<div class=\"elementor-template\">\n\t\t\t\t\t<div data-elementor-type=\"section\" data-elementor-id=\"24096\" class=\"elementor elementor-24096\" data-elementor-post-type=\"elementor_library\">\n\t\t\t\t\t<section class=\"elementor-section elementor-top-section elementor-element elementor-element-26c18c60 elementor-section-boxed elementor-section-height-default elementor-section-height-default\" data-id=\"26c18c60\" data-element_type=\"section\" data-settings=\"{&quot;background_background&quot;:&quot;classic&quot;}\">\n\t\t\t\t\t\t\t<div class=\"elementor-background-overlay\"><\/div>\n\t\t\t\t\t\t\t<div class=\"elementor-container elementor-column-gap-default\">\n\t\t\t\t\t<div class=\"elementor-column elementor-col-100 elementor-top-column elementor-element elementor-element-17e8046b\" data-id=\"17e8046b\" data-element_type=\"column\">\n\t\t\t<div class=\"elementor-widget-wrap elementor-element-populated\">\n\t\t\t\t\t\t<div class=\"elementor-element elementor-element-57175438 elementor-widget elementor-widget-heading\" data-id=\"57175438\" data-element_type=\"widget\" data-widget_type=\"heading.default\">\n\t\t\t\t\t<h2 class=\"elementor-heading-title elementor-size-medium\">&gt;&gt; Staff<\/h2>\t\t\t\t<\/div>\n\t\t\t\t\t<\/div>\n\t\t<\/div>\n\t\t\t\t\t<\/div>\n\t\t<\/section>\n\t\t\t\t<\/div>\n\t\t\t\t<\/div>\n\t\t\t\t\t\t<\/div>\n\t\t\t\t<\/div>\n\t\t\t\t\t<\/div>\n\t\t<\/div>\n\t\t\t\t\t<\/div>\n\t\t<\/section>\n\t\t<div class=\"elementor-element elementor-element-1fa6651 e-flex e-con-boxed e-con e-parent\" data-id=\"1fa6651\" data-element_type=\"container\" data-settings=\"{&quot;background_background&quot;:&quot;gradient&quot;,&quot;shape_divider_bottom&quot;:&quot;waves&quot;}\">\n\t\t\t\t\t<div class=\"e-con-inner\">\n\t\t\t\t<div class=\"elementor-shape elementor-shape-bottom\" aria-hidden=\"true\" data-negative=\"false\">\n\t\t\t<svg xmlns=\"http:\/\/www.w3.org\/2000\/svg\" viewBox=\"0 0 1000 100\" preserveAspectRatio=\"none\">\n\t<path class=\"elementor-shape-fill\" d=\"M421.9,6.5c22.6-2.5,51.5,0.4,75.5,5.3c23.6,4.9,70.9,23.5,100.5,35.7c75.8,32.2,133.7,44.5,192.6,49.7\n\tc23.6,2.1,48.7,3.5,103.4-2.5c54.7-6,106.2-25.6,106.2-25.6V0H0v30.3c0,0,72,32.6,158.4,30.5c39.2-0.7,92.8-6.7,134-22.4\n\tc21.2-8.1,52.2-18.2,79.7-24.2C399.3,7.9,411.6,7.5,421.9,6.5z\"\/>\n<\/svg>\t\t<\/div>\n\t\t<div class=\"elementor-element elementor-element-cdb3d20 e-con-full e-flex e-con e-child\" data-id=\"cdb3d20\" data-element_type=\"container\">\n\t\t\t\t<div class=\"elementor-element elementor-element-6d568f9 elementor-position-top elementor-position-top elementor-widget elementor-widget-image-box\" data-id=\"6d568f9\" data-element_type=\"widget\" data-widget_type=\"image-box.default\">\n\t\t\t\t\t<div class=\"elementor-image-box-wrapper\"><figure class=\"elementor-image-box-img\"><img fetchpriority=\"high\" decoding=\"async\" width=\"376\" height=\"470\" src=\"https:\/\/stemcells.suwebcr.com\/wp-content\/uploads\/2018\/11\/Dr-Leslie-Mesen-Stem-cells-transplant-institute.jpg\" class=\"attachment-full size-full wp-image-8639\" alt=\"Dr Leslie Mesen - Stem cells transplant institute\" srcset=\"https:\/\/stemcells.suwebcr.com\/wp-content\/uploads\/2018\/11\/Dr-Leslie-Mesen-Stem-cells-transplant-institute.jpg 376w, https:\/\/stemcells.suwebcr.com\/wp-content\/uploads\/2018\/11\/Dr-Leslie-Mesen-Stem-cells-transplant-institute-240x300.jpg 240w\" sizes=\"(max-width: 376px) 100vw, 376px\" \/><\/figure><div class=\"elementor-image-box-content\"><h3 class=\"elementor-image-box-title\">Dr Leslie Mesen<\/h3><p class=\"elementor-image-box-description\">Fundador<\/p><\/div><\/div>\t\t\t\t<\/div>\n\t\t\t\t<div class=\"elementor-element elementor-element-74919b7 elementor-hidden-desktop elementor-widget elementor-widget-n-accordion\" data-id=\"74919b7\" data-element_type=\"widget\" data-settings=\"{&quot;default_state&quot;:&quot;all_collapsed&quot;,&quot;max_items_expended&quot;:&quot;one&quot;,&quot;n_accordion_animation_duration&quot;:{&quot;unit&quot;:&quot;ms&quot;,&quot;size&quot;:400,&quot;sizes&quot;:[]}}\" data-widget_type=\"nested-accordion.default\">\n\t\t\t\t\t\t\t<div class=\"e-n-accordion\" aria-label=\"Accordion. Open links with Enter or Space, close with Escape, and navigate with Arrow Keys\">\n\t\t\t\t\t\t<details id=\"e-n-accordion-item-1220\" class=\"e-n-accordion-item\" >\n\t\t\t\t<summary class=\"e-n-accordion-item-title\" data-accordion-index=\"1\" tabindex=\"0\" aria-expanded=\"false\" aria-controls=\"e-n-accordion-item-1220\" >\n\t\t\t\t\t<span class='e-n-accordion-item-title-header'><div class=\"e-n-accordion-item-title-text\"> Ver la biograf\u00eda <\/div><\/span>\n\t\t\t\t\t\t\t<span class='e-n-accordion-item-title-icon'>\n\t\t\t<span class='e-opened' ><svg aria-hidden=\"true\" class=\"e-font-icon-svg e-fas-minus\" viewBox=\"0 0 448 512\" xmlns=\"http:\/\/www.w3.org\/2000\/svg\"><path d=\"M416 208H32c-17.67 0-32 14.33-32 32v32c0 17.67 14.33 32 32 32h384c17.67 0 32-14.33 32-32v-32c0-17.67-14.33-32-32-32z\"><\/path><\/svg><\/span>\n\t\t\t<span class='e-closed'><svg aria-hidden=\"true\" class=\"e-font-icon-svg e-fas-plus\" viewBox=\"0 0 448 512\" xmlns=\"http:\/\/www.w3.org\/2000\/svg\"><path d=\"M416 208H272V64c0-17.67-14.33-32-32-32h-32c-17.67 0-32 14.33-32 32v144H32c-17.67 0-32 14.33-32 32v32c0 17.67 14.33 32 32 32h144v144c0 17.67 14.33 32 32 32h32c17.67 0 32-14.33 32-32V304h144c17.67 0 32-14.33 32-32v-32c0-17.67-14.33-32-32-32z\"><\/path><\/svg><\/span>\n\t\t<\/span>\n\n\t\t\t\t\t\t<\/summary>\n\t\t\t\t<div role=\"region\" aria-labelledby=\"e-n-accordion-item-1220\" class=\"elementor-element elementor-element-85a76d9 e-con-full e-flex e-con e-child\" data-id=\"85a76d9\" data-element_type=\"container\">\n\t\t\t\t<div class=\"elementor-element elementor-element-6657322 elementor-widget elementor-widget-text-editor\" data-id=\"6657322\" data-element_type=\"widget\" data-widget_type=\"text-editor.default\">\n\t\t\t\t\t\t\t\t\t<p>El Dr. Leslie Mesen, fundador visionario de Stem Cells Transplant Institute en San Jos\u00e9, Costa Rica, se especializ\u00f3 en el tratamiento de enfermedades humanas con c\u00e9lulas madre mesenquimales. Tambi\u00e9n cofund\u00f3 la Anti-Aging and Wellness Clinic, liderando su expansi\u00f3n a m\u00faltiples pa\u00edses de <span style=\"color: var( --e-global-color-accent ); font-family: var( --e-global-typography-text-font-family ), Sans-serif; font-weight: var( --e-global-typography-text-font-weight ); text-align: var(--text-align); background-color: transparent;\">Am\u00e9rica<\/span>.<\/p><p>El Dr. Mesen fue ampliamente reconocido por sus contribuciones a la atenci\u00f3n sanitaria, y recibi\u00f3 numerosos premios y honores a lo largo de su carrera. Pose\u00eda tres doctorados, lo que subraya su profundo compromiso con la investigaci\u00f3n y la innovaci\u00f3n m\u00e9dica.<\/p><p>Su dedicaci\u00f3n a la atenci\u00f3n al paciente y a la excelencia m\u00e9dica sent\u00f3 las bases tanto del Instituto de Trasplante de C\u00e9lulas Madre como de la Cl\u00ednica de Antienvejecimiento y Bienestar. El legado del Dr. Mesen sigue inspirando nuestro trabajo, centrado en mejorar la calidad de vida de los pacientes mediante la investigaci\u00f3n de vanguardia y la atenci\u00f3n personalizada. Aunque ya no est\u00e1 con nosotros, su esp\u00edritu permanece en el coraz\u00f3n de nuestra misi\u00f3n.<\/p>\t\t\t\t\t\t\t\t<\/div>\n\t\t\t\t<\/div>\n\t\t\t\t\t<\/details>\n\t\t\t\t\t<\/div>\n\t\t\t\t\t\t<\/div>\n\t\t\t\t<\/div>\n\t\t<div class=\"elementor-element elementor-element-c7d0be2 e-con-full elementor-hidden-tablet elementor-hidden-mobile e-flex e-con e-child\" data-id=\"c7d0be2\" data-element_type=\"container\">\n\t\t\t\t<div class=\"elementor-element elementor-element-40bce77 elementor-widget elementor-widget-text-editor\" data-id=\"40bce77\" data-element_type=\"widget\" data-widget_type=\"text-editor.default\">\n\t\t\t\t\t\t\t\t\t<p>El Dr. Leslie Mesen, fundador visionario de Stem Cells Transplant Institute en San Jos\u00e9, Costa Rica, se especializ\u00f3 en el tratamiento de enfermedades humanas con c\u00e9lulas madre mesenquimales. Tambi\u00e9n cofund\u00f3 la Anti-Aging and Wellness Clinic, liderando su expansi\u00f3n a m\u00faltiples pa\u00edses de <span style=\"color: var( --e-global-color-accent ); font-family: var( --e-global-typography-text-font-family ), Sans-serif; font-weight: var( --e-global-typography-text-font-weight ); text-align: var(--text-align); background-color: transparent;\">Am\u00e9rica<\/span>.<\/p><p>El Dr. Mesen fue ampliamente reconocido por sus contribuciones a la atenci\u00f3n sanitaria, y recibi\u00f3 numerosos premios y honores a lo largo de su carrera. Pose\u00eda tres doctorados, lo que subraya su profundo compromiso con la investigaci\u00f3n y la innovaci\u00f3n m\u00e9dica.<\/p><p>Su dedicaci\u00f3n a la atenci\u00f3n al paciente y a la excelencia m\u00e9dica sent\u00f3 las bases tanto del Instituto de Trasplante de C\u00e9lulas Madre como de la Cl\u00ednica de Antienvejecimiento y Bienestar. El legado del Dr. Mesen sigue inspirando nuestro trabajo, centrado en mejorar la calidad de vida de los pacientes mediante la investigaci\u00f3n de vanguardia y la atenci\u00f3n personalizada. Aunque ya no est\u00e1 con nosotros, su esp\u00edritu permanece en el coraz\u00f3n de nuestra misi\u00f3n.<\/p>\t\t\t\t\t\t\t\t<\/div>\n\t\t\t\t<\/div>\n\t\t\t\t\t<\/div>\n\t\t\t\t<\/div>\n\t\t\t\t<section class=\"elementor-section elementor-top-section elementor-element elementor-element-4d3c08a elementor-section-boxed elementor-section-height-default elementor-section-height-default\" data-id=\"4d3c08a\" data-element_type=\"section\" data-settings=\"{&quot;background_background&quot;:&quot;classic&quot;}\">\n\t\t\t\t\t\t\t<div class=\"elementor-background-overlay\"><\/div>\n\t\t\t\t\t\t\t<div class=\"elementor-container elementor-column-gap-default\">\n\t\t\t\t\t<div class=\"elementor-column elementor-col-100 elementor-top-column elementor-element elementor-element-1c670b7\" data-id=\"1c670b7\" data-element_type=\"column\" data-settings=\"{&quot;background_background&quot;:&quot;classic&quot;}\">\n\t\t\t<div class=\"elementor-widget-wrap elementor-element-populated\">\n\t\t\t\t\t<div class=\"elementor-background-overlay\"><\/div>\n\t\t\t\t\t\t<div class=\"elementor-element elementor-element-95b9268 elementor-widget elementor-widget-heading\" data-id=\"95b9268\" data-element_type=\"widget\" data-widget_type=\"heading.default\">\n\t\t\t\t\t<h2 class=\"elementor-heading-title elementor-size-default\">Staff<\/h2>\t\t\t\t<\/div>\n\t\t\t\t<div class=\"elementor-element elementor-element-6878cf8 elementor-widget__width-initial elementor-widget-tablet__width-initial elementor-widget-mobile__width-initial elementor-position-top elementor-widget elementor-widget-image-box\" data-id=\"6878cf8\" data-element_type=\"widget\" data-widget_type=\"image-box.default\">\n\t\t\t\t\t<div class=\"elementor-image-box-wrapper\"><figure class=\"elementor-image-box-img\"><img decoding=\"async\" width=\"376\" height=\"470\" src=\"https:\/\/stemcells.suwebcr.com\/wp-content\/uploads\/2025\/01\/dra-heidy-chaves.jpg\" class=\"attachment-full size-full wp-image-28150\" alt=\"\" srcset=\"https:\/\/stemcells.suwebcr.com\/wp-content\/uploads\/2025\/01\/dra-heidy-chaves.jpg 376w, https:\/\/stemcells.suwebcr.com\/wp-content\/uploads\/2025\/01\/dra-heidy-chaves-240x300.jpg 240w\" sizes=\"(max-width: 376px) 100vw, 376px\" \/><\/figure><div class=\"elementor-image-box-content\"><h3 class=\"elementor-image-box-title\">Dra. Heidy Chaves<\/h3><p class=\"elementor-image-box-description\">M\u00e9dico<\/p><\/div><\/div>\t\t\t\t<\/div>\n\t\t\t\t<div class=\"elementor-element elementor-element-ee5902c elementor-widget__width-initial elementor-widget-tablet__width-initial elementor-widget-mobile__width-initial elementor-position-top elementor-widget elementor-widget-image-box\" data-id=\"ee5902c\" data-element_type=\"widget\" data-widget_type=\"image-box.default\">\n\t\t\t\t\t<div class=\"elementor-image-box-wrapper\"><figure class=\"elementor-image-box-img\"><img decoding=\"async\" width=\"376\" height=\"470\" src=\"https:\/\/stemcells.suwebcr.com\/wp-content\/uploads\/2024\/07\/Andres-Alpizar.jpg\" class=\"attachment-full size-full wp-image-27902\" alt=\"\" srcset=\"https:\/\/stemcells.suwebcr.com\/wp-content\/uploads\/2024\/07\/Andres-Alpizar.jpg 376w, https:\/\/stemcells.suwebcr.com\/wp-content\/uploads\/2024\/07\/Andres-Alpizar-240x300.jpg 240w\" sizes=\"(max-width: 376px) 100vw, 376px\" \/><\/figure><div class=\"elementor-image-box-content\"><h3 class=\"elementor-image-box-title\">Dr. Andres Alpizar MQC<\/h3><p class=\"elementor-image-box-description\">Jefe de laboratorio<\/p><\/div><\/div>\t\t\t\t<\/div>\n\t\t\t\t<div class=\"elementor-element elementor-element-54b1759 elementor-widget__width-initial elementor-widget-tablet__width-initial elementor-widget-mobile__width-initial elementor-position-top elementor-widget elementor-widget-image-box\" data-id=\"54b1759\" data-element_type=\"widget\" data-widget_type=\"image-box.default\">\n\t\t\t\t\t<div class=\"elementor-image-box-wrapper\"><figure class=\"elementor-image-box-img\"><img loading=\"lazy\" decoding=\"async\" width=\"376\" height=\"470\" src=\"https:\/\/stemcells.suwebcr.com\/wp-content\/uploads\/2024\/07\/Ronald-Alvarado.jpg\" class=\"attachment-full size-full wp-image-27904\" alt=\"\" srcset=\"https:\/\/stemcells.suwebcr.com\/wp-content\/uploads\/2024\/07\/Ronald-Alvarado.jpg 376w, https:\/\/stemcells.suwebcr.com\/wp-content\/uploads\/2024\/07\/Ronald-Alvarado-240x300.jpg 240w\" sizes=\"(max-width: 376px) 100vw, 376px\" \/><\/figure><div class=\"elementor-image-box-content\"><h3 class=\"elementor-image-box-title\">Ronald Alvarado<\/h3><p class=\"elementor-image-box-description\">Jefe de Procesamiento de Est\u00e9riles e Inventario M\u00e9dico<\/p><\/div><\/div>\t\t\t\t<\/div>\n\t\t\t\t<div class=\"elementor-element elementor-element-87e130a elementor-widget__width-initial elementor-widget-tablet__width-initial elementor-widget-mobile__width-initial elementor-position-top elementor-widget elementor-widget-image-box\" data-id=\"87e130a\" data-element_type=\"widget\" data-widget_type=\"image-box.default\">\n\t\t\t\t\t<div class=\"elementor-image-box-wrapper\"><figure class=\"elementor-image-box-img\"><img loading=\"lazy\" decoding=\"async\" width=\"376\" height=\"470\" src=\"https:\/\/stemcells.suwebcr.com\/wp-content\/uploads\/2025\/10\/Priscilla.jpg\" class=\"attachment-full size-full wp-image-28274\" alt=\"\" srcset=\"https:\/\/stemcells.suwebcr.com\/wp-content\/uploads\/2025\/10\/Priscilla.jpg 376w, https:\/\/stemcells.suwebcr.com\/wp-content\/uploads\/2025\/10\/Priscilla-240x300.jpg 240w\" sizes=\"(max-width: 376px) 100vw, 376px\" \/><\/figure><div class=\"elementor-image-box-content\"><h3 class=\"elementor-image-box-title\">Priscilla Arrollo<\/h3><p class=\"elementor-image-box-description\">Enfermera<\/p><\/div><\/div>\t\t\t\t<\/div>\n\t\t\t\t<div class=\"elementor-element elementor-element-ac17f8c elementor-widget__width-initial elementor-widget-tablet__width-initial elementor-widget-mobile__width-initial elementor-position-top elementor-widget elementor-widget-image-box\" data-id=\"ac17f8c\" data-element_type=\"widget\" data-widget_type=\"image-box.default\">\n\t\t\t\t\t<div class=\"elementor-image-box-wrapper\"><figure class=\"elementor-image-box-img\"><img loading=\"lazy\" decoding=\"async\" width=\"376\" height=\"470\" src=\"https:\/\/stemcells.suwebcr.com\/wp-content\/uploads\/2024\/07\/Aniuska-Ruiz.jpg\" class=\"attachment-full size-full wp-image-27910\" alt=\"\" srcset=\"https:\/\/stemcells.suwebcr.com\/wp-content\/uploads\/2024\/07\/Aniuska-Ruiz.jpg 376w, https:\/\/stemcells.suwebcr.com\/wp-content\/uploads\/2024\/07\/Aniuska-Ruiz-240x300.jpg 240w\" sizes=\"(max-width: 376px) 100vw, 376px\" \/><\/figure><div class=\"elementor-image-box-content\"><h3 class=\"elementor-image-box-title\">Aniuska Ruiz<\/h3><p class=\"elementor-image-box-description\">Enfermera especializada<\/p><\/div><\/div>\t\t\t\t<\/div>\n\t\t\t\t<div class=\"elementor-element elementor-element-cda024a elementor-widget__width-initial elementor-widget-tablet__width-initial elementor-widget-mobile__width-initial elementor-position-top elementor-widget elementor-widget-image-box\" data-id=\"cda024a\" data-element_type=\"widget\" data-widget_type=\"image-box.default\">\n\t\t\t\t\t<div class=\"elementor-image-box-wrapper\"><figure class=\"elementor-image-box-img\"><img loading=\"lazy\" decoding=\"async\" width=\"376\" height=\"470\" src=\"https:\/\/stemcells.suwebcr.com\/wp-content\/uploads\/2024\/07\/Iony-Madrigal.jpg\" class=\"attachment-full size-full wp-image-27906\" alt=\"\" srcset=\"https:\/\/stemcells.suwebcr.com\/wp-content\/uploads\/2024\/07\/Iony-Madrigal.jpg 376w, https:\/\/stemcells.suwebcr.com\/wp-content\/uploads\/2024\/07\/Iony-Madrigal-240x300.jpg 240w\" sizes=\"(max-width: 376px) 100vw, 376px\" \/><\/figure><div class=\"elementor-image-box-content\"><h3 class=\"elementor-image-box-title\">Iony Madrigal<\/h3><p class=\"elementor-image-box-description\">Coordinador de pacientes<\/p><\/div><\/div>\t\t\t\t<\/div>\n\t\t\t\t<div class=\"elementor-element elementor-element-bfe1291 elementor-widget__width-initial elementor-widget-tablet__width-initial elementor-widget-mobile__width-initial elementor-position-top elementor-widget elementor-widget-image-box\" data-id=\"bfe1291\" data-element_type=\"widget\" data-widget_type=\"image-box.default\">\n\t\t\t\t\t<div class=\"elementor-image-box-wrapper\"><figure class=\"elementor-image-box-img\"><img loading=\"lazy\" decoding=\"async\" width=\"376\" height=\"470\" src=\"https:\/\/stemcells.suwebcr.com\/wp-content\/uploads\/2025\/09\/jose-castro.jpg\" class=\"attachment-full size-full wp-image-28266\" alt=\"\" srcset=\"https:\/\/stemcells.suwebcr.com\/wp-content\/uploads\/2025\/09\/jose-castro.jpg 376w, https:\/\/stemcells.suwebcr.com\/wp-content\/uploads\/2025\/09\/jose-castro-240x300.jpg 240w\" sizes=\"(max-width: 376px) 100vw, 376px\" \/><\/figure><div class=\"elementor-image-box-content\"><h3 class=\"elementor-image-box-title\">Jos\u00e9 Castro<\/h3><p class=\"elementor-image-box-description\">Coordinador de pacientes<\/p><\/div><\/div>\t\t\t\t<\/div>\n\t\t\t\t\t<\/div>\n\t\t<\/div>\n\t\t\t\t\t<\/div>\n\t\t<\/section>\n\t\t\t\t<\/div>\n\t\t","protected":false},"excerpt":{"rendered":"<p>Dr Leslie Mesen Fundador Ver la biograf\u00eda El Dr. Leslie Mesen, fundador visionario de Stem Cells Transplant Institute en San Jos\u00e9, Costa Rica, se especializ\u00f3 en el tratamiento de enfermedades humanas con c\u00e9lulas madre mesenquimales. Tambi\u00e9n cofund\u00f3 la Anti-Aging and Wellness Clinic, liderando su expansi\u00f3n a m\u00faltiples pa\u00edses de Am\u00e9rica. El Dr. Mesen fue ampliamente [&hellip;]<\/p>\n","protected":false},"author":1,"featured_media":0,"parent":0,"menu_order":0,"comment_status":"closed","ping_status":"closed","template":"elementor_header_footer","meta":{"footnotes":""},"class_list":["post-8638","page","type-page","status-publish","hentry"],"_links":{"self":[{"href":"https:\/\/stemcells.suwebcr.com\/es\/wp-json\/wp\/v2\/pages\/8638","targetHints":{"allow":["GET"]}}],"collection":[{"href":"https:\/\/stemcells.suwebcr.com\/es\/wp-json\/wp\/v2\/pages"}],"about":[{"href":"https:\/\/stemcells.suwebcr.com\/es\/wp-json\/wp\/v2\/types\/page"}],"author":[{"embeddable":true,"href":"https:\/\/stemcells.suwebcr.com\/es\/wp-json\/wp\/v2\/users\/1"}],"replies":[{"embeddable":true,"href":"https:\/\/stemcells.suwebcr.com\/es\/wp-json\/wp\/v2\/comments?post=8638"}],"version-history":[{"count":7,"href":"https:\/\/stemcells.suwebcr.com\/es\/wp-json\/wp\/v2\/pages\/8638\/revisions"}],"predecessor-version":[{"id":28293,"href":"https:\/\/stemcells.suwebcr.com\/es\/wp-json\/wp\/v2\/pages\/8638\/revisions\/28293"}],"wp:attachment":[{"href":"https:\/\/stemcells.suwebcr.com\/es\/wp-json\/wp\/v2\/media?parent=8638"}],"curies":[{"name":"wp","href":"https:\/\/api.w.org\/{rel}","templated":true}]}}