{"id":6180,"date":"2019-01-30T21:57:21","date_gmt":"2019-01-31T03:57:21","guid":{"rendered":"https:\/\/stemcells.suwebcr.com\/?page_id=6180"},"modified":"2019-08-29T09:52:16","modified_gmt":"2019-08-29T15:52:16","slug":"stem-cells-transplant-institute-en-costa-rica-ahora-cuenta-con-celulas-madre-de-cordon-umbilical","status":"publish","type":"page","link":"https:\/\/stemcells.suwebcr.com\/es\/stem-cells-transplant-institute-en-costa-rica-ahora-cuenta-con-celulas-madre-de-cordon-umbilical\/","title":{"rendered":"Stem Cells Transplant Institute en Costa Rica ahora cuenta con c\u00e9lulas madre de cord\u00f3n umbilical"},"content":{"rendered":"\t\t<div data-elementor-type=\"wp-post\" data-elementor-id=\"6180\" class=\"elementor elementor-6180\" data-elementor-post-type=\"page\">\n\t\t\t\t\t\t<section class=\"elementor-section elementor-top-section elementor-element elementor-element-1fcb9e6d elementor-section-boxed elementor-section-height-default elementor-section-height-default\" data-id=\"1fcb9e6d\" data-element_type=\"section\">\n\t\t\t\t\t\t<div class=\"elementor-container elementor-column-gap-default\">\n\t\t\t\t\t<div class=\"elementor-column elementor-col-100 elementor-top-column elementor-element elementor-element-1791a8c9\" data-id=\"1791a8c9\" data-element_type=\"column\">\n\t\t\t<div class=\"elementor-widget-wrap elementor-element-populated\">\n\t\t\t\t\t\t<div class=\"elementor-element elementor-element-eb08a4a elementor-widget elementor-widget-heading\" data-id=\"eb08a4a\" data-element_type=\"widget\" data-widget_type=\"heading.default\">\n\t\t\t\t\t<h2 class=\"elementor-heading-title elementor-size-default\">Stem Cells Transplant Institute en Costa Rica ahora cuenta con c\u00e9lulas madre de cord\u00f3n umbilical<\/h2>\t\t\t\t<\/div>\n\t\t\t\t<div class=\"elementor-element elementor-element-edfcf41 elementor-widget elementor-widget-image\" data-id=\"edfcf41\" data-element_type=\"widget\" data-widget_type=\"image.default\">\n\t\t\t\t\t\t\t\t\t\t\t\t\t\t\t<img fetchpriority=\"high\" decoding=\"async\" width=\"750\" height=\"420\" src=\"https:\/\/stemcells.suwebcr.com\/wp-content\/uploads\/2019\/01\/celulas-madre-de-cordon-umbilical-en-costa-rica.png\" class=\"attachment-large size-large wp-image-6181\" alt=\"C\u00e9lulas Madre Cord\u00f3n Umbilical en Costa Rica\" srcset=\"https:\/\/stemcells.suwebcr.com\/wp-content\/uploads\/2019\/01\/celulas-madre-de-cordon-umbilical-en-costa-rica.png 750w, https:\/\/stemcells.suwebcr.com\/wp-content\/uploads\/2019\/01\/celulas-madre-de-cordon-umbilical-en-costa-rica-300x168.png 300w\" sizes=\"(max-width: 750px) 100vw, 750px\" \/>\t\t\t\t\t\t\t\t\t\t\t\t\t\t\t<\/div>\n\t\t\t\t<div class=\"elementor-element elementor-element-732e722d elementor-widget elementor-widget-text-editor\" data-id=\"732e722d\" data-element_type=\"widget\" data-widget_type=\"text-editor.default\">\n\t\t\t\t\t\t\t\t\tLa terapia con c\u00e9lulas madre, en combinaci\u00f3n con factores de crecimiento y antioxidantes, ha demostrado que es una de las mejores opciones terap\u00e9uticas para varias enfermedades como: enfermedad de Alzheimer, enfermedad de Parkinson, osteoartritis, artritis reumatoide, lupus, enfermedad cardiovascular, diabetes, esclerosis m\u00faltiple, lesi\u00f3n de la m\u00e9dula espinal, quemaduras, disfunci\u00f3n er\u00e9ctil y EPOC, as\u00ed como un m\u00e9todo natural para combatir signos y s\u00edntomas del envejecimiento. La terapia con c\u00e9lulas madre mejora la regeneraci\u00f3n celular y favorece la curaci\u00f3n y reparaci\u00f3n de tejidos.\r\n\r\nEn <strong><em>Stem Cells Transplant Institute<\/em><\/strong> en Costa Rica ofrecemos:\r\n<ol>\r\n \t<li>C\u00e9lulas madre derivadas de tejido adiposo.<\/li>\r\n \t<li>C\u00e9lulas madre derivadas de la m\u00e9dula \u00f3sea.<\/li>\r\n \t<li>\u00a1Ahora disponible! C\u00e9lulas madre derivadas del cord\u00f3n umbilical<\/li>\r\n<\/ol>\r\n<h3><strong>\u00bfQu\u00e9 son las c\u00e9lulas madre?<\/strong><\/h3>\r\nLas c\u00e9lulas madre son un tipo de c\u00e9lula indiferenciada que tiene la capacidad de generar c\u00e9lulas espec\u00edficas y especializadas. Se puede guiar a las c\u00e9lulas madre para que se conviertan en un tipo espec\u00edfico de c\u00e9lulas, lo que permite a los m\u00e9dicos capacitados en el campo de la medicina regenerativa utilizar c\u00e9lulas madre para el tratamiento de ciertas enfermedades y reparaci\u00f3n de tejidos da\u00f1ados. Las c\u00e9lulas madre son atra\u00eddas hacia el sitio de la lesi\u00f3n, donde se convierten en el tipo de c\u00e9lula necesaria para reparar o curar el tejido da\u00f1ado.\r\n<h3><strong>\u00a0<\/strong><strong>\u00bfCu\u00e1les son las diferencias entre los diferentes tipos de c\u00e9lulas madre?<\/strong><\/h3>\r\n<strong>\u00a0<\/strong>Las c\u00e9lulas madre mesenquimales (CMM) son ideales para el tratamiento de muchos tipos de lesiones y enfermedades y pueden derivarse de muchos tipos diferentes de tejido, incluida la m\u00e9dula \u00f3sea, el tejido adiposo y la sangre del cord\u00f3n umbilical.\r\n\r\n<strong>Las c\u00e9lulas madre derivadas de la m\u00e9dula \u00f3sea (BMSC)<\/strong> se pueden extraer de un paciente o un donante por aspiraci\u00f3n, generalmente de la cresta il\u00edaca o del estern\u00f3n. Las c\u00e9lulas madre de la m\u00e9dula \u00f3sea se usan m\u00e1s com\u00fanmente en los trasplantes de m\u00e9dula \u00f3sea en pacientes con diagn\u00f3stico de leucemia o ciertos tipos de enfermedades hematopoy\u00e9ticas. Los estudios han demostrado que las c\u00e9lulas madre derivadas de la m\u00e9dula \u00f3sea son un tratamiento eficaz para algunos trastornos cr\u00f3nicos o degenerativos. El proceso para extraer las c\u00e9lulas madre de la m\u00e9dula \u00f3sea puede ser doloroso, pero en nuestra hacemos todo lo posible para cualquier molestia o dolor sea m\u00ednimo.\r\n\r\n<strong>Las c\u00e9lulas derivadas de tejido adiposo (AMSC)<\/strong> se extraen quir\u00fargicamente del tejido adiposo del propio paciente, mediante liposucci\u00f3n. El tejido adiposo es de f\u00e1cil acceso y proporciona una fuente rica y abundante de c\u00e9lulas madre adultas pluripotenciales. Este tipo de c\u00e9lulas madre se recolectan r\u00e1pida y f\u00e1cilmente; adem\u00e1s, solo se necesita una peque\u00f1a cantidad de tejido adiposo. El proceso para recolectar c\u00e9lulas madre derivadas de tejido adiposo es menos invasivo, m\u00e1s seguro, menos doloroso y m\u00e1s r\u00e1pido que recolectar c\u00e9lulas madre de la m\u00e9dula \u00f3sea.\r\n\r\n<strong>Los c\u00e9lulas madre derivados del cord\u00f3n umbilical (HUCT-MSC)<\/strong> se derivan del cord\u00f3n umbilical. Utilizamos solo c\u00e9lulas madre del cord\u00f3n umbilical .\r\n<h3><strong>\u00bfC\u00f3mo funciona la terapia con c\u00e9lulas madre?<\/strong><\/h3>\r\nLas c\u00e9lulas madre mesenquimales (MSC) se encuentra de forma natural en los tejidos y reparan el tejido lesionado o enfermo, sin embargo; una persona que sufre una lesi\u00f3n grave o una enfermedad degenerativa, puede no tener cantidades suficientes de c\u00e9lulas madre o no ser capaz de liberar las c\u00e9lulas madre con la rapidez necesaria para reparar el tejido da\u00f1ado.\r\n\r\nLas investigaciones han demostrado que las c\u00e9lulas madre mesenquimales tienen la capacidad de regenerar el tejido da\u00f1ado o lesionado, modular el sistema inmunol\u00f3gico, disminuir los mediadores proinflamatorios, liberar factores de crecimiento, citoquinas y quimiocinas que ayudan a la curaci\u00f3n y en la formaci\u00f3n de nuevos vasos sangu\u00edneos al tiempo que suprimen la inflamaci\u00f3n.\r\n\r\nLas c\u00e9lulas madre mesenquimales tienen la capacidad de:\r\n<ul>\r\n \t<li>Promover la autocuraci\u00f3n.<\/li>\r\n \t<li>Posee potentes capacidades antiinflamatorias.<\/li>\r\n \t<li>Modular respuestas anormales del sistema inmune<\/li>\r\n \t<li>Prevenir da\u00f1os prematuros adicionales en c\u00e9lulas y tejidos.<\/li>\r\n \t<li>Reducir las cicatrices<\/li>\r\n \t<li>Estimular el crecimiento de nuevos vasos sangu\u00edneos mejorando el flujo sangu\u00edneo.<\/li>\r\n<\/ul>\r\n<h3><strong>Por qu\u00e9 la terapia con c\u00e9lulas madre?<\/strong><\/h3>\r\nLas c\u00e9lulas madre tienen la capacidad de reparar y regenerar cualquier tipo de c\u00e9lula o tejido humano. La terapia con c\u00e9lulas madre es un procedimiento m\u00e9dico que utiliza c\u00e9lulas madre para reparar el tejido da\u00f1ado por ciertas enfermedades o lesiones f\u00edsicas. La terapia con c\u00e9lulas madre puede ofrecer alivio a los pacientes que sufren dolor cr\u00f3nico, lesiones dif\u00edciles de curar y ciertas afecciones cr\u00f3nicas con pocas opciones de tratamiento a trav\u00e9s de la medicina convencional.\r\n\r\nEn los Estados Unidos y otras partes del mundo, la terapia con c\u00e9lulas madre est\u00e1 disponible solamente para los pocos pacientes que tienen acceso a un ensayo cl\u00ednico, dado a que la FDA no ha aprobado ning\u00fan producto basado en c\u00e9lulas madre que no sea para ciertos trastornos sangu\u00edneos. <strong><em>Stem Cells Transplant Institute<\/em><\/strong> \u00a0proporciona acceso a terapias con c\u00e9lulas madre de la m\u00e1s alta calidad.\t\t\t\t\t\t\t\t<\/div>\n\t\t\t\t\t<\/div>\n\t\t<\/div>\n\t\t\t\t\t<\/div>\n\t\t<\/section>\n\t\t\t\t<section class=\"elementor-section elementor-top-section elementor-element elementor-element-9fd6daa elementor-section-boxed elementor-section-height-default elementor-section-height-default\" data-id=\"9fd6daa\" data-element_type=\"section\">\n\t\t\t\t\t\t<div class=\"elementor-container elementor-column-gap-default\">\n\t\t\t\t\t<div class=\"elementor-column elementor-col-100 elementor-top-column elementor-element elementor-element-19ef135\" data-id=\"19ef135\" data-element_type=\"column\">\n\t\t\t<div class=\"elementor-widget-wrap elementor-element-populated\">\n\t\t\t\t\t\t<div class=\"elementor-element elementor-element-5403ad1 elementor-widget elementor-widget-heading\" data-id=\"5403ad1\" data-element_type=\"widget\" data-widget_type=\"heading.default\">\n\t\t\t\t\t<h2 class=\"elementor-heading-title elementor-size-default\">Cont\u00e1ctenos para brindarle una mejor asesor\u00eda<\/h2>\t\t\t\t<\/div>\n\t\t\t\t\t<\/div>\n\t\t<\/div>\n\t\t\t\t\t<\/div>\n\t\t<\/section>\n\t\t\t\t<\/div>\n\t\t","protected":false},"excerpt":{"rendered":"<p>Stem Cells Transplant Institute en Costa Rica ahora cuenta con c\u00e9lulas madre de cord\u00f3n umbilical La terapia con c\u00e9lulas madre, en combinaci\u00f3n con factores de crecimiento y antioxidantes, ha demostrado que es una de las mejores opciones terap\u00e9uticas para varias enfermedades como: enfermedad de Alzheimer, enfermedad de Parkinson, osteoartritis, artritis reumatoide, lupus, enfermedad cardiovascular, diabetes, [&hellip;]<\/p>\n","protected":false},"author":1,"featured_media":6181,"parent":0,"menu_order":0,"comment_status":"closed","ping_status":"closed","template":"elementor_header_footer","meta":{"footnotes":""},"class_list":["post-6180","page","type-page","status-publish","has-post-thumbnail","hentry"],"_links":{"self":[{"href":"https:\/\/stemcells.suwebcr.com\/es\/wp-json\/wp\/v2\/pages\/6180","targetHints":{"allow":["GET"]}}],"collection":[{"href":"https:\/\/stemcells.suwebcr.com\/es\/wp-json\/wp\/v2\/pages"}],"about":[{"href":"https:\/\/stemcells.suwebcr.com\/es\/wp-json\/wp\/v2\/types\/page"}],"author":[{"embeddable":true,"href":"https:\/\/stemcells.suwebcr.com\/es\/wp-json\/wp\/v2\/users\/1"}],"replies":[{"embeddable":true,"href":"https:\/\/stemcells.suwebcr.com\/es\/wp-json\/wp\/v2\/comments?post=6180"}],"version-history":[{"count":0,"href":"https:\/\/stemcells.suwebcr.com\/es\/wp-json\/wp\/v2\/pages\/6180\/revisions"}],"wp:featuredmedia":[{"embeddable":true,"href":"https:\/\/stemcells.suwebcr.com\/es\/wp-json\/wp\/v2\/media\/6181"}],"wp:attachment":[{"href":"https:\/\/stemcells.suwebcr.com\/es\/wp-json\/wp\/v2\/media?parent=6180"}],"curies":[{"name":"wp","href":"https:\/\/api.w.org\/{rel}","templated":true}]}}