{"id":4281,"date":"2017-12-13T12:26:22","date_gmt":"2017-12-13T18:26:22","guid":{"rendered":"https:\/\/stemcells.suwebcr.com\/?page_id=4281"},"modified":"2019-05-24T00:26:42","modified_gmt":"2019-05-24T06:26:42","slug":"turismo-medico","status":"publish","type":"page","link":"https:\/\/stemcells.suwebcr.com\/es\/turismo-medico\/","title":{"rendered":"Turismo M\u00e9dico"},"content":{"rendered":"\t\t<div data-elementor-type=\"wp-post\" data-elementor-id=\"4281\" class=\"elementor elementor-4281 elementor-4006\" data-elementor-post-type=\"page\">\n\t\t\t\t\t\t<section class=\"elementor-section elementor-top-section elementor-element elementor-element-4418dfc3 elementor-section-stretched elementor-section-boxed elementor-section-height-default elementor-section-height-default\" data-id=\"4418dfc3\" data-element_type=\"section\" data-settings=\"{&quot;stretch_section&quot;:&quot;section-stretched&quot;,&quot;background_background&quot;:&quot;classic&quot;}\">\n\t\t\t\t\t\t\t<div class=\"elementor-background-overlay\"><\/div>\n\t\t\t\t\t\t\t<div class=\"elementor-container elementor-column-gap-default\">\n\t\t\t\t\t<div class=\"elementor-column elementor-col-100 elementor-top-column elementor-element elementor-element-4db27ef8\" data-id=\"4db27ef8\" data-element_type=\"column\">\n\t\t\t<div class=\"elementor-widget-wrap elementor-element-populated\">\n\t\t\t\t\t\t<div class=\"elementor-element elementor-element-19e400eb elementor-widget elementor-widget-heading\" data-id=\"19e400eb\" data-element_type=\"widget\" data-widget_type=\"heading.default\">\n\t\t\t\t\t<h2 class=\"elementor-heading-title elementor-size-default\">Turismo M\u00e9dico <\/h2>\t\t\t\t<\/div>\n\t\t\t\t\t<\/div>\n\t\t<\/div>\n\t\t\t\t\t<\/div>\n\t\t<\/section>\n\t\t\t\t<section class=\"elementor-section elementor-top-section elementor-element elementor-element-6f5bda92 elementor-section-stretched elementor-section-boxed elementor-section-height-default elementor-section-height-default\" data-id=\"6f5bda92\" data-element_type=\"section\" data-settings=\"{&quot;stretch_section&quot;:&quot;section-stretched&quot;}\">\n\t\t\t\t\t\t<div class=\"elementor-container elementor-column-gap-default\">\n\t\t\t\t\t<div class=\"elementor-column elementor-col-100 elementor-top-column elementor-element elementor-element-76ef7603\" data-id=\"76ef7603\" data-element_type=\"column\">\n\t\t\t<div class=\"elementor-widget-wrap elementor-element-populated\">\n\t\t\t\t\t\t<section class=\"elementor-section elementor-inner-section elementor-element elementor-element-4e3b1238 elementor-section-boxed elementor-section-height-default elementor-section-height-default\" data-id=\"4e3b1238\" data-element_type=\"section\">\n\t\t\t\t\t\t<div class=\"elementor-container elementor-column-gap-default\">\n\t\t\t\t\t<div class=\"elementor-column elementor-col-50 elementor-inner-column elementor-element elementor-element-3000cad8\" data-id=\"3000cad8\" data-element_type=\"column\">\n\t\t\t<div class=\"elementor-widget-wrap elementor-element-populated\">\n\t\t\t\t\t\t<div class=\"elementor-element elementor-element-48e4c0b8 elementor-widget elementor-widget-image\" data-id=\"48e4c0b8\" data-element_type=\"widget\" data-widget_type=\"image.default\">\n\t\t\t\t\t\t\t\t\t\t\t\t\t\t\t<img fetchpriority=\"high\" decoding=\"async\" width=\"600\" height=\"400\" src=\"https:\/\/stemcells.suwebcr.com\/wp-content\/uploads\/2019\/04\/medical-tourism.jpg\" class=\"attachment-large size-large wp-image-7018\" alt=\"\" srcset=\"https:\/\/stemcells.suwebcr.com\/wp-content\/uploads\/2019\/04\/medical-tourism.jpg 600w, https:\/\/stemcells.suwebcr.com\/wp-content\/uploads\/2019\/04\/medical-tourism-300x200.jpg 300w\" sizes=\"(max-width: 600px) 100vw, 600px\" \/>\t\t\t\t\t\t\t\t\t\t\t\t\t\t\t<\/div>\n\t\t\t\t\t<\/div>\n\t\t<\/div>\n\t\t\t\t<div class=\"elementor-column elementor-col-50 elementor-inner-column elementor-element elementor-element-2a2b33c7\" data-id=\"2a2b33c7\" data-element_type=\"column\">\n\t\t\t<div class=\"elementor-widget-wrap elementor-element-populated\">\n\t\t\t\t\t\t<div class=\"elementor-element elementor-element-22c479d9 elementor-widget elementor-widget-text-editor\" data-id=\"22c479d9\" data-element_type=\"widget\" data-widget_type=\"text-editor.default\">\n\t\t\t\t\t\t\t\t\t<p>El <strong><em>Stem Cells Transplant Institute<\/em><\/strong>, bajo la direcci\u00f3n del Dr. Leslie Mes\u00e9n, tiene como objetivo tratar a cada paciente con respeto y empat\u00eda, llevando esperanza de optar por un tratamiento efectivo y curativo.<\/p><p>Mediante el uso de las tecnolog\u00edas m\u00e1s avanzadas, el equipo de expertos del <strong><em>Stem Cells Transplant Institute<\/em><\/strong> pone a su disposici\u00f3n la terapia con c\u00e9lulas madre, las cuales tiene un gran potencial para el tratamiento de enfermedades como la enfermedad de Alzheimer, la enfermedad de Parkinson, la osteoartritis, la esclerosis m\u00faltiple, la diabetes, las enfermedades cardiovasculares y muchas m\u00e1s.<\/p>\t\t\t\t\t\t\t\t<\/div>\n\t\t\t\t\t<\/div>\n\t\t<\/div>\n\t\t\t\t\t<\/div>\n\t\t<\/section>\n\t\t\t\t<div class=\"elementor-element elementor-element-3e895b66 elementor-widget elementor-widget-text-editor\" data-id=\"3e895b66\" data-element_type=\"widget\" data-widget_type=\"text-editor.default\">\n\t\t\t\t\t\t\t\t\t<p>Nos basamos \u200b\u200ben datos cl\u00ednicos que han demostrado resultados positivos. Nuestra cl\u00ednica brinda tratamientos en Costa Rica, que est\u00e1n actualmente bajo investigaci\u00f3n en los Estados Unidos, pero a\u00fan no han alcanzado la etapa final de aprobaci\u00f3n por parte de la FDA, por lo que no pueden se aplicados legalmente en dicho pa\u00eds.<\/p><p>El turismo m\u00e9dico, en alg\u00fan momento significaba viajar a los Estados Unidos o Europa para accesar a procedimientos o medicamentos no disponibles en muchos otros pa\u00edses. Sin embargo, hoy en d\u00eda muchas personas de los Estados Unidos y Europa viajan a otros pa\u00edses para recibir tratamiento m\u00e9dico.<\/p><p>Los turistas m\u00e9dicos vienen a Costa Rica debido a su excelente atenci\u00f3n m\u00e9dica, la cual est\u00e1 clasificada por la Organizaci\u00f3n Mundial de la Salud (OMS) por encima de los EE. UU. Los m\u00e9dicos en Costa Rica son profesionales altamente capacitados que completan al menos 4 a\u00f1os de estudios universitarios y una pasant\u00eda adicional de 1 a\u00f1o. Las universidades m\u00e9dicas son consideradas de las mejores de Am\u00e9rica Latina y muchos m\u00e9dicos contin\u00faan su capacitaci\u00f3n en el extranjero.<\/p><p>Todos los m\u00e9dicos en ejercicio deben estar afiliados al Colegio de M\u00e9dicos y Cirujanos de Costa Rica, un organismo profesional responsable de la auditor\u00eda de la medicina y la cirug\u00eda.<\/p>\t\t\t\t\t\t\t\t<\/div>\n\t\t\t\t<section class=\"elementor-section elementor-inner-section elementor-element elementor-element-182abf35 elementor-section-boxed elementor-section-height-default elementor-section-height-default\" data-id=\"182abf35\" data-element_type=\"section\">\n\t\t\t\t\t\t<div class=\"elementor-container elementor-column-gap-default\">\n\t\t\t\t\t<div class=\"elementor-column elementor-col-50 elementor-inner-column elementor-element elementor-element-5d57135c\" data-id=\"5d57135c\" data-element_type=\"column\">\n\t\t\t<div class=\"elementor-widget-wrap elementor-element-populated\">\n\t\t\t\t\t\t<div class=\"elementor-element elementor-element-5509765 elementor-widget elementor-widget-text-editor\" data-id=\"5509765\" data-element_type=\"widget\" data-widget_type=\"text-editor.default\">\n\t\t\t\t\t\t\t\t\t<p>El Dr. Leslie Mesen, fundador y director ejecutivo del <strong><em>Stem Cells Transplant Institute<\/em><\/strong>, estudi\u00f3 medicina en la Universidad Iberoamericana (UNIBE) en San Jos\u00e9, Costa Rica. El Dr. Mes\u00e9n est\u00e1 certificado por <a href=\"http:\/\/www.a4m.com\/\" target=\"_blank\" rel=\"noopener\"><em>The American Academy of Anti-Aging Medicin<\/em><\/a><em>e<\/em> y ha recibido m\u00faltiples cursos de educaci\u00f3n continua tanto en los Estados Unidos como en Am\u00e9rica Latina.<\/p><p>A diferencia de la medicina tradicional, la terapia con c\u00e9lulas madre y la medicina regenerativa se centran en abordar la causa de la enfermedad en lugar de tratar \u00fanicamente los s\u00edntomas. La medicina regenerativa utiliza c\u00e9lulas madre para reparar estructuras en el cuerpo que no funcionan correctamente debido a una lesi\u00f3n o enfermedad.<\/p>\t\t\t\t\t\t\t\t<\/div>\n\t\t\t\t\t<\/div>\n\t\t<\/div>\n\t\t\t\t<div class=\"elementor-column elementor-col-50 elementor-inner-column elementor-element elementor-element-26b2c7c9\" data-id=\"26b2c7c9\" data-element_type=\"column\">\n\t\t\t<div class=\"elementor-widget-wrap elementor-element-populated\">\n\t\t\t\t\t\t<div class=\"elementor-element elementor-element-582b8f23 elementor-widget elementor-widget-image\" data-id=\"582b8f23\" data-element_type=\"widget\" data-widget_type=\"image.default\">\n\t\t\t\t\t\t\t\t\t\t\t\t\t\t\t<img decoding=\"async\" width=\"600\" height=\"311\" src=\"https:\/\/stemcells.suwebcr.com\/wp-content\/uploads\/2019\/04\/Harnessing-the-True-Potential-of-Indias-Medical-Tourism-Industry.jpg\" class=\"attachment-large size-large wp-image-7019\" alt=\"\" srcset=\"https:\/\/stemcells.suwebcr.com\/wp-content\/uploads\/2019\/04\/Harnessing-the-True-Potential-of-Indias-Medical-Tourism-Industry.jpg 600w, https:\/\/stemcells.suwebcr.com\/wp-content\/uploads\/2019\/04\/Harnessing-the-True-Potential-of-Indias-Medical-Tourism-Industry-300x156.jpg 300w\" sizes=\"(max-width: 600px) 100vw, 600px\" \/>\t\t\t\t\t\t\t\t\t\t\t\t\t\t\t<\/div>\n\t\t\t\t\t<\/div>\n\t\t<\/div>\n\t\t\t\t\t<\/div>\n\t\t<\/section>\n\t\t\t\t<div class=\"elementor-element elementor-element-2ae46813 elementor-widget elementor-widget-text-editor\" data-id=\"2ae46813\" data-element_type=\"widget\" data-widget_type=\"text-editor.default\">\n\t\t\t\t\t\t\t\t\t<p>La terapia con c\u00e9lulas madre tiene el potencial de mejorar la calidad de vida de muchos pacientes con enfermedades cr\u00f3nicas tales como: Diabetes, enfermedad de Parkinson, enfermedad de Alzheimer, artritis reumatoide y muchas otras enfermedades autoinmunes e inflamatorias. Los tratamientos est\u00e9ticos como las opciones antienvejecimiento, p\u00e9rdida de peso y tratamientos hormonales tambi\u00e9n est\u00e1n mostrando un gran auge en el campo del turismo m\u00e9dico en Costa Rica.<\/p><p><em>McKinsey and Company<\/em>, una consultora global influyente, inform\u00f3 que los turistas m\u00e9dicos de los Estados Unidos y Canad\u00e1 prefieren los pa\u00edses latinoamericanos, incluido Costa Rica, debido al corto tiempo de viaje, los costos asequibles y la oportunidad de disfrutar de unas vacaciones inolvidables.<\/p><p>Hay vuelos directos a Costa Rica desde muchas ciudades en los Estados Unidos y Europa. Por ejemplo, Costa Rica est\u00e1 a tan solo un vuelo de 2.5 horas desde Miami, Florida \u00f3 a un vuelo de 3.5 horas desde Houston, Texas. El <strong><em>Stem Cells Transplant Institute<\/em><\/strong>, se encuentra en Escaz\u00fa, Santa Jos\u00e9; muy cerca del aeropuerto principal Juan Santamar\u00eda.<\/p><p>Los paquetes de tratamiento incluyen una estad\u00eda de dos noches en el hermoso <a href=\"http:\/\/intercontinental.nezko.com\/intercontinental-costa-rica-at-multiplaza-mall\/579119d2b339f\" target=\"_blank\" rel=\"noopener\">Hotel Intercontinental<\/a> ubicado a solo minutos de la cl\u00ednica, as\u00ed como acceso a muchas tiendas y restaurantes. Otra opci\u00f3n de alojamiento para pacientes es el <a href=\"http:\/\/qualityinn.nezko.com\/quality-hotel-real-san-jose\/57b5cf93c2199\" target=\"_blank\" rel=\"noopener\">Hotel Quality Real San Jos\u00e9<\/a>. Desde cualquier lugar, puede disfrutar de la riqueza cultural y el patrimonio de San Jos\u00e9 tomando un tour en autob\u00fas VIP o, si tiene un esp\u00edritu un poco m\u00e1s aventurero, puede ir por su propia cuenta a la Avenida Central y visitar los numerosos museos, parques, tiendas y restaurantes ubicados a lo largo de la avenida.<\/p><p>Viajar a Costa Rica para un tratamiento con c\u00e9lulas madre le brinda la oportunidad de explorar un pa\u00eds hermoso y con una gran diversidad de ambientes.<\/p><p>Aproximadamente 2 millones de turistas vienen a explorar la belleza de Costa Rica cada a\u00f1o; disfrutan caminar por las selvas tropicales, descansar en las hermosas playas o relajarse en las incre\u00edbles aguas termales. Costa Rica tambi\u00e9n es un para\u00edso para la observaci\u00f3n de aves, el cual cuenta con m\u00e1s de 850 especies (m\u00e1s especies que Estados Unidos y Canad\u00e1 juntos). Sin embargo, si lo que busca es simplemente relajarse, el pa\u00eds tambi\u00e9n cuenta con algunos prestigiosos spas ubicados en la ciudad y con lugares rodeados por la belleza y la soledad de la selva tropical. Si desea obtener informaci\u00f3n por una agencia de viajes aprobada por el ICT, contacte a <em><a href=\"https:\/\/www.costaricantrails.com\/\" target=\"_blank\" rel=\"noopener\">Costa Rican Trails<\/a>.<\/em><\/p><p>La prioridad que tiene el equipo de expertos en el <strong><em>Stem Cells Transplant Institute<\/em><\/strong> es brindar la mejor calidad de atenci\u00f3n, de una forma personalizada.<\/p>\t\t\t\t\t\t\t\t<\/div>\n\t\t\t\t\t<\/div>\n\t\t<\/div>\n\t\t\t\t\t<\/div>\n\t\t<\/section>\n\t\t\t\t<\/div>\n\t\t","protected":false},"excerpt":{"rendered":"<p>Turismo M\u00e9dico El Stem Cells Transplant Institute, bajo la direcci\u00f3n del Dr. Leslie Mes\u00e9n, tiene como objetivo tratar a cada paciente con respeto y empat\u00eda, llevando esperanza de optar por un tratamiento efectivo y curativo. Mediante el uso de las tecnolog\u00edas m\u00e1s avanzadas, el equipo de expertos del Stem Cells Transplant Institute pone a su [&hellip;]<\/p>\n","protected":false},"author":1,"featured_media":0,"parent":0,"menu_order":0,"comment_status":"closed","ping_status":"closed","template":"elementor_header_footer","meta":{"footnotes":""},"class_list":["post-4281","page","type-page","status-publish","hentry"],"_links":{"self":[{"href":"https:\/\/stemcells.suwebcr.com\/es\/wp-json\/wp\/v2\/pages\/4281","targetHints":{"allow":["GET"]}}],"collection":[{"href":"https:\/\/stemcells.suwebcr.com\/es\/wp-json\/wp\/v2\/pages"}],"about":[{"href":"https:\/\/stemcells.suwebcr.com\/es\/wp-json\/wp\/v2\/types\/page"}],"author":[{"embeddable":true,"href":"https:\/\/stemcells.suwebcr.com\/es\/wp-json\/wp\/v2\/users\/1"}],"replies":[{"embeddable":true,"href":"https:\/\/stemcells.suwebcr.com\/es\/wp-json\/wp\/v2\/comments?post=4281"}],"version-history":[{"count":0,"href":"https:\/\/stemcells.suwebcr.com\/es\/wp-json\/wp\/v2\/pages\/4281\/revisions"}],"wp:attachment":[{"href":"https:\/\/stemcells.suwebcr.com\/es\/wp-json\/wp\/v2\/media?parent=4281"}],"curies":[{"name":"wp","href":"https:\/\/api.w.org\/{rel}","templated":true}]}}