{"id":3954,"date":"2017-08-23T20:57:40","date_gmt":"2017-08-23T20:57:40","guid":{"rendered":"https:\/\/stemcells.suwebcr.com\/?page_id=3954"},"modified":"2019-05-25T00:58:00","modified_gmt":"2019-05-25T06:58:00","slug":"dr-luis-carlos-zuniga","status":"publish","type":"page","link":"https:\/\/stemcells.suwebcr.com\/es\/dr-luis-carlos-zuniga\/","title":{"rendered":"Dr. Luis Carlos Z\u00fa\u00f1iga"},"content":{"rendered":"\t\t<div data-elementor-type=\"wp-post\" data-elementor-id=\"3954\" class=\"elementor elementor-3954\" data-elementor-post-type=\"page\">\n\t\t\t\t\t\t<section class=\"elementor-section elementor-top-section elementor-element elementor-element-644a4f5b elementor-section-boxed elementor-section-height-default elementor-section-height-default\" data-id=\"644a4f5b\" data-element_type=\"section\" data-settings=\"{&quot;background_background&quot;:&quot;classic&quot;}\">\n\t\t\t\t\t\t<div class=\"elementor-container elementor-column-gap-default\">\n\t\t\t\t\t<div class=\"elementor-column elementor-col-100 elementor-top-column elementor-element elementor-element-6e2a109d\" data-id=\"6e2a109d\" data-element_type=\"column\">\n\t\t\t<div class=\"elementor-widget-wrap elementor-element-populated\">\n\t\t\t\t\t\t<div class=\"elementor-element elementor-element-572b2e14 elementor-view-default elementor-position-top elementor-mobile-position-top elementor-widget elementor-widget-icon-box\" data-id=\"572b2e14\" data-element_type=\"widget\" data-widget_type=\"icon-box.default\">\n\t\t\t\t\t\t\t<div class=\"elementor-icon-box-wrapper\">\n\n\t\t\t\t\t\t<div class=\"elementor-icon-box-icon\">\n\t\t\t\t<span  class=\"elementor-icon\">\n\t\t\t\t<i class=\"fa fa-user\" aria-hidden=\"true\"><\/i>\t\t\t\t<\/span>\n\t\t\t<\/div>\n\t\t\t\n\t\t\t\t\t\t<div class=\"elementor-icon-box-content\">\n\n\t\t\t\t\t\t\t\t\t<h3 class=\"elementor-icon-box-title\">\n\t\t\t\t\t\t<span  >\n\t\t\t\t\t\t\tDr. Carlos Z\u00fa\u00f1iga\t\t\t\t\t\t<\/span>\n\t\t\t\t\t<\/h3>\n\t\t\t\t\n\t\t\t\t\n\t\t\t<\/div>\n\t\t\t\n\t\t<\/div>\n\t\t\t\t\t\t<\/div>\n\t\t\t\t\t<\/div>\n\t\t<\/div>\n\t\t\t\t\t<\/div>\n\t\t<\/section>\n\t\t\t\t<section class=\"elementor-section elementor-top-section elementor-element elementor-element-e1f7dda elementor-section-boxed elementor-section-height-default elementor-section-height-default\" data-id=\"e1f7dda\" data-element_type=\"section\" data-settings=\"{&quot;background_background&quot;:&quot;classic&quot;}\">\n\t\t\t\t\t\t<div class=\"elementor-container elementor-column-gap-default\">\n\t\t\t\t\t<div class=\"elementor-column elementor-col-50 elementor-top-column elementor-element elementor-element-24bf4af3\" data-id=\"24bf4af3\" data-element_type=\"column\">\n\t\t\t<div class=\"elementor-widget-wrap elementor-element-populated\">\n\t\t\t\t\t\t<div class=\"elementor-element elementor-element-1c8aa6c7 elementor-widget elementor-widget-image\" data-id=\"1c8aa6c7\" data-element_type=\"widget\" data-widget_type=\"image.default\">\n\t\t\t\t\t\t\t\t\t\t\t\t\t\t\t<img fetchpriority=\"high\" decoding=\"async\" width=\"376\" height=\"470\" src=\"https:\/\/stemcells.suwebcr.com\/wp-content\/uploads\/2019\/05\/Dr-carlos-zuniga.jpg\" class=\"attachment-large size-large wp-image-7791\" alt=\"Dr Carlos Z\u00fa\u00f1iga\" srcset=\"https:\/\/stemcells.suwebcr.com\/wp-content\/uploads\/2019\/05\/Dr-carlos-zuniga.jpg 376w, https:\/\/stemcells.suwebcr.com\/wp-content\/uploads\/2019\/05\/Dr-carlos-zuniga-240x300.jpg 240w\" sizes=\"(max-width: 376px) 100vw, 376px\" \/>\t\t\t\t\t\t\t\t\t\t\t\t\t\t\t<\/div>\n\t\t\t\t<div class=\"elementor-element elementor-element-58396caf elementor-widget elementor-widget-heading\" data-id=\"58396caf\" data-element_type=\"widget\" data-widget_type=\"heading.default\">\n\t\t\t\t\t<h4 class=\"elementor-heading-title elementor-size-default\">Dr. Luis Carlos Z\u00fa\u00f1iga<\/h4>\t\t\t\t<\/div>\n\t\t\t\t<div class=\"elementor-element elementor-element-66e44088 elementor-widget elementor-widget-heading\" data-id=\"66e44088\" data-element_type=\"widget\" data-widget_type=\"heading.default\">\n\t\t\t\t\t<h5 class=\"elementor-heading-title elementor-size-default\">Anestesi\u00f3logo<\/h5>\t\t\t\t<\/div>\n\t\t\t\t\t<\/div>\n\t\t<\/div>\n\t\t\t\t<div class=\"elementor-column elementor-col-50 elementor-top-column elementor-element elementor-element-41b8faa4\" data-id=\"41b8faa4\" data-element_type=\"column\">\n\t\t\t<div class=\"elementor-widget-wrap elementor-element-populated\">\n\t\t\t\t\t\t<div class=\"elementor-element elementor-element-23554e67 elementor-widget elementor-widget-text-editor\" data-id=\"23554e67\" data-element_type=\"widget\" data-widget_type=\"text-editor.default\">\n\t\t\t\t\t\t\t\t\t<p>El M\u00e9dico cirujano especialista en anestesiolog\u00eda Luis Carlos Z\u00fa\u00f1iga Le\u00f3n estudio en la Escuela Superior de Medicina y en el Instituto Polit\u00e9cnico Nacional en Mexico D.F.<\/p><p>Cuenta con Residencia de Anestesiolog\u00eda en el Hospital M\u00e9xico ubicado en Costa Rica.<\/p><p>Realiz\u00f3 servicio social en Huixquilucan, Edo. De M\u00e9xico y en Guapiles, Costa Rica.<\/p><p>El Dr. Z\u00fa\u00f1iga es parte del Colegio de M\u00e9dicos y Cirujanos de Costa Rica y la Sociedad Costarricense de Anestesiolog\u00eda.<\/p>\t\t\t\t\t\t\t\t<\/div>\n\t\t\t\t\t<\/div>\n\t\t<\/div>\n\t\t\t\t\t<\/div>\n\t\t<\/section>\n\t\t\t\t<\/div>\n\t\t","protected":false},"excerpt":{"rendered":"<p>Dr. Carlos Z\u00fa\u00f1iga Dr. Luis Carlos Z\u00fa\u00f1iga Anestesi\u00f3logo El M\u00e9dico cirujano especialista en anestesiolog\u00eda Luis Carlos Z\u00fa\u00f1iga Le\u00f3n estudio en la Escuela Superior de Medicina y en el Instituto Polit\u00e9cnico Nacional en Mexico D.F. Cuenta con Residencia de Anestesiolog\u00eda en el Hospital M\u00e9xico ubicado en Costa Rica. Realiz\u00f3 servicio social en Huixquilucan, Edo. De M\u00e9xico [&hellip;]<\/p>\n","protected":false},"author":1,"featured_media":0,"parent":0,"menu_order":0,"comment_status":"closed","ping_status":"closed","template":"elementor_header_footer","meta":{"footnotes":""},"class_list":["post-3954","page","type-page","status-publish","hentry"],"_links":{"self":[{"href":"https:\/\/stemcells.suwebcr.com\/es\/wp-json\/wp\/v2\/pages\/3954","targetHints":{"allow":["GET"]}}],"collection":[{"href":"https:\/\/stemcells.suwebcr.com\/es\/wp-json\/wp\/v2\/pages"}],"about":[{"href":"https:\/\/stemcells.suwebcr.com\/es\/wp-json\/wp\/v2\/types\/page"}],"author":[{"embeddable":true,"href":"https:\/\/stemcells.suwebcr.com\/es\/wp-json\/wp\/v2\/users\/1"}],"replies":[{"embeddable":true,"href":"https:\/\/stemcells.suwebcr.com\/es\/wp-json\/wp\/v2\/comments?post=3954"}],"version-history":[{"count":0,"href":"https:\/\/stemcells.suwebcr.com\/es\/wp-json\/wp\/v2\/pages\/3954\/revisions"}],"wp:attachment":[{"href":"https:\/\/stemcells.suwebcr.com\/es\/wp-json\/wp\/v2\/media?parent=3954"}],"curies":[{"name":"wp","href":"https:\/\/api.w.org\/{rel}","templated":true}]}}