{"id":27974,"date":"2024-07-24T15:53:36","date_gmt":"2024-07-24T21:53:36","guid":{"rendered":"https:\/\/stemcells.suwebcr.com\/dr-pablo-sibaja\/"},"modified":"2025-09-19T11:31:25","modified_gmt":"2025-09-19T17:31:25","slug":"dr-pablo-sibaja","status":"publish","type":"page","link":"https:\/\/stemcells.suwebcr.com\/es\/dr-pablo-sibaja\/","title":{"rendered":"Dr. Pablo Sibaja"},"content":{"rendered":"\t\t<div data-elementor-type=\"wp-page\" data-elementor-id=\"27974\" class=\"elementor elementor-27974\" data-elementor-post-type=\"page\">\n\t\t\t\t\t\t<section class=\"elementor-section elementor-top-section elementor-element elementor-element-ddad1c3 elementor-section-boxed elementor-section-height-default elementor-section-height-default\" data-id=\"ddad1c3\" data-element_type=\"section\" data-settings=\"{&quot;background_background&quot;:&quot;classic&quot;}\">\n\t\t\t\t\t\t\t<div class=\"elementor-background-overlay\"><\/div>\n\t\t\t\t\t\t\t<div class=\"elementor-container elementor-column-gap-default\">\n\t\t\t\t\t<div class=\"elementor-column elementor-col-50 elementor-top-column elementor-element elementor-element-fdb4376\" data-id=\"fdb4376\" data-element_type=\"column\" data-settings=\"{&quot;background_background&quot;:&quot;classic&quot;}\">\n\t\t\t<div class=\"elementor-widget-wrap elementor-element-populated\">\n\t\t\t\t\t\t<div class=\"elementor-element elementor-element-e3d1438 elementor-widget elementor-widget-image\" data-id=\"e3d1438\" data-element_type=\"widget\" data-widget_type=\"image.default\">\n\t\t\t\t\t\t\t\t\t\t\t\t\t\t\t<img fetchpriority=\"high\" decoding=\"async\" width=\"376\" height=\"470\" src=\"https:\/\/stemcells.suwebcr.com\/wp-content\/uploads\/2024\/07\/Dr-Pablo-Sibaja.jpg\" class=\"attachment-large size-large wp-image-27908\" alt=\"\" srcset=\"https:\/\/stemcells.suwebcr.com\/wp-content\/uploads\/2024\/07\/Dr-Pablo-Sibaja.jpg 376w, https:\/\/stemcells.suwebcr.com\/wp-content\/uploads\/2024\/07\/Dr-Pablo-Sibaja-240x300.jpg 240w\" sizes=\"(max-width: 376px) 100vw, 376px\" \/>\t\t\t\t\t\t\t\t\t\t\t\t\t\t\t<\/div>\n\t\t\t\t<div class=\"elementor-element elementor-element-7570bed elementor-widget elementor-widget-heading\" data-id=\"7570bed\" data-element_type=\"widget\" data-widget_type=\"heading.default\">\n\t\t\t\t\t<h4 class=\"elementor-heading-title elementor-size-default\">Dr. Pablo Sibaja<\/h4>\t\t\t\t<\/div>\n\t\t\t\t<div class=\"elementor-element elementor-element-1ecb9b1 elementor-widget elementor-widget-heading\" data-id=\"1ecb9b1\" data-element_type=\"widget\" data-widget_type=\"heading.default\">\n\t\t\t\t\t<h5 class=\"elementor-heading-title elementor-size-default\">Oficial m\u00e9dico<\/h5>\t\t\t\t<\/div>\n\t\t\t\t\t<\/div>\n\t\t<\/div>\n\t\t\t\t<div class=\"elementor-column elementor-col-50 elementor-top-column elementor-element elementor-element-54628c7\" data-id=\"54628c7\" data-element_type=\"column\">\n\t\t\t<div class=\"elementor-widget-wrap elementor-element-populated\">\n\t\t\t\t\t\t<div class=\"elementor-element elementor-element-f134997 elementor-widget elementor-widget-text-editor\" data-id=\"f134997\" data-element_type=\"widget\" data-widget_type=\"text-editor.default\">\n\t\t\t\t\t\t\t\t\t<h3>PERFIL PROFESIONAL<\/h3>\n<p>Doctor en Medicina y Cirug\u00eda, con m\u00e1s de 4 a\u00f1os de experiencia como M\u00e9dico General, m\u00e1s de 9 a\u00f1os de experiencia como Asistente M\u00e9dico Quir\u00fargico y amplia experiencia como profesor.<br>Incorporado al Colegio de M\u00e9dicos y Cirujanos, c\u00f3digo 15611.<\/p>\n<h3>EDUCACI\u00d3N FORMAL<\/h3>\n<p><strong>Doctorado Profesional en Medicina y Cirug\u00eda &#8211; Menci\u00f3n Honor\u00edfica<\/strong><br>Universidad San Judas Tadeo | 2018<\/p>\n<p><strong>Licenciado en Medicina y <\/strong> Cirug\u00eda<br>Universidad San Judas Tadeo | 2017<\/p>\n<p><strong>Licenciado en Medicina y<\/strong> Cirug\u00eda<br>Universidad San Judas Tadeo | 2014<\/p>\n<h3>EXPERIENCIA PROFESIONAL<\/h3>\n<p><strong>M\u00e9dico General<\/strong><br>Cl\u00ednica Coraz\u00f3n de Jes\u00fas | mayo 2018 &#8211; actualmente<br>Atenci\u00f3n y tratamiento de patolog\u00edas cr\u00f3nicas de origen cardiovascular, trastornos metab\u00f3licos, hormonales y patolog\u00edas degenerativas funcionales.<br>Realizar terapias alternativas con nutrici\u00f3n ortomolecular y PRP.<\/p>\n<p><strong>M\u00e9dico General<\/strong><br>Universidad Federada San Judas | junio 2019 &#8211; enero 2023<br>Profesor y consulta m\u00e9dica gratuita en la zona de Lomas del R\u00edo Pavas en la Fundaci\u00f3n Casa del Socorro el Buen Samaritano, como coordinador m\u00e9dico.<\/p>\n<p><strong>Asistente M\u00e9dico Quir\u00fargico<\/strong><br>Cl\u00ednica Coraz\u00f3n de Jes\u00fas | enero 2014 &#8211; actualidad<\/p>\n<p><strong>Profesor de Pregrado, Profesor de Simulaci\u00f3n Cl\u00ednica y Coordinador Acad\u00e9mico de Pregrado<\/strong><br>Universidad San Judas Tadeo | junio 2019 &#8211; enero 2023<br>Bloque de pr\u00e1cticas de Medicina Familiar y Comunitaria.<br>Curso de Proped\u00e9utica y Fisiopatolog\u00eda I y II<\/p>\n<p><strong>Tutor<\/strong><br>Programas de Aprendizaje Global | enero 2020 &#8211; enero 2023<br>Trabaja para el Centennial College University Canada y The Catholic University of America, Washington University.<\/p>\n<h3>CURSOS Y FORMACI\u00d3N<\/h3>\n<p><b>Aplicaci\u00f3n de c\u00e9lulas madre en enfermedades neurodegenerativas- Regenera<\/b><br>Brasil Octubre 2023<\/p><p><b style=\"color: var( --e-global-color-text ); font-family: var( --e-global-typography-text-font-family ), Sans-serif;\">Uso de C\u00e9lulas Madre en Enfermedades Cardio-Metab\u00f3licas en la Semana M\u00e9dica Biol\u00f3gica<br><\/b><span style=\"color: var( --e-global-color-text ); font-family: var( --e-global-typography-text-font-family ), Sans-serif;\">Argentina Noviembre 2023&nbsp;<\/span><\/p><p><strong>Optimizaci\u00f3n del Sistema Inmunitario en<\/strong><strong>Medicina<\/strong><strong>Regenerativa<\/strong><br><strong>&#8211; Sueroterapia y Exosomas<\/strong><br>Certificaci\u00f3n ISSCA 01264 | 2022<\/p>\n<p><strong>Diplomado en Dislipidemia, Riesgo Cardiovascular y Enfermedad Ateroscler\u00f3tica<\/strong><br>Asociaci\u00f3n Nacional de Cardi\u00f3logos de M\u00e9xico | 2021<\/p>\n<p><strong>Aplicaci\u00f3n de Hormonas Bioid\u00e9nticas &#8211; M\u00e9todo de Pellets<\/strong><br>3 Med Health Institute &#8211; Stemcell Dr. Store | 2021<\/p>\n<p><strong>Taller Internacional de Productos de Base Celular para Medicina Regenerativa (M\u00e9dula \u00d3sea, PRP, Tejido Adiposo)<\/strong><br>Certificaci\u00f3n ISSCA | 2021<\/p>\n<p><strong>XI Congreso Costarricense de Metabolismo y Nutrici\u00f3n<\/strong><br>ICOMET | 2021<\/p>\t\t\t\t\t\t\t\t<\/div>\n\t\t\t\t\t<\/div>\n\t\t<\/div>\n\t\t\t\t\t<\/div>\n\t\t<\/section>\n\t\t\t\t<\/div>\n\t\t","protected":false},"excerpt":{"rendered":"<p>Dr. Pablo Sibaja Oficial m\u00e9dico PERFIL PROFESIONAL Doctor en Medicina y Cirug\u00eda, con m\u00e1s de 4 a\u00f1os de experiencia como M\u00e9dico General, m\u00e1s de 9 a\u00f1os de experiencia como Asistente M\u00e9dico Quir\u00fargico y amplia experiencia como profesor.Incorporado al Colegio de M\u00e9dicos y Cirujanos, c\u00f3digo 15611. EDUCACI\u00d3N FORMAL Doctorado Profesional en Medicina y Cirug\u00eda &#8211; Menci\u00f3n [&hellip;]<\/p>\n","protected":false},"author":1,"featured_media":0,"parent":0,"menu_order":0,"comment_status":"closed","ping_status":"closed","template":"","meta":{"footnotes":""},"class_list":["post-27974","page","type-page","status-publish","hentry"],"_links":{"self":[{"href":"https:\/\/stemcells.suwebcr.com\/es\/wp-json\/wp\/v2\/pages\/27974","targetHints":{"allow":["GET"]}}],"collection":[{"href":"https:\/\/stemcells.suwebcr.com\/es\/wp-json\/wp\/v2\/pages"}],"about":[{"href":"https:\/\/stemcells.suwebcr.com\/es\/wp-json\/wp\/v2\/types\/page"}],"author":[{"embeddable":true,"href":"https:\/\/stemcells.suwebcr.com\/es\/wp-json\/wp\/v2\/users\/1"}],"replies":[{"embeddable":true,"href":"https:\/\/stemcells.suwebcr.com\/es\/wp-json\/wp\/v2\/comments?post=27974"}],"version-history":[{"count":1,"href":"https:\/\/stemcells.suwebcr.com\/es\/wp-json\/wp\/v2\/pages\/27974\/revisions"}],"predecessor-version":[{"id":28235,"href":"https:\/\/stemcells.suwebcr.com\/es\/wp-json\/wp\/v2\/pages\/27974\/revisions\/28235"}],"wp:attachment":[{"href":"https:\/\/stemcells.suwebcr.com\/es\/wp-json\/wp\/v2\/media?parent=27974"}],"curies":[{"name":"wp","href":"https:\/\/api.w.org\/{rel}","templated":true}]}}