{"id":26397,"date":"2022-04-02T10:34:04","date_gmt":"2022-04-02T16:34:04","guid":{"rendered":"https:\/\/stemcells.suwebcr.com\/turismo-medico-cuales-son-las-mejores-cosas-para-hacer-en-las-bahamas\/"},"modified":"2022-04-18T12:03:16","modified_gmt":"2022-04-18T18:03:16","slug":"turismo-medico-cuales-son-las-mejores-cosas-para-hacer-en-las-bahamas","status":"publish","type":"page","link":"https:\/\/stemcells.suwebcr.com\/es\/turismo-medico-cuales-son-las-mejores-cosas-para-hacer-en-las-bahamas\/","title":{"rendered":"Turismo m\u00e9dico &#8211; \u00bfCu\u00e1les son las mejores cosas para hacer en las Bahamas?"},"content":{"rendered":"\t\t<div data-elementor-type=\"wp-page\" data-elementor-id=\"26397\" class=\"elementor elementor-26397 elementor-25725\" data-elementor-post-type=\"page\">\n\t\t\t\t\t\t<section class=\"elementor-section elementor-top-section elementor-element elementor-element-7d3039a elementor-section-height-min-height elementor-section-boxed elementor-section-height-default elementor-section-items-middle\" data-id=\"7d3039a\" data-element_type=\"section\" data-settings=\"{&quot;background_background&quot;:&quot;classic&quot;}\">\n\t\t\t\t\t\t\t<div class=\"elementor-background-overlay\"><\/div>\n\t\t\t\t\t\t\t<div class=\"elementor-container elementor-column-gap-default\">\n\t\t\t\t\t<div class=\"elementor-column elementor-col-100 elementor-top-column elementor-element elementor-element-914bdc5\" data-id=\"914bdc5\" data-element_type=\"column\">\n\t\t\t<div class=\"elementor-widget-wrap elementor-element-populated\">\n\t\t\t\t\t\t<div class=\"elementor-element elementor-element-c555ac7 elementor-widget elementor-widget-heading\" data-id=\"c555ac7\" data-element_type=\"widget\" data-widget_type=\"heading.default\">\n\t\t\t\t\t<h1 class=\"elementor-heading-title elementor-size-default\">Turismo m\u00e9dico - \u00bfCu\u00e1les son las mejores cosas para hacer en las Bahamas?<\/h1>\t\t\t\t<\/div>\n\t\t\t\t<div class=\"elementor-element elementor-element-3bd6595 elementor-widget elementor-widget-text-editor\" data-id=\"3bd6595\" data-element_type=\"widget\" data-widget_type=\"text-editor.default\">\n\t\t\t\t\t\t\t\t\tLas Bahamas es un destino deslumbrante, una isla a la que casi todo el mundo sue\u00f1a con visitar. \u00bfPor qu\u00e9 no convertir su tratamiento con C\u00e9lulas Madre en unas vacaciones m\u00e9dicas? Las playas de arena blanca y las aguas cristalinas crean una experiencia \u00fanica que no se vive en ning\u00fan otro lugar. Si est\u00e1 planeando su viaje a las Bahamas, le contaremos las mejores cosas por hacer para que no se pierda lo mejor de esta isla.\t\t\t\t\t\t\t\t<\/div>\n\t\t\t\t\t<\/div>\n\t\t<\/div>\n\t\t\t\t\t<\/div>\n\t\t<\/section>\n\t\t\t\t<section class=\"elementor-section elementor-top-section elementor-element elementor-element-7710598 elementor-section-boxed elementor-section-height-default elementor-section-height-default\" data-id=\"7710598\" data-element_type=\"section\">\n\t\t\t\t\t\t<div class=\"elementor-container elementor-column-gap-default\">\n\t\t\t\t\t<div class=\"elementor-column elementor-col-50 elementor-top-column elementor-element elementor-element-2542ed6\" data-id=\"2542ed6\" data-element_type=\"column\">\n\t\t\t<div class=\"elementor-widget-wrap elementor-element-populated\">\n\t\t\t\t\t\t<div class=\"elementor-element elementor-element-9213b75 elementor-widget elementor-widget-image\" data-id=\"9213b75\" data-element_type=\"widget\" data-widget_type=\"image.default\">\n\t\t\t\t\t\t\t\t\t\t\t\t\t\t\t<img fetchpriority=\"high\" decoding=\"async\" width=\"800\" height=\"571\" src=\"https:\/\/stemcells.suwebcr.com\/wp-content\/uploads\/2022\/02\/alix-greenman-ZvcmZOk5epg-unsplash-1024x731.jpg\" class=\"attachment-large size-large wp-image-25703\" alt=\"\" srcset=\"https:\/\/stemcells.suwebcr.com\/wp-content\/uploads\/2022\/02\/alix-greenman-ZvcmZOk5epg-unsplash-1024x731.jpg 1024w, https:\/\/stemcells.suwebcr.com\/wp-content\/uploads\/2022\/02\/alix-greenman-ZvcmZOk5epg-unsplash-300x214.jpg 300w, https:\/\/stemcells.suwebcr.com\/wp-content\/uploads\/2022\/02\/alix-greenman-ZvcmZOk5epg-unsplash-768x548.jpg 768w, https:\/\/stemcells.suwebcr.com\/wp-content\/uploads\/2022\/02\/alix-greenman-ZvcmZOk5epg-unsplash-1536x1097.jpg 1536w, https:\/\/stemcells.suwebcr.com\/wp-content\/uploads\/2022\/02\/alix-greenman-ZvcmZOk5epg-unsplash.jpg 2048w\" sizes=\"(max-width: 800px) 100vw, 800px\" \/>\t\t\t\t\t\t\t\t\t\t\t\t\t\t\t<\/div>\n\t\t\t\t\t<\/div>\n\t\t<\/div>\n\t\t\t\t<div class=\"elementor-column elementor-col-50 elementor-top-column elementor-element elementor-element-677e6e6\" data-id=\"677e6e6\" data-element_type=\"column\">\n\t\t\t<div class=\"elementor-widget-wrap elementor-element-populated\">\n\t\t\t\t\t\t<div class=\"elementor-element elementor-element-a47393e elementor-widget elementor-widget-text-editor\" data-id=\"a47393e\" data-element_type=\"widget\" data-widget_type=\"text-editor.default\">\n\t\t\t\t\t\t\t\t\t<h2>Visita las playas de Bahamas<\/h2>\r\nEsto parece un poco obvio pero, mejor no dejar nada por supuesto, las playas de las Bahamas son diferentes a cualquier otra playa del mundo. El agua cristalina es ideal para cualquier persona que ama el oc\u00e9ano y tambi\u00e9n la vida marina. \u00a1Casi siempre se puede ver el fondo con claridad!\r\n\r\nLa arena blanca (\u00a1o rosada dependiendo de la playa!) es suave y se siente como un exfoliante corporal bajo los pies. \u00a1Perfecta para construir castillos, combinando la mezcla con agua salada, o relajarse a tomar sol y disfrutar! \u00a1Aseg\u00farate de llevar una sombrilla, o al menos un gorro y mucho protector solar, las playas de Bahamas elevan la temperatura!\r\n\r\nDependiendo de la playa que escojan, se pueden practicar distintos deportes acu\u00e1ticos o actividades en las que podr\u00edas participar y de las que hablaremos a continuaci\u00f3n.\t\t\t\t\t\t\t\t<\/div>\n\t\t\t\t\t<\/div>\n\t\t<\/div>\n\t\t\t\t\t<\/div>\n\t\t<\/section>\n\t\t\t\t<section class=\"elementor-section elementor-top-section elementor-element elementor-element-5479590 elementor-reverse-mobile elementor-section-boxed elementor-section-height-default elementor-section-height-default\" data-id=\"5479590\" data-element_type=\"section\">\n\t\t\t\t\t\t<div class=\"elementor-container elementor-column-gap-default\">\n\t\t\t\t\t<div class=\"elementor-column elementor-col-50 elementor-top-column elementor-element elementor-element-516f546\" data-id=\"516f546\" data-element_type=\"column\">\n\t\t\t<div class=\"elementor-widget-wrap elementor-element-populated\">\n\t\t\t\t\t\t<div class=\"elementor-element elementor-element-1f8c2d0 elementor-widget elementor-widget-text-editor\" data-id=\"1f8c2d0\" data-element_type=\"widget\" data-widget_type=\"text-editor.default\">\n\t\t\t\t\t\t\t\t\t<h2>Visita las playas de Bahamas<\/h2>\r\nEsto parece un poco obvio pero, mejor no dejar nada por supuesto, las playas de las Bahamas son diferentes a cualquier otra playa del mundo. El agua cristalina es ideal para cualquier persona que ama el oc\u00e9ano y tambi\u00e9n la vida marina. \u00a1Casi siempre se puede ver el fondo con claridad!\r\n\r\nLa arena blanca (\u00a1o rosada dependiendo de la playa!) es suave y se siente como un exfoliante corporal bajo los pies. \u00a1Perfecta para construir castillos, combinando la mezcla con agua salada, o relajarse a tomar sol y disfrutar! \u00a1Aseg\u00farate de llevar una sombrilla, o al menos un gorro y mucho protector solar, las playas de Bahamas elevan la temperatura!\r\n\r\nDependiendo de la playa que escojan, se pueden practicar distintos deportes acu\u00e1ticos o actividades en las que podr\u00edas participar y de las que hablaremos a continuaci\u00f3n ritmo de tu respiraci\u00f3n en este mundo m\u00e1gico y disfrutar de todo este universo que se deslizar\u00e1 justo frente a tus ojos.\t\t\t\t\t\t\t\t<\/div>\n\t\t\t\t\t<\/div>\n\t\t<\/div>\n\t\t\t\t<div class=\"elementor-column elementor-col-50 elementor-top-column elementor-element elementor-element-58ef92b\" data-id=\"58ef92b\" data-element_type=\"column\">\n\t\t\t<div class=\"elementor-widget-wrap elementor-element-populated\">\n\t\t\t\t\t\t<div class=\"elementor-element elementor-element-f37d78e elementor-widget elementor-widget-image\" data-id=\"f37d78e\" data-element_type=\"widget\" data-widget_type=\"image.default\">\n\t\t\t\t\t\t\t\t\t\t\t\t\t\t\t<img decoding=\"async\" width=\"800\" height=\"600\" src=\"https:\/\/stemcells.suwebcr.com\/wp-content\/uploads\/2022\/02\/maja-novak-bAQ5mKCgIZo-unsplash-1024x768.jpg\" class=\"attachment-large size-large wp-image-25729\" alt=\"\" srcset=\"https:\/\/stemcells.suwebcr.com\/wp-content\/uploads\/2022\/02\/maja-novak-bAQ5mKCgIZo-unsplash-1024x768.jpg 1024w, https:\/\/stemcells.suwebcr.com\/wp-content\/uploads\/2022\/02\/maja-novak-bAQ5mKCgIZo-unsplash-300x225.jpg 300w, https:\/\/stemcells.suwebcr.com\/wp-content\/uploads\/2022\/02\/maja-novak-bAQ5mKCgIZo-unsplash-768x576.jpg 768w, https:\/\/stemcells.suwebcr.com\/wp-content\/uploads\/2022\/02\/maja-novak-bAQ5mKCgIZo-unsplash-1536x1152.jpg 1536w, https:\/\/stemcells.suwebcr.com\/wp-content\/uploads\/2022\/02\/maja-novak-bAQ5mKCgIZo-unsplash-scaled.jpg 2048w\" sizes=\"(max-width: 800px) 100vw, 800px\" \/>\t\t\t\t\t\t\t\t\t\t\t\t\t\t\t<\/div>\n\t\t\t\t\t<\/div>\n\t\t<\/div>\n\t\t\t\t\t<\/div>\n\t\t<\/section>\n\t\t\t\t<section class=\"elementor-section elementor-top-section elementor-element elementor-element-f2c5ac5 elementor-section-boxed elementor-section-height-default elementor-section-height-default\" data-id=\"f2c5ac5\" data-element_type=\"section\">\n\t\t\t\t\t\t<div class=\"elementor-container elementor-column-gap-default\">\n\t\t\t\t\t<div class=\"elementor-column elementor-col-50 elementor-top-column elementor-element elementor-element-e9839e5\" data-id=\"e9839e5\" data-element_type=\"column\">\n\t\t\t<div class=\"elementor-widget-wrap elementor-element-populated\">\n\t\t\t\t\t\t<div class=\"elementor-element elementor-element-0a6598c elementor-widget elementor-widget-image\" data-id=\"0a6598c\" data-element_type=\"widget\" data-widget_type=\"image.default\">\n\t\t\t\t\t\t\t\t\t\t\t\t\t\t\t<img decoding=\"async\" width=\"800\" height=\"481\" src=\"https:\/\/stemcells.suwebcr.com\/wp-content\/uploads\/2022\/02\/fernando-jorge-rMaWin9-9Gk-unsplash-1024x616.jpg\" class=\"attachment-large size-large wp-image-25697\" alt=\"\" srcset=\"https:\/\/stemcells.suwebcr.com\/wp-content\/uploads\/2022\/02\/fernando-jorge-rMaWin9-9Gk-unsplash-1024x616.jpg 1024w, https:\/\/stemcells.suwebcr.com\/wp-content\/uploads\/2022\/02\/fernando-jorge-rMaWin9-9Gk-unsplash-300x181.jpg 300w, https:\/\/stemcells.suwebcr.com\/wp-content\/uploads\/2022\/02\/fernando-jorge-rMaWin9-9Gk-unsplash-768x462.jpg 768w, https:\/\/stemcells.suwebcr.com\/wp-content\/uploads\/2022\/02\/fernando-jorge-rMaWin9-9Gk-unsplash-1536x924.jpg 1536w, https:\/\/stemcells.suwebcr.com\/wp-content\/uploads\/2022\/02\/fernando-jorge-rMaWin9-9Gk-unsplash.jpg 2048w\" sizes=\"(max-width: 800px) 100vw, 800px\" \/>\t\t\t\t\t\t\t\t\t\t\t\t\t\t\t<\/div>\n\t\t\t\t\t<\/div>\n\t\t<\/div>\n\t\t\t\t<div class=\"elementor-column elementor-col-50 elementor-top-column elementor-element elementor-element-6557a41\" data-id=\"6557a41\" data-element_type=\"column\">\n\t\t\t<div class=\"elementor-widget-wrap elementor-element-populated\">\n\t\t\t\t\t\t<div class=\"elementor-element elementor-element-76bb638 elementor-widget elementor-widget-text-editor\" data-id=\"76bb638\" data-element_type=\"widget\" data-widget_type=\"text-editor.default\">\n\t\t\t\t\t\t\t\t\t<h2>El tour en bote!<\/h2>\r\nPorque no todo el mundo est\u00e1 listo para sumergirse en el agua, le proponemos un Paseo en bote! No hay nada como tener una nueva perspectiva de la Isla, desde el propio Oc\u00e9ano. \u00a0Al igual que el snorkel, no nos alejaremos mucho de la costa. \u00a0Las excursiones en bote se realizan por toda la isla y est\u00e1n programadas como para medio d\u00eda de tour, dependiendo del recorrido que elija, puede durar entre 1 y 5 horas. Los trayectos m\u00e1s largos, \u00a0a menudo ofrecen refrigerio de comidas y bebidas, e incluso puede que tengas incluido un gu\u00eda para que les cuente un poco de la historia de estos lugares.\r\n\r\nHay recorridos en bote para adultos, ni\u00f1os y familias, convirti\u00e9ndose en una excelente opci\u00f3n para casi toda la familia.\u00a0 Tambi\u00e9n hay cruceros tem\u00e1ticos que se arman para despedidas de solteros, para mujeres, para ni\u00f1os, e incluso opciones para mascotas. Rel\u00e1jese, disfrute y descanse con un crucero para ver el atardecer y con suerte hasta podemos topar con delfines en el camino.\t\t\t\t\t\t\t\t<\/div>\n\t\t\t\t\t<\/div>\n\t\t<\/div>\n\t\t\t\t\t<\/div>\n\t\t<\/section>\n\t\t\t\t<section class=\"elementor-section elementor-top-section elementor-element elementor-element-15ae82f elementor-reverse-mobile elementor-section-boxed elementor-section-height-default elementor-section-height-default\" data-id=\"15ae82f\" data-element_type=\"section\">\n\t\t\t\t\t\t<div class=\"elementor-container elementor-column-gap-default\">\n\t\t\t\t\t<div class=\"elementor-column elementor-col-50 elementor-top-column elementor-element elementor-element-3a5c0f1\" data-id=\"3a5c0f1\" data-element_type=\"column\">\n\t\t\t<div class=\"elementor-widget-wrap elementor-element-populated\">\n\t\t\t\t\t\t<div class=\"elementor-element elementor-element-7a04369 elementor-widget elementor-widget-text-editor\" data-id=\"7a04369\" data-element_type=\"widget\" data-widget_type=\"text-editor.default\">\n\t\t\t\t\t\t\t\t\t<h2>Pig Beach<\/h2>\r\nYa sea que tenga hijos o viaje solo, debe hacer una visita a \u201cPig Beach\u201d. En caso de que no lo hayas escuchado, este no es solo un nombre divertido que se les ocurri\u00f3 a los lugare\u00f1os. En realidad se llama <em>Pig Beach<\/em> porque \u2026 \u00a1es el hogar de cerdos salvajes! S\u00ed, hay cerdos que simplemente deambulan por la isla, se sumergen en el agua, comen de la vegetaci\u00f3n y duermen la siesta al sol.\r\n\r\nNo son jabal\u00edes, s\u00f3lo cerdos, disfrutando de las Bahamas, s\u00faper amigables con los lugare\u00f1os y visitantes. Lo que es especialmente interesante de <em>Pig Beach<\/em> es que los cerdos de la isla no son nativos de las Bahamas y, nadie sabe c\u00f3mo llegaron all\u00ed. Es una lecci\u00f3n de historia que nadie ha descubierto todav\u00eda.\r\n\r\nEsta playa est\u00e1 bien protegida para garantizar la seguridad de los cerditos, \u00a1pero permite que un peque\u00f1o n\u00famero de visitantes cada d\u00eda haga nuevos amigos!\t\t\t\t\t\t\t\t<\/div>\n\t\t\t\t\t<\/div>\n\t\t<\/div>\n\t\t\t\t<div class=\"elementor-column elementor-col-50 elementor-top-column elementor-element elementor-element-9f4ec56\" data-id=\"9f4ec56\" data-element_type=\"column\">\n\t\t\t<div class=\"elementor-widget-wrap elementor-element-populated\">\n\t\t\t\t\t\t<div class=\"elementor-element elementor-element-70f647b elementor-widget elementor-widget-image\" data-id=\"70f647b\" data-element_type=\"widget\" data-widget_type=\"image.default\">\n\t\t\t\t\t\t\t\t\t\t\t\t\t\t\t<img loading=\"lazy\" decoding=\"async\" width=\"800\" height=\"534\" src=\"https:\/\/stemcells.suwebcr.com\/wp-content\/uploads\/2022\/02\/forest-simon-ZKbve9f7Mp4-unsplash-1024x683.jpg\" class=\"attachment-large size-large wp-image-25731\" alt=\"\" srcset=\"https:\/\/stemcells.suwebcr.com\/wp-content\/uploads\/2022\/02\/forest-simon-ZKbve9f7Mp4-unsplash-1024x683.jpg 1024w, https:\/\/stemcells.suwebcr.com\/wp-content\/uploads\/2022\/02\/forest-simon-ZKbve9f7Mp4-unsplash-300x200.jpg 300w, https:\/\/stemcells.suwebcr.com\/wp-content\/uploads\/2022\/02\/forest-simon-ZKbve9f7Mp4-unsplash-768x512.jpg 768w, https:\/\/stemcells.suwebcr.com\/wp-content\/uploads\/2022\/02\/forest-simon-ZKbve9f7Mp4-unsplash-1536x1024.jpg 1536w, https:\/\/stemcells.suwebcr.com\/wp-content\/uploads\/2022\/02\/forest-simon-ZKbve9f7Mp4-unsplash-scaled.jpg 2048w\" sizes=\"(max-width: 800px) 100vw, 800px\" \/>\t\t\t\t\t\t\t\t\t\t\t\t\t\t\t<\/div>\n\t\t\t\t\t<\/div>\n\t\t<\/div>\n\t\t\t\t\t<\/div>\n\t\t<\/section>\n\t\t\t\t<section class=\"elementor-section elementor-top-section elementor-element elementor-element-872b1c7 elementor-section-boxed elementor-section-height-default elementor-section-height-default\" data-id=\"872b1c7\" data-element_type=\"section\">\n\t\t\t\t\t\t<div class=\"elementor-container elementor-column-gap-default\">\n\t\t\t\t\t<div class=\"elementor-column elementor-col-50 elementor-top-column elementor-element elementor-element-98d30a5\" data-id=\"98d30a5\" data-element_type=\"column\">\n\t\t\t<div class=\"elementor-widget-wrap elementor-element-populated\">\n\t\t\t\t\t\t<div class=\"elementor-element elementor-element-2dbeaf6 elementor-widget elementor-widget-image\" data-id=\"2dbeaf6\" data-element_type=\"widget\" data-widget_type=\"image.default\">\n\t\t\t\t\t\t\t\t\t\t\t\t\t\t\t<img loading=\"lazy\" decoding=\"async\" width=\"800\" height=\"493\" src=\"https:\/\/stemcells.suwebcr.com\/wp-content\/uploads\/2022\/02\/staircase-bahamas-1-1024x631.png\" class=\"attachment-large size-large wp-image-25737\" alt=\"\" srcset=\"https:\/\/stemcells.suwebcr.com\/wp-content\/uploads\/2022\/02\/staircase-bahamas-1-1024x631.png 1024w, https:\/\/stemcells.suwebcr.com\/wp-content\/uploads\/2022\/02\/staircase-bahamas-1-300x185.png 300w, https:\/\/stemcells.suwebcr.com\/wp-content\/uploads\/2022\/02\/staircase-bahamas-1-768x473.png 768w, https:\/\/stemcells.suwebcr.com\/wp-content\/uploads\/2022\/02\/staircase-bahamas-1-1536x947.png 1536w, https:\/\/stemcells.suwebcr.com\/wp-content\/uploads\/2022\/02\/staircase-bahamas-1.png 2048w\" sizes=\"(max-width: 800px) 100vw, 800px\" \/>\t\t\t\t\t\t\t\t\t\t\t\t\t\t\t<\/div>\n\t\t\t\t\t<\/div>\n\t\t<\/div>\n\t\t\t\t<div class=\"elementor-column elementor-col-50 elementor-top-column elementor-element elementor-element-8d69bce\" data-id=\"8d69bce\" data-element_type=\"column\">\n\t\t\t<div class=\"elementor-widget-wrap elementor-element-populated\">\n\t\t\t\t\t\t<div class=\"elementor-element elementor-element-9bb8a36 elementor-widget elementor-widget-text-editor\" data-id=\"9bb8a36\" data-element_type=\"widget\" data-widget_type=\"text-editor.default\">\n\t\t\t\t\t\t\t\t\t<h2>Queens Staircase<\/h2>\r\nEste tour es especial para quienes gustan de hacer ejercicio y disfrutar de un lugar hist\u00f3rico. La mejor hora para visitar <em>Queen&#8217;s Staircase<\/em> es por la ma\u00f1ana. Y es que el sol despu\u00e9s del mediod\u00eda puede que sea muy fuerte para emprender los 66 escalones que nos llevan a la cima!\r\n\r\n<em>Queen&#8217;s Staircase<\/em> recibi\u00f3 su nombre de la reina Victoria en el siglo XVIII. Fue tallado en piedra caliza por aproximadamente 600 esclavos y tard\u00f3 16 a\u00f1os en completarse. El prop\u00f3sito de construir la escalera era conectar <em>Bennett Hills Fort Fincastle<\/em> con <em>Nassau<\/em> (la capital) para los brit\u00e1nicos. Para una lecci\u00f3n de historia y un recorrido por la hermosa zona, Queen&#8217;s Staircase es, por mucho, una de las mejores cosas para hacer en las Bahamas.\t\t\t\t\t\t\t\t<\/div>\n\t\t\t\t\t<\/div>\n\t\t<\/div>\n\t\t\t\t\t<\/div>\n\t\t<\/section>\n\t\t\t\t<section class=\"elementor-section elementor-top-section elementor-element elementor-element-8989acd elementor-reverse-mobile elementor-section-boxed elementor-section-height-default elementor-section-height-default\" data-id=\"8989acd\" data-element_type=\"section\">\n\t\t\t\t\t\t<div class=\"elementor-container elementor-column-gap-default\">\n\t\t\t\t\t<div class=\"elementor-column elementor-col-50 elementor-top-column elementor-element elementor-element-e6bf7fa\" data-id=\"e6bf7fa\" data-element_type=\"column\">\n\t\t\t<div class=\"elementor-widget-wrap elementor-element-populated\">\n\t\t\t\t\t\t<div class=\"elementor-element elementor-element-86260fd elementor-widget elementor-widget-text-editor\" data-id=\"86260fd\" data-element_type=\"widget\" data-widget_type=\"text-editor.default\">\n\t\t\t\t\t\t\t\t\t<h2>Parque Nacional Lucayan<\/h2>\r\nHay 3 parques nacionales dentro de las Bahamas, pero el Parque Nacional Lucayan parece ser el favorito de todos. Este Parque alberga numerosas actividades e impresionantes \u00e1reas al aire libre que realmente tienes que ver para creer que existen. Los visitantes disfrutan de estas playas, que no suelen tener tanta gente como otras en la Isla. Tiene un ambiente tranquilo, con olas m\u00e1s suaves y un entorno relajado en comparaci\u00f3n con las playas frecuentadas en el continente.\r\n\r\nTambi\u00e9n puede navegar en kayak por los manglares para disfrutar de una forma \u00fanica de adentrarse en el paisaje. Hay varias empresas donde se puede alquilar el equipo. Si esto es demasiado aventurero para usted, puede escoger un peque\u00f1o recorrido en bote a trav\u00e9s de los manglares. Por lo general, los gu\u00edas cuentan un poco de su historia y el paseo lo mantiene alejado del calor directo del sol.\t\t\t\t\t\t\t\t<\/div>\n\t\t\t\t\t<\/div>\n\t\t<\/div>\n\t\t\t\t<div class=\"elementor-column elementor-col-50 elementor-top-column elementor-element elementor-element-37d6e4b\" data-id=\"37d6e4b\" data-element_type=\"column\">\n\t\t\t<div class=\"elementor-widget-wrap elementor-element-populated\">\n\t\t\t\t\t\t<div class=\"elementor-element elementor-element-440d708 elementor-widget elementor-widget-image\" data-id=\"440d708\" data-element_type=\"widget\" data-widget_type=\"image.default\">\n\t\t\t\t\t\t\t\t\t\t\t\t\t\t\t<img loading=\"lazy\" decoding=\"async\" width=\"800\" height=\"450\" src=\"https:\/\/stemcells.suwebcr.com\/wp-content\/uploads\/2022\/02\/lucayan-park-1024x576.jpg\" class=\"attachment-large size-large wp-image-25735\" alt=\"\" srcset=\"https:\/\/stemcells.suwebcr.com\/wp-content\/uploads\/2022\/02\/lucayan-park-1024x576.jpg 1024w, https:\/\/stemcells.suwebcr.com\/wp-content\/uploads\/2022\/02\/lucayan-park-300x169.jpg 300w, https:\/\/stemcells.suwebcr.com\/wp-content\/uploads\/2022\/02\/lucayan-park-768x432.jpg 768w, https:\/\/stemcells.suwebcr.com\/wp-content\/uploads\/2022\/02\/lucayan-park-1536x864.jpg 1536w, https:\/\/stemcells.suwebcr.com\/wp-content\/uploads\/2022\/02\/lucayan-park.jpg 1900w\" sizes=\"(max-width: 800px) 100vw, 800px\" \/>\t\t\t\t\t\t\t\t\t\t\t\t\t\t\t<\/div>\n\t\t\t\t\t<\/div>\n\t\t<\/div>\n\t\t\t\t\t<\/div>\n\t\t<\/section>\n\t\t\t\t<section class=\"elementor-section elementor-top-section elementor-element elementor-element-f5e38ee elementor-section-boxed elementor-section-height-default elementor-section-height-default\" data-id=\"f5e38ee\" data-element_type=\"section\" data-settings=\"{&quot;background_background&quot;:&quot;classic&quot;}\">\n\t\t\t\t\t\t\t<div class=\"elementor-background-overlay\"><\/div>\n\t\t\t\t\t\t\t<div class=\"elementor-container elementor-column-gap-default\">\n\t\t\t\t\t<div class=\"elementor-column elementor-col-100 elementor-top-column elementor-element elementor-element-20b01ea\" data-id=\"20b01ea\" data-element_type=\"column\">\n\t\t\t<div class=\"elementor-widget-wrap elementor-element-populated\">\n\t\t\t\t\t\t<div class=\"elementor-element elementor-element-88bc047 elementor-widget elementor-widget-heading\" data-id=\"88bc047\" data-element_type=\"widget\" data-widget_type=\"heading.default\">\n\t\t\t\t\t<h2 class=\"elementor-heading-title elementor-size-default\">Ahora que sabes...<\/h2>\t\t\t\t<\/div>\n\t\t\t\t<div class=\"elementor-element elementor-element-82742fc elementor-widget elementor-widget-text-editor\" data-id=\"82742fc\" data-element_type=\"widget\" data-widget_type=\"text-editor.default\">\n\t\t\t\t\t\t\t\t\tTodo sobre las mejores actividades para hacer en las Bahamas, debes estar con muchas ganas de subirte al avi\u00f3n y visitar esas playas de arena blanca. Durante su estad\u00eda, no olvide visitar algunas de las atracciones \u00fanicas como Queen&#8217;s Staircase y Pig Beach. \u00a1Quiz\u00e1s incluso enfrentar el miedo y hacer snorkel o bucear con la vida silvestre en las aguas tranquilas y cristalinas! Hagas lo que hagas, \u00a1tienes la garant\u00eda de tener las mejores \u00abvacaciones de turismo m\u00e9dico\u00bb , las m\u00e1s singulares, relajantes y reveladoras de tu vida en las Bahamas!\t\t\t\t\t\t\t\t<\/div>\n\t\t\t\t\t<\/div>\n\t\t<\/div>\n\t\t\t\t\t<\/div>\n\t\t<\/section>\n\t\t\t\t<\/div>\n\t\t","protected":false},"excerpt":{"rendered":"<p>Turismo m\u00e9dico &#8211; \u00bfCu\u00e1les son las mejores cosas para hacer en las Bahamas? Las Bahamas es un destino deslumbrante, una isla a la que casi todo el mundo sue\u00f1a con visitar. \u00bfPor qu\u00e9 no convertir su tratamiento con C\u00e9lulas Madre en unas vacaciones m\u00e9dicas? Las playas de arena blanca y las aguas cristalinas crean una [&hellip;]<\/p>\n","protected":false},"author":10,"featured_media":0,"parent":0,"menu_order":0,"comment_status":"closed","ping_status":"closed","template":"","meta":{"footnotes":""},"class_list":["post-26397","page","type-page","status-publish","hentry"],"_links":{"self":[{"href":"https:\/\/stemcells.suwebcr.com\/es\/wp-json\/wp\/v2\/pages\/26397","targetHints":{"allow":["GET"]}}],"collection":[{"href":"https:\/\/stemcells.suwebcr.com\/es\/wp-json\/wp\/v2\/pages"}],"about":[{"href":"https:\/\/stemcells.suwebcr.com\/es\/wp-json\/wp\/v2\/types\/page"}],"author":[{"embeddable":true,"href":"https:\/\/stemcells.suwebcr.com\/es\/wp-json\/wp\/v2\/users\/10"}],"replies":[{"embeddable":true,"href":"https:\/\/stemcells.suwebcr.com\/es\/wp-json\/wp\/v2\/comments?post=26397"}],"version-history":[{"count":0,"href":"https:\/\/stemcells.suwebcr.com\/es\/wp-json\/wp\/v2\/pages\/26397\/revisions"}],"wp:attachment":[{"href":"https:\/\/stemcells.suwebcr.com\/es\/wp-json\/wp\/v2\/media?parent=26397"}],"curies":[{"name":"wp","href":"https:\/\/api.w.org\/{rel}","templated":true}]}}