{"id":2282,"date":"2016-01-04T16:47:22","date_gmt":"2016-01-04T16:47:22","guid":{"rendered":"\/?page_id=2282"},"modified":"2022-04-12T17:09:44","modified_gmt":"2022-04-12T23:09:44","slug":"lupus","status":"publish","type":"page","link":"https:\/\/stemcells.suwebcr.com\/es\/lupus\/","title":{"rendered":"Lupus"},"content":{"rendered":"\t\t<div data-elementor-type=\"wp-post\" data-elementor-id=\"2282\" class=\"elementor elementor-2282 elementor-2199\" data-elementor-post-type=\"page\">\n\t\t\t\t\t\t<section class=\"elementor-section elementor-top-section elementor-element elementor-element-fb36a44 elementor-section-full_width elementor-section-height-default elementor-section-height-default\" data-id=\"fb36a44\" data-element_type=\"section\" data-settings=\"{&quot;background_background&quot;:&quot;classic&quot;,&quot;background_motion_fx_motion_fx_scrolling&quot;:&quot;yes&quot;,&quot;background_motion_fx_translateX_effect&quot;:&quot;yes&quot;,&quot;background_motion_fx_translateX_speed&quot;:{&quot;unit&quot;:&quot;px&quot;,&quot;size&quot;:0.8000000000000000444089209850062616169452667236328125,&quot;sizes&quot;:[]},&quot;shape_divider_top&quot;:&quot;pyramids&quot;,&quot;shape_divider_top_negative&quot;:&quot;yes&quot;,&quot;shape_divider_bottom&quot;:&quot;pyramids&quot;,&quot;background_motion_fx_translateX_affectedRange&quot;:{&quot;unit&quot;:&quot;%&quot;,&quot;size&quot;:&quot;&quot;,&quot;sizes&quot;:{&quot;start&quot;:0,&quot;end&quot;:100}},&quot;background_motion_fx_devices&quot;:[&quot;desktop&quot;,&quot;tablet&quot;,&quot;mobile&quot;]}\">\n\t\t\t\t\t\t\t<div class=\"elementor-background-overlay\"><\/div>\n\t\t\t\t\t\t<div class=\"elementor-shape elementor-shape-top\" aria-hidden=\"true\" data-negative=\"true\">\n\t\t\t<svg xmlns=\"http:\/\/www.w3.org\/2000\/svg\" viewBox=\"0 0 1000 100\" preserveAspectRatio=\"none\">\n\t<path class=\"elementor-shape-fill\" d=\"M761.9,40.6L643.1,24L333.9,93.8L0.1,1H0v99h1000V1\"\/>\n<\/svg>\t\t<\/div>\n\t\t\t\t<div class=\"elementor-shape elementor-shape-bottom\" aria-hidden=\"true\" data-negative=\"false\">\n\t\t\t<svg xmlns=\"http:\/\/www.w3.org\/2000\/svg\" viewBox=\"0 0 1000 100\" preserveAspectRatio=\"none\">\n\t<path class=\"elementor-shape-fill\" d=\"M761.9,44.1L643.1,27.2L333.8,98L0,3.8V0l1000,0v3.9\"\/>\n<\/svg>\t\t<\/div>\n\t\t\t\t\t<div class=\"elementor-container elementor-column-gap-no\">\n\t\t\t\t\t<div class=\"elementor-column elementor-col-100 elementor-top-column elementor-element elementor-element-80e30e3\" data-id=\"80e30e3\" data-element_type=\"column\">\n\t\t\t<div class=\"elementor-widget-wrap elementor-element-populated\">\n\t\t\t\t\t\t<section class=\"elementor-section elementor-inner-section elementor-element elementor-element-3fdc488 elementor-section-boxed elementor-section-height-default elementor-section-height-default\" data-id=\"3fdc488\" data-element_type=\"section\" data-settings=\"{&quot;background_background&quot;:&quot;classic&quot;}\">\n\t\t\t\t\t\t<div class=\"elementor-container elementor-column-gap-default\">\n\t\t\t\t\t<div class=\"elementor-column elementor-col-50 elementor-inner-column elementor-element elementor-element-7887f78\" data-id=\"7887f78\" data-element_type=\"column\">\n\t\t\t<div class=\"elementor-widget-wrap elementor-element-populated\">\n\t\t\t\t\t\t<div class=\"elementor-element elementor-element-3bbcfef animated-slow elementor-invisible elementor-widget elementor-widget-heading\" data-id=\"3bbcfef\" data-element_type=\"widget\" data-settings=\"{&quot;_animation&quot;:&quot;fadeIn&quot;,&quot;_animation_delay&quot;:500}\" data-widget_type=\"heading.default\">\n\t\t\t\t\t<span class=\"elementor-heading-title elementor-size-default\">Regeneraci\u00f3n. Reparaci\u00f3n. Restauraci\u00f3n.<\/span>\t\t\t\t<\/div>\n\t\t\t\t<div class=\"elementor-element elementor-element-172f02a animated-slow elementor-invisible elementor-widget elementor-widget-heading\" data-id=\"172f02a\" data-element_type=\"widget\" data-settings=\"{&quot;_animation&quot;:&quot;fadeIn&quot;,&quot;_animation_delay&quot;:900}\" data-widget_type=\"heading.default\">\n\t\t\t\t\t<h1 class=\"elementor-heading-title elementor-size-default\">Terapia con C\u00e9lulas Madre para el Lupus y el Lupus Eritematoso Sist\u00e9mico<\/h1>\t\t\t\t<\/div>\n\t\t\t\t\t<\/div>\n\t\t<\/div>\n\t\t\t\t<div class=\"elementor-column elementor-col-50 elementor-inner-column elementor-element elementor-element-b3a1053\" data-id=\"b3a1053\" data-element_type=\"column\">\n\t\t\t<div class=\"elementor-widget-wrap elementor-element-populated\">\n\t\t\t\t\t\t<div class=\"elementor-element elementor-element-62a74e0 elementor-widget elementor-widget-global elementor-global-23261 elementor-widget-html\" data-id=\"62a74e0\" data-element_type=\"widget\" data-widget_type=\"html.default\">\n\t\t\t\t\t<iframe\r\n  src=\"https:\/\/crm.wordpress-1021233-3607520.cloudwaysapps.com\/widget\/form\/virWvBeuIrgOaDQh6svg\"\r\n  style=\"width:100%;height:100%;border:none;border-radius:0px\"\r\n  id=\"inline-virWvBeuIrgOaDQh6svg\" \r\n  data-layout=\"{'id':'INLINE'}\"\r\n  data-trigger-type=\"alwaysShow\"\r\n  data-trigger-value=\"\"\r\n  data-activation-type=\"alwaysActivated\"\r\n  data-activation-value=\"\"\r\n  data-deactivation-type=\"neverDeactivate\"\r\n  data-deactivation-value=\"\"\r\n  data-form-name=\"Stem Cells Webform - Dark (Spanish)\"\r\n  data-height=\"620\"\r\n  data-layout-iframe-id=\"inline-virWvBeuIrgOaDQh6svg\"\r\n  data-form-id=\"virWvBeuIrgOaDQh6svg\"\r\n  title=\"Stem Cells Webform - Dark (Spanish)\"\r\n      >\r\n<\/iframe>\r\n<script src=\"https:\/\/crm.wordpress-1021233-3607520.cloudwaysapps.com\/js\/form_embed.js\"><\/script>\t\t\t\t<\/div>\n\t\t\t\t\t<\/div>\n\t\t<\/div>\n\t\t\t\t\t<\/div>\n\t\t<\/section>\n\t\t\t\t<section class=\"elementor-section elementor-inner-section elementor-element elementor-element-cd4c5ae elementor-section-full_width elementor-section-height-default elementor-section-height-default\" data-id=\"cd4c5ae\" data-element_type=\"section\">\n\t\t\t\t\t\t<div class=\"elementor-container elementor-column-gap-default\">\n\t\t\t\t\t<div class=\"elementor-column elementor-col-25 elementor-inner-column elementor-element elementor-element-28e5cfd\" data-id=\"28e5cfd\" data-element_type=\"column\" data-settings=\"{&quot;background_background&quot;:&quot;classic&quot;}\">\n\t\t\t<div class=\"elementor-widget-wrap elementor-element-populated\">\n\t\t\t\t\t<div class=\"elementor-background-overlay\"><\/div>\n\t\t\t\t\t\t<div class=\"elementor-element elementor-element-325b91a elementor-position-left elementor-widget__width-initial elementor-vertical-align-middle elementor-widget elementor-widget-image-box\" data-id=\"325b91a\" data-element_type=\"widget\" data-widget_type=\"image-box.default\">\n\t\t\t\t\t<div class=\"elementor-image-box-wrapper\"><figure class=\"elementor-image-box-img\"><a href=\"#help\" tabindex=\"-1\"><img fetchpriority=\"high\" decoding=\"async\" width=\"300\" height=\"300\" src=\"https:\/\/stemcells.suwebcr.com\/wp-content\/uploads\/2021\/09\/690150.png\" class=\"attachment-full size-full wp-image-24511\" alt=\"\" srcset=\"https:\/\/stemcells.suwebcr.com\/wp-content\/uploads\/2021\/09\/690150.png 300w, https:\/\/stemcells.suwebcr.com\/wp-content\/uploads\/2021\/09\/690150-150x150.png 150w\" sizes=\"(max-width: 300px) 100vw, 300px\" \/><\/a><\/figure><div class=\"elementor-image-box-content\"><h5 class=\"elementor-image-box-title\"><a href=\"#help\">\u00bfC\u00f3mo ayuda la terapia con c\u00e9lulas madre?<\/a><\/h5><\/div><\/div>\t\t\t\t<\/div>\n\t\t\t\t\t<\/div>\n\t\t<\/div>\n\t\t\t\t<div class=\"elementor-column elementor-col-25 elementor-inner-column elementor-element elementor-element-2c74a66\" data-id=\"2c74a66\" data-element_type=\"column\" data-settings=\"{&quot;background_background&quot;:&quot;classic&quot;}\">\n\t\t\t<div class=\"elementor-widget-wrap elementor-element-populated\">\n\t\t\t\t\t<div class=\"elementor-background-overlay\"><\/div>\n\t\t\t\t\t\t<div class=\"elementor-element elementor-element-487a98a elementor-position-left elementor-vertical-align-middle elementor-widget__width-initial elementor-widget elementor-widget-image-box\" data-id=\"487a98a\" data-element_type=\"widget\" data-widget_type=\"image-box.default\">\n\t\t\t\t\t<div class=\"elementor-image-box-wrapper\"><figure class=\"elementor-image-box-img\"><a href=\"#protocol\" tabindex=\"-1\"><img decoding=\"async\" width=\"216\" height=\"216\" src=\"https:\/\/stemcells.suwebcr.com\/wp-content\/uploads\/2021\/09\/1067182-200.png\" class=\"attachment-full size-full wp-image-24509\" alt=\"\" srcset=\"https:\/\/stemcells.suwebcr.com\/wp-content\/uploads\/2021\/09\/1067182-200.png 216w, https:\/\/stemcells.suwebcr.com\/wp-content\/uploads\/2021\/09\/1067182-200-150x150.png 150w\" sizes=\"(max-width: 216px) 100vw, 216px\" \/><\/a><\/figure><div class=\"elementor-image-box-content\"><h5 class=\"elementor-image-box-title\"><a href=\"#protocol\">Protocolo de tratamiento<\/a><\/h5><\/div><\/div>\t\t\t\t<\/div>\n\t\t\t\t\t<\/div>\n\t\t<\/div>\n\t\t\t\t<div class=\"elementor-column elementor-col-25 elementor-inner-column elementor-element elementor-element-9b19fff\" data-id=\"9b19fff\" data-element_type=\"column\" data-settings=\"{&quot;background_background&quot;:&quot;classic&quot;}\">\n\t\t\t<div class=\"elementor-widget-wrap elementor-element-populated\">\n\t\t\t\t\t<div class=\"elementor-background-overlay\"><\/div>\n\t\t\t\t\t\t<div class=\"elementor-element elementor-element-5afd131 elementor-position-left elementor-vertical-align-middle elementor-widget__width-initial elementor-widget elementor-widget-image-box\" data-id=\"5afd131\" data-element_type=\"widget\" data-widget_type=\"image-box.default\">\n\t\t\t\t\t<div class=\"elementor-image-box-wrapper\"><figure class=\"elementor-image-box-img\"><a href=\"#why-sti\" tabindex=\"-1\"><img decoding=\"async\" width=\"300\" height=\"300\" src=\"https:\/\/stemcells.suwebcr.com\/wp-content\/uploads\/2021\/09\/costa-rica.png\" class=\"attachment-full size-full wp-image-24507\" alt=\"\" srcset=\"https:\/\/stemcells.suwebcr.com\/wp-content\/uploads\/2021\/09\/costa-rica.png 300w, https:\/\/stemcells.suwebcr.com\/wp-content\/uploads\/2021\/09\/costa-rica-150x150.png 150w\" sizes=\"(max-width: 300px) 100vw, 300px\" \/><\/a><\/figure><div class=\"elementor-image-box-content\"><h5 class=\"elementor-image-box-title\"><a href=\"#why-sti\">\u00bfPor qu\u00e9 Costa Rica?<\/a><\/h5><\/div><\/div>\t\t\t\t<\/div>\n\t\t\t\t\t<\/div>\n\t\t<\/div>\n\t\t\t\t<div class=\"elementor-column elementor-col-25 elementor-inner-column elementor-element elementor-element-b70982e\" data-id=\"b70982e\" data-element_type=\"column\" data-settings=\"{&quot;background_background&quot;:&quot;classic&quot;}\">\n\t\t\t<div class=\"elementor-widget-wrap elementor-element-populated\">\n\t\t\t\t\t<div class=\"elementor-background-overlay\"><\/div>\n\t\t\t\t\t\t<div class=\"elementor-element elementor-element-e41c4e1 elementor-position-left elementor-vertical-align-middle elementor-widget__width-initial elementor-widget elementor-widget-image-box\" data-id=\"e41c4e1\" data-element_type=\"widget\" data-widget_type=\"image-box.default\">\n\t\t\t\t\t<div class=\"elementor-image-box-wrapper\"><figure class=\"elementor-image-box-img\"><a href=\"#why-sti\" tabindex=\"-1\"><img loading=\"lazy\" decoding=\"async\" width=\"300\" height=\"168\" src=\"https:\/\/stemcells.suwebcr.com\/wp-content\/uploads\/2021\/09\/celula.png\" class=\"attachment-full size-full wp-image-24505\" alt=\"\" \/><\/a><\/figure><div class=\"elementor-image-box-content\"><h5 class=\"elementor-image-box-title\"><a href=\"#why-sti\">\u00bfPor qu\u00e9 Stem Cells Transplant Institute?<\/a><\/h5><\/div><\/div>\t\t\t\t<\/div>\n\t\t\t\t\t<\/div>\n\t\t<\/div>\n\t\t\t\t\t<\/div>\n\t\t<\/section>\n\t\t\t\t\t<\/div>\n\t\t<\/div>\n\t\t\t\t\t<\/div>\n\t\t<\/section>\n\t\t\t\t<section class=\"elementor-section elementor-top-section elementor-element elementor-element-a1219e6 elementor-section-boxed elementor-section-height-default elementor-section-height-default\" data-id=\"a1219e6\" data-element_type=\"section\" id=\"help\">\n\t\t\t\t\t\t<div class=\"elementor-container elementor-column-gap-default\">\n\t\t\t\t\t<div class=\"elementor-column elementor-col-50 elementor-top-column elementor-element elementor-element-94f0778\" data-id=\"94f0778\" data-element_type=\"column\">\n\t\t\t<div class=\"elementor-widget-wrap elementor-element-populated\">\n\t\t\t\t\t\t<div class=\"elementor-element elementor-element-0d542a7 elementor-widget elementor-widget-video\" data-id=\"0d542a7\" data-element_type=\"widget\" data-settings=\"{&quot;youtube_url&quot;:&quot;https:\\\/\\\/youtu.be\\\/3NgQ5zYfcTY&quot;,&quot;video_type&quot;:&quot;youtube&quot;,&quot;controls&quot;:&quot;yes&quot;}\" data-widget_type=\"video.default\">\n\t\t\t\t\t\t\t<div class=\"elementor-wrapper elementor-open-inline\">\n\t\t\t<div class=\"elementor-video\"><\/div>\t\t<\/div>\n\t\t\t\t\t\t<\/div>\n\t\t\t\t\t<\/div>\n\t\t<\/div>\n\t\t\t\t<div class=\"elementor-column elementor-col-50 elementor-top-column elementor-element elementor-element-6de660b\" data-id=\"6de660b\" data-element_type=\"column\">\n\t\t\t<div class=\"elementor-widget-wrap elementor-element-populated\">\n\t\t\t\t\t\t<div class=\"elementor-element elementor-element-fedd188 elementor-widget elementor-widget-text-editor\" data-id=\"fedd188\" data-element_type=\"widget\" data-widget_type=\"text-editor.default\">\n\t\t\t\t\t\t\t\t\tEl Lupus Eritematoso Sist\u00e9mico es una enfermedad autoinmune sist\u00e9mica que ocurre cuando el sistema inmunitario de su cuerpo ataca por error sus propios tejidos y \u00f3rganos sanos.\r\n\r\nEn el <em>Stem Cells Transplant Institute<\/em> en Costa Rica, utilizamos C\u00e9lulas Madre Mesenquimales (hUC-MSC) para el tratamiento del Lupus Eritematoso Sist\u00e9mico.\r\n\r\n<strong>Los s\u00edntomas del Lupus var\u00edan de acuerdo a la parte afectada del cuerpo<\/strong>\r\n\r\nLa siguiente es una lista de los s\u00edntomas m\u00e1s comunes:\r\n<ul>\r\n \t<li>Ojos secos<\/li>\r\n \t<li>Cansancio<\/li>\r\n \t<li>Fiebre<\/li>\r\n \t<li>Dolor e inflamaci\u00f3n articular<\/li>\r\n \t<li>Lesi\u00f3n en la piel conocida como Fen\u00f3meno de Raynaud (dedos de manos y pies se tornan blancos o azulados)<\/li>\r\n \t<li>Dificultad para respirar<\/li>\r\n \t<li>Dolor en el pecho<\/li>\r\n \t<li>Dolor de cabeza<\/li>\r\n \t<li>Confusi\u00f3n o p\u00e9rdida de la memoria<\/li>\r\n<\/ul>\t\t\t\t\t\t\t\t<\/div>\n\t\t\t\t\t<\/div>\n\t\t<\/div>\n\t\t\t\t\t<\/div>\n\t\t<\/section>\n\t\t\t\t<section class=\"elementor-section elementor-top-section elementor-element elementor-element-4a4e3f8 elementor-section-boxed elementor-section-height-default elementor-section-height-default\" data-id=\"4a4e3f8\" data-element_type=\"section\" data-settings=\"{&quot;background_background&quot;:&quot;classic&quot;}\">\n\t\t\t\t\t\t\t<div class=\"elementor-background-overlay\"><\/div>\n\t\t\t\t\t\t\t<div class=\"elementor-container elementor-column-gap-default\">\n\t\t\t\t\t<div class=\"elementor-column elementor-col-50 elementor-top-column elementor-element elementor-element-d987e9c\" data-id=\"d987e9c\" data-element_type=\"column\">\n\t\t\t<div class=\"elementor-widget-wrap elementor-element-populated\">\n\t\t\t\t\t\t<div class=\"elementor-element elementor-element-300cc88 elementor-widget elementor-widget-text-editor\" data-id=\"300cc88\" data-element_type=\"widget\" data-widget_type=\"text-editor.default\">\n\t\t\t\t\t\t\t\t\t<h2>\u00bfQu\u00e9 sabemos sobre el Lupus Eritematoso Sist\u00e9mico?<\/h2>\n<p>Los anticuerpos son producidos por el sistema inmunol\u00f3gico para protegernos de invasores extra\u00f1os como virus, bacterias y g\u00e9rmenes. El sistema inmunitario de los pacientes con Lupus Eritematoso Sist\u00e9mico funciona de manera deficiente y es incapaz de distinguir entre los invasores extra\u00f1os y el tejido sano del cuerpo, por lo que env\u00eda anticuerpos para atacar y destruir el tejido sano.<\/p>\n\n<p>Aproximadamente el 10% de los pacientes con Lupus desarrollan el tipo Lupus Eritematoso Sist\u00e9mico, una forma m\u00e1s grave de la enfermedad. Puede afectar las articulaciones, la piel, los ri\u00f1ones, el cerebro, el coraz\u00f3n, los pulmones y los vasos sangu\u00edneos.<\/p>\n\n<p>Algunos pacientes experimentan una aparici\u00f3n repentina de s\u00edntomas, mientras que otros pueden tener s\u00edntomas que se desarrollan lentamente.<\/p>\n\n<p>Los tratamientos actuales aprobados por la FDA disminuyen la inflamaci\u00f3n y\/o el nivel de actividad autoinmune y se seleccionan, teniendo en cuenta la gravedad de los s\u00edntomas el \u00a0\u00f3rgano que est\u00e1 afectado.<\/p>\n\n<p>A los pacientes con s\u00edntomas m\u00e1s graves generalmente se les recetar\u00e1n corticosteroides, inmunosupresores, un anticuerpo monoclonal o Rituxan.<\/p>\n\n<p>Los pacientes rara vez se curan con los tratamientos est\u00e1ndar y, a menudo, se requiere un tratamiento de por vida. Estos medicamentos son costosos y podr\u00eda llevar a\u00f1os encontrar la combinaci\u00f3n correcta.<\/p>\t\t\t\t\t\t\t\t<\/div>\n\t\t\t\t\t<\/div>\n\t\t<\/div>\n\t\t\t\t<div class=\"elementor-column elementor-col-50 elementor-top-column elementor-element elementor-element-c030eea\" data-id=\"c030eea\" data-element_type=\"column\">\n\t\t\t<div class=\"elementor-widget-wrap elementor-element-populated\">\n\t\t\t\t\t\t<div class=\"elementor-element elementor-element-0e68ef6 elementor-widget elementor-widget-text-editor\" data-id=\"0e68ef6\" data-element_type=\"widget\" data-widget_type=\"text-editor.default\">\n\t\t\t\t\t\t\t\t\t<h2>\u00bfQu\u00e9 est\u00e1n investigando los m\u00e9dicos sobre la Terapia con C\u00e9lulas Madre para mejorar los s\u00edntomas del Lupus Eritematoso Sist\u00e9mico?<\/h2>\n<p>M\u00e1s de 200 pacientes a los que no les resultaron los tratamientos est\u00e1ndar fueron evaluados por m\u00e9dicos en China para determinar la seguridad y eficacia de los tratamientos con C\u00e9lulas Madre Mesenquimales.<\/p>\n\n<p>En general, el 75 % de los pacientes respondieron al tratamiento y algunos pacientes informaron una reducci\u00f3n de los s\u00edntomas que dur\u00f3 hasta 24 meses.<\/p>\n\n<p>Brindando un seguimiento de los pacientes por 5 a\u00f1os, de 81 pacientes, el 54 % segu\u00edan en remisi\u00f3n total o parcial de la enfermedad.<\/p>\n\n<p>Los investigadores encontraron que la terapia con C\u00e9lulas Madre es segura y efectiva a\u00fan despu\u00e9s de 6 a\u00f1os, sin efectos adversos graves relacionados con el tratamiento.<\/p>\n\n<p>Se ha descubierto que las C\u00e9lulas Madre del cord\u00f3n umbilical son seguras en pacientes con enfermedades inmunitarias.<\/p>\n\n<p>Seg\u00fan ClinicalTrials.gov (https:\/\/clinicaltrials.gov), se est\u00e1n realizando 8 estudios con hUC-MSC en pacientes con Lupus Erimatoso Sist\u00e9mico y 39 ensayos cl\u00ednicos adicionales en otras enfermedades autoinmunes relacionadas.<\/p>\t\t\t\t\t\t\t\t<\/div>\n\t\t\t\t\t<\/div>\n\t\t<\/div>\n\t\t\t\t\t<\/div>\n\t\t<\/section>\n\t\t\t\t<section class=\"elementor-section elementor-top-section elementor-element elementor-element-1ecdf124 elementor-section-boxed elementor-section-height-default elementor-section-height-default\" data-id=\"1ecdf124\" data-element_type=\"section\" data-settings=\"{&quot;background_background&quot;:&quot;gradient&quot;}\">\n\t\t\t\t\t\t<div class=\"elementor-container elementor-column-gap-default\">\n\t\t\t\t\t<div class=\"elementor-column elementor-col-100 elementor-top-column elementor-element elementor-element-2d8b5cb3\" data-id=\"2d8b5cb3\" data-element_type=\"column\" id=\"protocol\">\n\t\t\t<div class=\"elementor-widget-wrap elementor-element-populated\">\n\t\t\t\t\t\t<section class=\"elementor-section elementor-inner-section elementor-element elementor-element-3b7ad872 elementor-section-boxed elementor-section-height-default elementor-section-height-default\" data-id=\"3b7ad872\" data-element_type=\"section\" data-settings=\"{&quot;background_background&quot;:&quot;classic&quot;}\">\n\t\t\t\t\t\t<div class=\"elementor-container elementor-column-gap-default\">\n\t\t\t\t\t<div class=\"elementor-column elementor-col-50 elementor-inner-column elementor-element elementor-element-66616f85 animated-slow elementor-invisible\" data-id=\"66616f85\" data-element_type=\"column\" data-settings=\"{&quot;background_background&quot;:&quot;classic&quot;,&quot;animation&quot;:&quot;fadeIn&quot;}\">\n\t\t\t<div class=\"elementor-widget-wrap elementor-element-populated\">\n\t\t\t\t\t\t<div class=\"elementor-element elementor-element-437fa984 elementor-widget elementor-widget-spacer\" data-id=\"437fa984\" data-element_type=\"widget\" data-widget_type=\"spacer.default\">\n\t\t\t\t\t\t\t<div class=\"elementor-spacer\">\n\t\t\t<div class=\"elementor-spacer-inner\"><\/div>\n\t\t<\/div>\n\t\t\t\t\t\t<\/div>\n\t\t\t\t<div class=\"elementor-element elementor-element-7330a5b9 elementor-widget elementor-widget-heading\" data-id=\"7330a5b9\" data-element_type=\"widget\" data-widget_type=\"heading.default\">\n\t\t\t\t\t<h5 class=\"elementor-heading-title elementor-size-default\">Donaci\u00f3n de cordones umbilicales<\/h5>\t\t\t\t<\/div>\n\t\t\t\t\t<\/div>\n\t\t<\/div>\n\t\t\t\t<div class=\"elementor-column elementor-col-50 elementor-inner-column elementor-element elementor-element-3d1a334f animated-slow elementor-invisible\" data-id=\"3d1a334f\" data-element_type=\"column\" data-settings=\"{&quot;background_background&quot;:&quot;classic&quot;,&quot;animation&quot;:&quot;fadeIn&quot;}\">\n\t\t\t<div class=\"elementor-widget-wrap elementor-element-populated\">\n\t\t\t\t\t\t<div class=\"elementor-element elementor-element-23064bb6 elementor-widget elementor-widget-spacer\" data-id=\"23064bb6\" data-element_type=\"widget\" data-widget_type=\"spacer.default\">\n\t\t\t\t\t\t\t<div class=\"elementor-spacer\">\n\t\t\t<div class=\"elementor-spacer-inner\"><\/div>\n\t\t<\/div>\n\t\t\t\t\t\t<\/div>\n\t\t\t\t<div class=\"elementor-element elementor-element-3319ebd9 elementor-widget elementor-widget-heading\" data-id=\"3319ebd9\" data-element_type=\"widget\" data-widget_type=\"heading.default\">\n\t\t\t\t\t<h5 class=\"elementor-heading-title elementor-size-default\">Administraci\u00f3n intravenosa<\/h5>\t\t\t\t<\/div>\n\t\t\t\t\t<\/div>\n\t\t<\/div>\n\t\t\t\t\t<\/div>\n\t\t<\/section>\n\t\t\t\t<div class=\"elementor-element elementor-element-72649ad0 elementor-widget__width-initial elementor-widget-mobile__width-inherit elementor-widget elementor-widget-text-editor\" data-id=\"72649ad0\" data-element_type=\"widget\" data-widget_type=\"text-editor.default\">\n\t\t\t\t\t\t\t\t\t<h2>\u00bfC\u00f3mo se recolectan las C\u00e9lulas Madre?<\/h2>\r\nLas C\u00e9lulas Madre del cord\u00f3n umbilical, que se derivan exclusivamente de donaciones, son las \u00fanicas C\u00e9lulas Madre con las que trabajamos.\r\n\r\nLas C\u00e9lulas Madre del cord\u00f3n umbilical se recolectan despu\u00e9s de que el o los padres hayan dado su consentimiento y despu\u00e9s del nacimiento del beb\u00e9.\r\n\r\nLa recolecci\u00f3n sigue estrictos protocolos \u00e9ticos que garantizan que las C\u00e9lulas Madre provengan de fuentes seguras y confiables, mediante un procedimiento no invasivo, simple e indoloro.\t\t\t\t\t\t\t\t<\/div>\n\t\t\t\t<div class=\"elementor-element elementor-element-203d0441 elementor-widget__width-initial elementor-widget-mobile__width-inherit elementor-widget elementor-widget-text-editor\" data-id=\"203d0441\" data-element_type=\"widget\" data-widget_type=\"text-editor.default\">\n\t\t\t\t\t\t\t\t\t<h2>\u00bfC\u00f3mo son administradas las c\u00e9lulas madre?<\/h2>\r\nNuestro staff de enfermeros administran las c\u00e9lulas madres a trav\u00e9s de v\u00eda intravenosa y via intra pulmonar. Para resultados m\u00e1s efectivos, se prefiere la administraci\u00f3n intravenosa.\t\t\t\t\t\t\t\t<\/div>\n\t\t\t\t\t<\/div>\n\t\t<\/div>\n\t\t\t\t\t<\/div>\n\t\t<\/section>\n\t\t\t\t<section class=\"elementor-section elementor-top-section elementor-element elementor-element-6c0842e8 elementor-section-boxed elementor-section-height-default elementor-section-height-default\" data-id=\"6c0842e8\" data-element_type=\"section\" id=\"why-sti\" data-settings=\"{&quot;background_background&quot;:&quot;classic&quot;}\">\n\t\t\t\t\t\t\t<div class=\"elementor-background-overlay\"><\/div>\n\t\t\t\t\t\t\t<div class=\"elementor-container elementor-column-gap-default\">\n\t\t\t\t\t<div class=\"elementor-column elementor-col-100 elementor-top-column elementor-element elementor-element-532fe4fe\" data-id=\"532fe4fe\" data-element_type=\"column\">\n\t\t\t<div class=\"elementor-widget-wrap elementor-element-populated\">\n\t\t\t\t\t\t<div class=\"elementor-element elementor-element-495e9cfe elementor-widget-mobile__width-inherit elementor-widget elementor-widget-text-editor\" data-id=\"495e9cfe\" data-element_type=\"widget\" data-widget_type=\"text-editor.default\">\n\t\t\t\t\t\t\t\t\t<h2>Acerca de Stem Cells Transplant Institute<\/h2>\r\nCosta Rica tiene uno de los mejores sistemas de salud del mundo, clasificado adem\u00e1s, entre los m\u00e1s altos para el turismo m\u00e9dico.\r\n\r\nUtilizando las tecnolog\u00edas m\u00e1s avanzadas, el equipo de expertos del <em>Stem Cells Transplant Institute<\/em> cree en el potencial de la terapia con C\u00e9lulas Madre para el tratamiento de la Esclerosis M\u00faltiple.\r\n\r\nEstamos comprometidos a brindar un servicio personalizado y de la m\u00e1s alta calidad de atenci\u00f3n para cada paciente.\t\t\t\t\t\t\t\t<\/div>\n\t\t\t\t\t<\/div>\n\t\t<\/div>\n\t\t\t\t\t<\/div>\n\t\t<\/section>\n\t\t\t\t<\/div>\n\t\t","protected":false},"excerpt":{"rendered":"<p>Regeneraci\u00f3n. Reparaci\u00f3n. Restauraci\u00f3n. Terapia con C\u00e9lulas Madre para el Lupus y el Lupus Eritematoso Sist\u00e9mico \u00bfC\u00f3mo ayuda la terapia con c\u00e9lulas madre? Protocolo de tratamiento \u00bfPor qu\u00e9 Costa Rica? \u00bfPor qu\u00e9 Stem Cells Transplant Institute? https:\/\/youtu.be\/3NgQ5zYfcTYEl Lupus Eritematoso Sist\u00e9mico es una enfermedad autoinmune sist\u00e9mica que ocurre cuando el sistema inmunitario de su cuerpo ataca por [&hellip;]<\/p>\n","protected":false},"author":1,"featured_media":2878,"parent":0,"menu_order":4,"comment_status":"closed","ping_status":"closed","template":"","meta":{"footnotes":""},"class_list":["post-2282","page","type-page","status-publish","has-post-thumbnail","hentry"],"_links":{"self":[{"href":"https:\/\/stemcells.suwebcr.com\/es\/wp-json\/wp\/v2\/pages\/2282","targetHints":{"allow":["GET"]}}],"collection":[{"href":"https:\/\/stemcells.suwebcr.com\/es\/wp-json\/wp\/v2\/pages"}],"about":[{"href":"https:\/\/stemcells.suwebcr.com\/es\/wp-json\/wp\/v2\/types\/page"}],"author":[{"embeddable":true,"href":"https:\/\/stemcells.suwebcr.com\/es\/wp-json\/wp\/v2\/users\/1"}],"replies":[{"embeddable":true,"href":"https:\/\/stemcells.suwebcr.com\/es\/wp-json\/wp\/v2\/comments?post=2282"}],"version-history":[{"count":0,"href":"https:\/\/stemcells.suwebcr.com\/es\/wp-json\/wp\/v2\/pages\/2282\/revisions"}],"wp:featuredmedia":[{"embeddable":true,"href":"https:\/\/stemcells.suwebcr.com\/es\/wp-json\/wp\/v2\/media\/2878"}],"wp:attachment":[{"href":"https:\/\/stemcells.suwebcr.com\/es\/wp-json\/wp\/v2\/media?parent=2282"}],"curies":[{"name":"wp","href":"https:\/\/api.w.org\/{rel}","templated":true}]}}