{"id":2263,"date":"2016-01-10T16:20:01","date_gmt":"2016-01-10T16:20:01","guid":{"rendered":"\/?page_id=2263"},"modified":"2022-04-12T11:21:43","modified_gmt":"2022-04-12T17:21:43","slug":"neuropatia","status":"publish","type":"page","link":"https:\/\/stemcells.suwebcr.com\/es\/neuropatia\/","title":{"rendered":"Neuropat\u00eda"},"content":{"rendered":"\t\t<div data-elementor-type=\"wp-post\" data-elementor-id=\"2263\" class=\"elementor elementor-2263 elementor-2211\" data-elementor-post-type=\"page\">\n\t\t\t\t\t\t<section class=\"elementor-section elementor-top-section elementor-element elementor-element-f1193f9 elementor-section-full_width elementor-section-height-default elementor-section-height-default\" data-id=\"f1193f9\" data-element_type=\"section\" data-settings=\"{&quot;background_background&quot;:&quot;classic&quot;,&quot;background_motion_fx_motion_fx_scrolling&quot;:&quot;yes&quot;,&quot;background_motion_fx_translateX_effect&quot;:&quot;yes&quot;,&quot;background_motion_fx_translateX_speed&quot;:{&quot;unit&quot;:&quot;px&quot;,&quot;size&quot;:0.8000000000000000444089209850062616169452667236328125,&quot;sizes&quot;:[]},&quot;shape_divider_top&quot;:&quot;pyramids&quot;,&quot;shape_divider_top_negative&quot;:&quot;yes&quot;,&quot;shape_divider_bottom&quot;:&quot;pyramids&quot;,&quot;background_motion_fx_translateX_affectedRange&quot;:{&quot;unit&quot;:&quot;%&quot;,&quot;size&quot;:&quot;&quot;,&quot;sizes&quot;:{&quot;start&quot;:0,&quot;end&quot;:100}},&quot;background_motion_fx_devices&quot;:[&quot;desktop&quot;,&quot;tablet&quot;,&quot;mobile&quot;]}\">\n\t\t\t\t\t\t\t<div class=\"elementor-background-overlay\"><\/div>\n\t\t\t\t\t\t<div class=\"elementor-shape elementor-shape-top\" aria-hidden=\"true\" data-negative=\"true\">\n\t\t\t<svg xmlns=\"http:\/\/www.w3.org\/2000\/svg\" viewBox=\"0 0 1000 100\" preserveAspectRatio=\"none\">\n\t<path class=\"elementor-shape-fill\" d=\"M761.9,40.6L643.1,24L333.9,93.8L0.1,1H0v99h1000V1\"\/>\n<\/svg>\t\t<\/div>\n\t\t\t\t<div class=\"elementor-shape elementor-shape-bottom\" aria-hidden=\"true\" data-negative=\"false\">\n\t\t\t<svg xmlns=\"http:\/\/www.w3.org\/2000\/svg\" viewBox=\"0 0 1000 100\" preserveAspectRatio=\"none\">\n\t<path class=\"elementor-shape-fill\" d=\"M761.9,44.1L643.1,27.2L333.8,98L0,3.8V0l1000,0v3.9\"\/>\n<\/svg>\t\t<\/div>\n\t\t\t\t\t<div class=\"elementor-container elementor-column-gap-no\">\n\t\t\t\t\t<div class=\"elementor-column elementor-col-100 elementor-top-column elementor-element elementor-element-5b677c0\" data-id=\"5b677c0\" data-element_type=\"column\">\n\t\t\t<div class=\"elementor-widget-wrap elementor-element-populated\">\n\t\t\t\t\t\t<section class=\"elementor-section elementor-inner-section elementor-element elementor-element-b0c9e63 elementor-section-boxed elementor-section-height-default elementor-section-height-default\" data-id=\"b0c9e63\" data-element_type=\"section\" data-settings=\"{&quot;background_background&quot;:&quot;classic&quot;}\">\n\t\t\t\t\t\t<div class=\"elementor-container elementor-column-gap-default\">\n\t\t\t\t\t<div class=\"elementor-column elementor-col-50 elementor-inner-column elementor-element elementor-element-630ae31\" data-id=\"630ae31\" data-element_type=\"column\">\n\t\t\t<div class=\"elementor-widget-wrap elementor-element-populated\">\n\t\t\t\t\t\t<div class=\"elementor-element elementor-element-0c377bb animated-slow elementor-invisible elementor-widget elementor-widget-heading\" data-id=\"0c377bb\" data-element_type=\"widget\" data-settings=\"{&quot;_animation&quot;:&quot;fadeIn&quot;,&quot;_animation_delay&quot;:500}\" data-widget_type=\"heading.default\">\n\t\t\t\t\t<span class=\"elementor-heading-title elementor-size-default\">Regeneraci\u00f3n. Reparaci\u00f3n. Restauraci\u00f3n<\/span>\t\t\t\t<\/div>\n\t\t\t\t<div class=\"elementor-element elementor-element-fb43972 animated-slow elementor-invisible elementor-widget elementor-widget-heading\" data-id=\"fb43972\" data-element_type=\"widget\" data-settings=\"{&quot;_animation&quot;:&quot;fadeIn&quot;,&quot;_animation_delay&quot;:900}\" data-widget_type=\"heading.default\">\n\t\t\t\t\t<h1 class=\"elementor-heading-title elementor-size-default\">Terapia con C\u00e9lulas Madre para Neuropat\u00eda y Neuropat\u00eda Diab\u00e9tica. <\/h1>\t\t\t\t<\/div>\n\t\t\t\t\t<\/div>\n\t\t<\/div>\n\t\t\t\t<div class=\"elementor-column elementor-col-50 elementor-inner-column elementor-element elementor-element-c1440e6\" data-id=\"c1440e6\" data-element_type=\"column\">\n\t\t\t<div class=\"elementor-widget-wrap elementor-element-populated\">\n\t\t\t\t\t\t<div class=\"elementor-element elementor-element-a4d91ef elementor-widget elementor-widget-global elementor-global-23261 elementor-widget-html\" data-id=\"a4d91ef\" data-element_type=\"widget\" data-widget_type=\"html.default\">\n\t\t\t\t\t<iframe\r\n  src=\"https:\/\/crm.wordpress-1021233-3607520.cloudwaysapps.com\/widget\/form\/virWvBeuIrgOaDQh6svg\"\r\n  style=\"width:100%;height:100%;border:none;border-radius:0px\"\r\n  id=\"inline-virWvBeuIrgOaDQh6svg\" \r\n  data-layout=\"{'id':'INLINE'}\"\r\n  data-trigger-type=\"alwaysShow\"\r\n  data-trigger-value=\"\"\r\n  data-activation-type=\"alwaysActivated\"\r\n  data-activation-value=\"\"\r\n  data-deactivation-type=\"neverDeactivate\"\r\n  data-deactivation-value=\"\"\r\n  data-form-name=\"Stem Cells Webform - Dark (Spanish)\"\r\n  data-height=\"620\"\r\n  data-layout-iframe-id=\"inline-virWvBeuIrgOaDQh6svg\"\r\n  data-form-id=\"virWvBeuIrgOaDQh6svg\"\r\n  title=\"Stem Cells Webform - Dark (Spanish)\"\r\n      >\r\n<\/iframe>\r\n<script src=\"https:\/\/crm.wordpress-1021233-3607520.cloudwaysapps.com\/js\/form_embed.js\"><\/script>\t\t\t\t<\/div>\n\t\t\t\t\t<\/div>\n\t\t<\/div>\n\t\t\t\t\t<\/div>\n\t\t<\/section>\n\t\t\t\t<section class=\"elementor-section elementor-inner-section elementor-element elementor-element-25063ea elementor-section-full_width elementor-section-height-default elementor-section-height-default\" data-id=\"25063ea\" data-element_type=\"section\">\n\t\t\t\t\t\t<div class=\"elementor-container elementor-column-gap-default\">\n\t\t\t\t\t<div class=\"elementor-column elementor-col-25 elementor-inner-column elementor-element elementor-element-fbaa9cd\" data-id=\"fbaa9cd\" data-element_type=\"column\" data-settings=\"{&quot;background_background&quot;:&quot;classic&quot;}\">\n\t\t\t<div class=\"elementor-widget-wrap elementor-element-populated\">\n\t\t\t\t\t<div class=\"elementor-background-overlay\"><\/div>\n\t\t\t\t\t\t<div class=\"elementor-element elementor-element-69fd796 elementor-position-left elementor-widget__width-initial elementor-vertical-align-middle elementor-widget elementor-widget-image-box\" data-id=\"69fd796\" data-element_type=\"widget\" data-widget_type=\"image-box.default\">\n\t\t\t\t\t<div class=\"elementor-image-box-wrapper\"><figure class=\"elementor-image-box-img\"><a href=\"#help\" tabindex=\"-1\"><img fetchpriority=\"high\" decoding=\"async\" width=\"300\" height=\"300\" src=\"https:\/\/stemcells.suwebcr.com\/wp-content\/uploads\/2021\/09\/690150.png\" class=\"attachment-full size-full wp-image-24511\" alt=\"\" srcset=\"https:\/\/stemcells.suwebcr.com\/wp-content\/uploads\/2021\/09\/690150.png 300w, https:\/\/stemcells.suwebcr.com\/wp-content\/uploads\/2021\/09\/690150-150x150.png 150w\" sizes=\"(max-width: 300px) 100vw, 300px\" \/><\/a><\/figure><div class=\"elementor-image-box-content\"><h5 class=\"elementor-image-box-title\"><a href=\"#help\">\u00bfC\u00f3mo puede ayudar la terapia con c\u00e9lulas madres?<\/a><\/h5><\/div><\/div>\t\t\t\t<\/div>\n\t\t\t\t\t<\/div>\n\t\t<\/div>\n\t\t\t\t<div class=\"elementor-column elementor-col-25 elementor-inner-column elementor-element elementor-element-c3cdc6a\" data-id=\"c3cdc6a\" data-element_type=\"column\" data-settings=\"{&quot;background_background&quot;:&quot;classic&quot;}\">\n\t\t\t<div class=\"elementor-widget-wrap elementor-element-populated\">\n\t\t\t\t\t<div class=\"elementor-background-overlay\"><\/div>\n\t\t\t\t\t\t<div class=\"elementor-element elementor-element-3d4bb52 elementor-position-left elementor-vertical-align-middle elementor-widget__width-initial elementor-widget elementor-widget-image-box\" data-id=\"3d4bb52\" data-element_type=\"widget\" data-widget_type=\"image-box.default\">\n\t\t\t\t\t<div class=\"elementor-image-box-wrapper\"><figure class=\"elementor-image-box-img\"><a href=\"#protocol\" tabindex=\"-1\"><img decoding=\"async\" width=\"216\" height=\"216\" src=\"https:\/\/stemcells.suwebcr.com\/wp-content\/uploads\/2021\/09\/1067182-200.png\" class=\"attachment-full size-full wp-image-24509\" alt=\"\" srcset=\"https:\/\/stemcells.suwebcr.com\/wp-content\/uploads\/2021\/09\/1067182-200.png 216w, https:\/\/stemcells.suwebcr.com\/wp-content\/uploads\/2021\/09\/1067182-200-150x150.png 150w\" sizes=\"(max-width: 216px) 100vw, 216px\" \/><\/a><\/figure><div class=\"elementor-image-box-content\"><h5 class=\"elementor-image-box-title\"><a href=\"#protocol\">Protocolo del tratamiento<\/a><\/h5><\/div><\/div>\t\t\t\t<\/div>\n\t\t\t\t\t<\/div>\n\t\t<\/div>\n\t\t\t\t<div class=\"elementor-column elementor-col-25 elementor-inner-column elementor-element elementor-element-0f833fe\" data-id=\"0f833fe\" data-element_type=\"column\" data-settings=\"{&quot;background_background&quot;:&quot;classic&quot;}\">\n\t\t\t<div class=\"elementor-widget-wrap elementor-element-populated\">\n\t\t\t\t\t<div class=\"elementor-background-overlay\"><\/div>\n\t\t\t\t\t\t<div class=\"elementor-element elementor-element-07c7726 elementor-position-left elementor-vertical-align-middle elementor-widget__width-initial elementor-widget elementor-widget-image-box\" data-id=\"07c7726\" data-element_type=\"widget\" data-widget_type=\"image-box.default\">\n\t\t\t\t\t<div class=\"elementor-image-box-wrapper\"><figure class=\"elementor-image-box-img\"><a href=\"#costa-rica\" tabindex=\"-1\"><img decoding=\"async\" width=\"300\" height=\"300\" src=\"https:\/\/stemcells.suwebcr.com\/wp-content\/uploads\/2021\/09\/costa-rica.png\" class=\"attachment-full size-full wp-image-24507\" alt=\"\" srcset=\"https:\/\/stemcells.suwebcr.com\/wp-content\/uploads\/2021\/09\/costa-rica.png 300w, https:\/\/stemcells.suwebcr.com\/wp-content\/uploads\/2021\/09\/costa-rica-150x150.png 150w\" sizes=\"(max-width: 300px) 100vw, 300px\" \/><\/a><\/figure><div class=\"elementor-image-box-content\"><h5 class=\"elementor-image-box-title\"><a href=\"#costa-rica\">\u00bfPor qu\u00e9 Costa Rica?<\/a><\/h5><\/div><\/div>\t\t\t\t<\/div>\n\t\t\t\t\t<\/div>\n\t\t<\/div>\n\t\t\t\t<div class=\"elementor-column elementor-col-25 elementor-inner-column elementor-element elementor-element-f27b1ff\" data-id=\"f27b1ff\" data-element_type=\"column\" data-settings=\"{&quot;background_background&quot;:&quot;classic&quot;}\">\n\t\t\t<div class=\"elementor-widget-wrap elementor-element-populated\">\n\t\t\t\t\t<div class=\"elementor-background-overlay\"><\/div>\n\t\t\t\t\t\t<div class=\"elementor-element elementor-element-e5791c2 elementor-position-left elementor-vertical-align-middle elementor-widget__width-initial elementor-widget elementor-widget-image-box\" data-id=\"e5791c2\" data-element_type=\"widget\" data-widget_type=\"image-box.default\">\n\t\t\t\t\t<div class=\"elementor-image-box-wrapper\"><figure class=\"elementor-image-box-img\"><a href=\"#costa-rica\" tabindex=\"-1\"><img loading=\"lazy\" decoding=\"async\" width=\"300\" height=\"168\" src=\"https:\/\/stemcells.suwebcr.com\/wp-content\/uploads\/2021\/09\/celula.png\" class=\"attachment-full size-full wp-image-24505\" alt=\"\" \/><\/a><\/figure><div class=\"elementor-image-box-content\"><h5 class=\"elementor-image-box-title\"><a href=\"#costa-rica\">\u00bfPor qu\u00e9 Stem Cells Transplant Institute?<\/a><\/h5><\/div><\/div>\t\t\t\t<\/div>\n\t\t\t\t\t<\/div>\n\t\t<\/div>\n\t\t\t\t\t<\/div>\n\t\t<\/section>\n\t\t\t\t\t<\/div>\n\t\t<\/div>\n\t\t\t\t\t<\/div>\n\t\t<\/section>\n\t\t\t\t<section class=\"elementor-section elementor-top-section elementor-element elementor-element-181bf69 elementor-section-boxed elementor-section-height-default elementor-section-height-default\" data-id=\"181bf69\" data-element_type=\"section\">\n\t\t\t\t\t\t<div class=\"elementor-container elementor-column-gap-default\">\n\t\t\t\t\t<div class=\"elementor-column elementor-col-50 elementor-top-column elementor-element elementor-element-8f6ff95\" data-id=\"8f6ff95\" data-element_type=\"column\">\n\t\t\t<div class=\"elementor-widget-wrap elementor-element-populated\">\n\t\t\t\t\t\t<div class=\"elementor-element elementor-element-51eaab5 elementor-widget elementor-widget-image\" data-id=\"51eaab5\" data-element_type=\"widget\" data-widget_type=\"image.default\">\n\t\t\t\t\t\t\t\t\t\t\t\t\t\t\t<img loading=\"lazy\" decoding=\"async\" width=\"800\" height=\"534\" src=\"https:\/\/stemcells.suwebcr.com\/wp-content\/uploads\/2022\/02\/ulcer-recovering-diabetic-foot-syndrome-2021-09-04-07-40-21-utc-1024x683.jpg\" class=\"attachment-large size-large wp-image-26014\" alt=\"\" srcset=\"https:\/\/stemcells.suwebcr.com\/wp-content\/uploads\/2022\/02\/ulcer-recovering-diabetic-foot-syndrome-2021-09-04-07-40-21-utc-1024x683.jpg 1024w, https:\/\/stemcells.suwebcr.com\/wp-content\/uploads\/2022\/02\/ulcer-recovering-diabetic-foot-syndrome-2021-09-04-07-40-21-utc-300x200.jpg 300w, https:\/\/stemcells.suwebcr.com\/wp-content\/uploads\/2022\/02\/ulcer-recovering-diabetic-foot-syndrome-2021-09-04-07-40-21-utc-768x512.jpg 768w, https:\/\/stemcells.suwebcr.com\/wp-content\/uploads\/2022\/02\/ulcer-recovering-diabetic-foot-syndrome-2021-09-04-07-40-21-utc.jpg 1200w\" sizes=\"(max-width: 800px) 100vw, 800px\" \/>\t\t\t\t\t\t\t\t\t\t\t\t\t\t\t<\/div>\n\t\t\t\t\t<\/div>\n\t\t<\/div>\n\t\t\t\t<div class=\"elementor-column elementor-col-50 elementor-top-column elementor-element elementor-element-1d7b711\" data-id=\"1d7b711\" data-element_type=\"column\">\n\t\t\t<div class=\"elementor-widget-wrap elementor-element-populated\">\n\t\t\t\t\t\t<div class=\"elementor-element elementor-element-47cb866 elementor-widget elementor-widget-text-editor\" data-id=\"47cb866\" data-element_type=\"widget\" data-widget_type=\"text-editor.default\">\n\t\t\t\t\t\t\t\t\t<h2>\u00bfQu\u00e9 es la Neuropat\u00eda?<\/h2><p>La Neuropat\u00eda se produce cuando uno o m\u00e1s nervios est\u00e1n da\u00f1ados \u00f3 disfuncionales, causando entumecimiento, hormigueo, debilidad muscular y dolor en las \u00e1reas afectadas.<\/p><p>La Neuropat\u00eda Diab\u00e9tica, es una afecci\u00f3n com\u00fan para los pacientes en esa condici\u00f3n y debido a los altos niveles de az\u00facar en la sangre (glucosa) debe tratarse con seriedad. Los s\u00edntomas var\u00edan entre leves y graves, seg\u00fan el tipo de nervios afectados.<\/p><p>Seg\u00fan el Instituto Nacional de Diabetes y Enfermedades Digestivas y Renales (National Institute of Diabetes and Digestive and Kidney Disease), la Neuropat\u00eda Diab\u00e9tica afecta al 60-70% de las personas con diabetes tipo 1 y 2.<\/p>\t\t\t\t\t\t\t\t<\/div>\n\t\t\t\t\t<\/div>\n\t\t<\/div>\n\t\t\t\t\t<\/div>\n\t\t<\/section>\n\t\t\t\t<section class=\"elementor-section elementor-top-section elementor-element elementor-element-c0f906e elementor-section-boxed elementor-section-height-default elementor-section-height-default\" data-id=\"c0f906e\" data-element_type=\"section\" data-settings=\"{&quot;background_background&quot;:&quot;classic&quot;}\">\n\t\t\t\t\t\t\t<div class=\"elementor-background-overlay\"><\/div>\n\t\t\t\t\t\t\t<div class=\"elementor-container elementor-column-gap-default\">\n\t\t\t\t\t<div class=\"elementor-column elementor-col-50 elementor-top-column elementor-element elementor-element-995ecbe\" data-id=\"995ecbe\" data-element_type=\"column\">\n\t\t\t<div class=\"elementor-widget-wrap elementor-element-populated\">\n\t\t\t\t\t\t<div class=\"elementor-element elementor-element-038f9f1 elementor-widget elementor-widget-text-editor\" data-id=\"038f9f1\" data-element_type=\"widget\" data-widget_type=\"text-editor.default\">\n\t\t\t\t\t\t\t\t\t<h2>Factores de riesgo de la Neuropat\u00eda:<\/h2><ul><li>Alcoholismo<\/li><li>Trastornos de la m\u00e9dula \u00f3sea<\/li><li>Enfermedades autoinmunes<\/li><li>Enfermedad Renal<\/li><li>Enfermedad Hep\u00e1tica<\/li><li>Hipotiroidismo<\/li><li>Idiop\u00e1tica: sin causa conocida<\/li><li>Infecciones<\/li><li>Trastornos hereditarios<\/li><li>Medicaciones<\/li><li>Intoxicaciones<\/li><li>Traumatismos<\/li><li>Tumores<\/li><li>Deficiencia de vitaminas<\/li><li>Virus<\/li><\/ul>\t\t\t\t\t\t\t\t<\/div>\n\t\t\t\t\t<\/div>\n\t\t<\/div>\n\t\t\t\t<div class=\"elementor-column elementor-col-50 elementor-top-column elementor-element elementor-element-b0a113d\" data-id=\"b0a113d\" data-element_type=\"column\">\n\t\t\t<div class=\"elementor-widget-wrap elementor-element-populated\">\n\t\t\t\t\t\t<div class=\"elementor-element elementor-element-8c32bed elementor-widget elementor-widget-text-editor\" data-id=\"8c32bed\" data-element_type=\"widget\" data-widget_type=\"text-editor.default\">\n\t\t\t\t\t\t\t\t\t<h2>Tipos de Neuropat\u00eda:<\/h2><ol><li>Neuropat\u00eda Perif\u00e9rica<\/li><li>Neuropat\u00eda Proximal<\/li><li>Neuropat\u00eda Auton\u00f3mica<\/li><li>Neuropat\u00eda Focal<\/li><li>Neuropat\u00eda Craneal<\/li><\/ol><p>Es posible encontrar una o m\u00e1s tipos de estas cinco casos de Neuropat\u00edas.<\/p><p>Las Neuropat\u00edas pueden llegar a ser muy dif\u00edciles de diagnosticar con precisi\u00f3n y extremadamente dolorosas.<\/p><h2>La Neuropat\u00eda Diab\u00e9tica puede provocar otras afecciones graves como las que enunciamos:<\/h2><ul><li>Ataques al coraz\u00f3n<\/li><li>Problemas digestivos<\/li><li>\u00dalceras en los pies<\/li><li>Amputaciones<\/li><li>Mayor dificultad para controlar los niveles de az\u00facar en sangre<\/li><\/ul>\t\t\t\t\t\t\t\t<\/div>\n\t\t\t\t\t<\/div>\n\t\t<\/div>\n\t\t\t\t\t<\/div>\n\t\t<\/section>\n\t\t\t\t<section class=\"elementor-section elementor-top-section elementor-element elementor-element-dbf0d2a elementor-section-boxed elementor-section-height-default elementor-section-height-default\" data-id=\"dbf0d2a\" data-element_type=\"section\" id=\"help\">\n\t\t\t\t\t\t<div class=\"elementor-container elementor-column-gap-default\">\n\t\t\t\t\t<div class=\"elementor-column elementor-col-50 elementor-top-column elementor-element elementor-element-cb02484\" data-id=\"cb02484\" data-element_type=\"column\">\n\t\t\t<div class=\"elementor-widget-wrap elementor-element-populated\">\n\t\t\t\t\t\t<div class=\"elementor-element elementor-element-0067936 elementor-widget elementor-widget-text-editor\" data-id=\"0067936\" data-element_type=\"widget\" data-widget_type=\"text-editor.default\">\n\t\t\t\t\t\t\t\t\t<h2>\u00bfCu\u00e1les son las causas de la Neuropat\u00eda?<\/h2><p>Las causas de la Neuropat\u00eda pueden incluir: diabetes, neuropat\u00eda inducida por quimioterapia, gen\u00e9tica, infecciones inflamatorias, enfermedades autoinmunes, anomal\u00edas en las prote\u00ednas, sustancias qu\u00edmicas t\u00f3xicas, mala nutrici\u00f3n, alcoholismo, medicamentos e insuficiencia renal. Aunque a\u00fan se desconoce la causa exacta de la Neuropat\u00eda Diab\u00e9tica, los cient\u00edficos creen que se debe a los altos niveles de az\u00facar en la sangre.<\/p><p>Otros factores contribuyentes podr\u00edan ser: inflamaci\u00f3n, niveles altos de colesterol, triglic\u00e9ridos altos, presi\u00f3n arterial elevada, tabaquismo y obesidad. La evidencia sugiere que el da\u00f1o provocado a los nervios comienza de manera temprana, incluso se da en las personas con prediabetes. La Neuropat\u00eda Diab\u00e9tica afecta a ni\u00f1os, adolescentes y adultos.<\/p>\t\t\t\t\t\t\t\t<\/div>\n\t\t\t\t\t<\/div>\n\t\t<\/div>\n\t\t\t\t<div class=\"elementor-column elementor-col-50 elementor-top-column elementor-element elementor-element-ef2f53f\" data-id=\"ef2f53f\" data-element_type=\"column\">\n\t\t\t<div class=\"elementor-widget-wrap elementor-element-populated\">\n\t\t\t\t\t\t<div class=\"elementor-element elementor-element-d6be1b9 elementor-widget elementor-widget-text-editor\" data-id=\"d6be1b9\" data-element_type=\"widget\" data-widget_type=\"text-editor.default\">\n\t\t\t\t\t\t\t\t\t<h2>\u00bfC\u00f3mo pueden las C\u00e9lulas Madre mejorar los s\u00edntomas de la Neuropat\u00eda o Neuropat\u00eda Diab\u00e9tica?<\/h2><p>La investigaci\u00f3n demuestra que las c\u00e9lulas madre mejoran la Neuropat\u00eda al regular directamente tanto la angiog\u00e9nesis (el proceso fisiol\u00f3gico a trav\u00e9s del cual se forman nuevos vasos sangu\u00edneos) como la mielinizaci\u00f3n (el proceso de formaci\u00f3n de la capa o vaina de mielina alrededor de un nervio para permitir que los impulsos nerviosos se muevan m\u00e1s r\u00e1pidamente).Actualmente hay 47 estudios enumerados en el portal ClinicalTrials.gov, que eval\u00faan la seguridad o la eficacia de las C\u00e9lulas Madre para el tratamiento de la Neuropat\u00eda Diab\u00e9tica.<\/p><p>(<a href=\"https:\/\/clinicaltrials.gov\/ct2\/results?cond=Diabetic+Neuropathies&amp;term=stem+cell+therapy&amp;cntry=&amp;state=&amp;city=&amp;dist=\" target=\"_blank\" rel=\"noopener\">https:\/\/clinicaltrials.gov\/ct2\/results?cond=Diabetic+Neuropathies&amp;term=stem+cell+therapy&amp;cntry=&amp;state=&amp;city=&amp;dist=<\/a>)<\/p><p>Las C\u00e9lulas Madre Mesenquimales son c\u00e9lulas que se auto renuevan y\u00a0 se encuentran en casi todos los \u00f3rganos y tejidos, incluidos la m\u00e9dula \u00f3sea, el tejido adiposo, la sangre del cord\u00f3n umbilical y huesos, entre otros. Con base en investigaciones cl\u00ednicas, el Stem Cells Transplant Institute de Costa Rica recomienda el uso de C\u00e9lulas Madre Mesenquimales derivadas del cord\u00f3n umbilical para el tratamiento de la Neuropat\u00eda Diab\u00e9tica.<\/p>\t\t\t\t\t\t\t\t<\/div>\n\t\t\t\t\t<\/div>\n\t\t<\/div>\n\t\t\t\t\t<\/div>\n\t\t<\/section>\n\t\t\t\t<section class=\"elementor-section elementor-top-section elementor-element elementor-element-090dc91 elementor-section-boxed elementor-section-height-default elementor-section-height-default\" data-id=\"090dc91\" data-element_type=\"section\" id=\"costa-rica\" data-settings=\"{&quot;background_background&quot;:&quot;classic&quot;}\">\n\t\t\t\t\t\t\t<div class=\"elementor-background-overlay\"><\/div>\n\t\t\t\t\t\t\t<div class=\"elementor-container elementor-column-gap-default\">\n\t\t\t\t\t<div class=\"elementor-column elementor-col-100 elementor-top-column elementor-element elementor-element-95b6415\" data-id=\"95b6415\" data-element_type=\"column\">\n\t\t\t<div class=\"elementor-widget-wrap elementor-element-populated\">\n\t\t\t\t\t\t<div class=\"elementor-element elementor-element-4238c1b elementor-widget elementor-widget-text-editor\" data-id=\"4238c1b\" data-element_type=\"widget\" data-widget_type=\"text-editor.default\">\n\t\t\t\t\t\t\t\t\t<h2>Acerca de Stem Cells Transplant Institute<\/h2><p>Costa Rica tiene uno de los mejores sistemas de salud a nivel mundial y se ubica entre los pa\u00edses con \u00edndices m\u00e1s altos de turismo m\u00e9dico.<\/p><p>Usando la tecnolog\u00eda m\u00e1s avanzada, el equipo de expertos en The Stem Cells Transplant Institute cree en el potencial de las terapias con c\u00e9lulas madres para el tratamiento de la neuropat\u00eda.<\/p><p>Estamos comprometidos a proveer servicio personalizado y la m\u00e1s alta calidad de cuidado a cada paciente.<\/p>\t\t\t\t\t\t\t\t<\/div>\n\t\t\t\t\t<\/div>\n\t\t<\/div>\n\t\t\t\t\t<\/div>\n\t\t<\/section>\n\t\t\t\t<section class=\"elementor-section elementor-top-section elementor-element elementor-element-5e83cbe elementor-section-boxed elementor-section-height-default elementor-section-height-default\" data-id=\"5e83cbe\" data-element_type=\"section\" data-settings=\"{&quot;background_background&quot;:&quot;classic&quot;}\">\n\t\t\t\t\t\t\t<div class=\"elementor-background-overlay\"><\/div>\n\t\t\t\t\t\t\t<div class=\"elementor-container elementor-column-gap-default\">\n\t\t\t\t\t<div class=\"elementor-column elementor-col-100 elementor-top-column elementor-element elementor-element-bf52bd6\" data-id=\"bf52bd6\" data-element_type=\"column\">\n\t\t\t<div class=\"elementor-widget-wrap elementor-element-populated\">\n\t\t\t\t\t\t<div class=\"elementor-element elementor-element-ab63229 elementor-widget elementor-widget-heading\" data-id=\"ab63229\" data-element_type=\"widget\" data-widget_type=\"heading.default\">\n\t\t\t\t\t<h3 class=\"elementor-heading-title elementor-size-default\">Referencias cient\u00edficas<\/h3>\t\t\t\t<\/div>\n\t\t\t\t<div class=\"elementor-element elementor-element-ca2679b elementor-widget elementor-widget-text-editor\" data-id=\"ca2679b\" data-element_type=\"widget\" data-widget_type=\"text-editor.default\">\n\t\t\t\t\t\t\t\t\t<ol>\r\n \t<li>National Institute of Diabetes and Digestive and Kidney Disease. Diabetic neuropathies: The nerve damage of diabetes.\u00a0<a href=\"http:\/\/www.niddk.nih.gov\/health-information\/health-topics\/Diabetes\/diabetic-neuropathies-nerve-damage-diabetes\/Pages\/diabetic-neuropathies-nerve-damage.aspx\" target=\"_blank\" rel=\"noopener\">http:\/\/www.niddk.nih.gov\/health-information\/health-topics\/Diabetes\/diabetic-neuropathies-nerve-damage-diabetes\/Pages\/diabetic-neuropathies-nerve-damage.aspx<\/a>. Accessed March 6, 2017.<\/li>\r\n<\/ol>\t\t\t\t\t\t\t\t<\/div>\n\t\t\t\t\t<\/div>\n\t\t<\/div>\n\t\t\t\t\t<\/div>\n\t\t<\/section>\n\t\t\t\t<\/div>\n\t\t","protected":false},"excerpt":{"rendered":"<p>Regeneraci\u00f3n. Reparaci\u00f3n. Restauraci\u00f3n Terapia con C\u00e9lulas Madre para Neuropat\u00eda y Neuropat\u00eda Diab\u00e9tica. \u00bfC\u00f3mo puede ayudar la terapia con c\u00e9lulas madres? Protocolo del tratamiento \u00bfPor qu\u00e9 Costa Rica? \u00bfPor qu\u00e9 Stem Cells Transplant Institute? \u00bfQu\u00e9 es la Neuropat\u00eda? La Neuropat\u00eda se produce cuando uno o m\u00e1s nervios est\u00e1n da\u00f1ados \u00f3 disfuncionales, causando entumecimiento, hormigueo, debilidad muscular [&hellip;]<\/p>\n","protected":false},"author":1,"featured_media":2879,"parent":0,"menu_order":10,"comment_status":"closed","ping_status":"closed","template":"elementor_header_footer","meta":{"footnotes":""},"class_list":["post-2263","page","type-page","status-publish","has-post-thumbnail","hentry"],"_links":{"self":[{"href":"https:\/\/stemcells.suwebcr.com\/es\/wp-json\/wp\/v2\/pages\/2263","targetHints":{"allow":["GET"]}}],"collection":[{"href":"https:\/\/stemcells.suwebcr.com\/es\/wp-json\/wp\/v2\/pages"}],"about":[{"href":"https:\/\/stemcells.suwebcr.com\/es\/wp-json\/wp\/v2\/types\/page"}],"author":[{"embeddable":true,"href":"https:\/\/stemcells.suwebcr.com\/es\/wp-json\/wp\/v2\/users\/1"}],"replies":[{"embeddable":true,"href":"https:\/\/stemcells.suwebcr.com\/es\/wp-json\/wp\/v2\/comments?post=2263"}],"version-history":[{"count":0,"href":"https:\/\/stemcells.suwebcr.com\/es\/wp-json\/wp\/v2\/pages\/2263\/revisions"}],"wp:featuredmedia":[{"embeddable":true,"href":"https:\/\/stemcells.suwebcr.com\/es\/wp-json\/wp\/v2\/media\/2879"}],"wp:attachment":[{"href":"https:\/\/stemcells.suwebcr.com\/es\/wp-json\/wp\/v2\/media?parent=2263"}],"curies":[{"name":"wp","href":"https:\/\/api.w.org\/{rel}","templated":true}]}}