{"id":2010,"date":"2016-04-04T23:39:47","date_gmt":"2016-04-04T23:39:47","guid":{"rendered":"\/?page_id=2010"},"modified":"2022-04-02T10:54:10","modified_gmt":"2022-04-02T16:54:10","slug":"dr-leslie-mesen-cv","status":"publish","type":"page","link":"https:\/\/stemcells.suwebcr.com\/es\/dr-leslie-mesen-cv\/","title":{"rendered":"Dr. Leslie Mesen"},"content":{"rendered":"\t\t<div data-elementor-type=\"wp-post\" data-elementor-id=\"2010\" class=\"elementor elementor-2010 elementor-2019\" data-elementor-post-type=\"page\">\n\t\t\t\t\t\t<section class=\"elementor-section elementor-top-section elementor-element elementor-element-1aaffe91 elementor-section-boxed elementor-section-height-default elementor-section-height-default\" data-id=\"1aaffe91\" data-element_type=\"section\" data-settings=\"{&quot;background_background&quot;:&quot;classic&quot;}\">\n\t\t\t\t\t\t\t<div class=\"elementor-background-overlay\"><\/div>\n\t\t\t\t\t\t\t<div class=\"elementor-container elementor-column-gap-default\">\n\t\t\t\t\t<div class=\"elementor-column elementor-col-50 elementor-top-column elementor-element elementor-element-21583d98\" data-id=\"21583d98\" data-element_type=\"column\" data-settings=\"{&quot;background_background&quot;:&quot;classic&quot;}\">\n\t\t\t<div class=\"elementor-widget-wrap elementor-element-populated\">\n\t\t\t\t\t\t<div class=\"elementor-element elementor-element-aa9843c elementor-widget elementor-widget-image\" data-id=\"aa9843c\" data-element_type=\"widget\" data-widget_type=\"image.default\">\n\t\t\t\t\t\t\t\t\t\t\t\t\t\t\t<img fetchpriority=\"high\" decoding=\"async\" width=\"376\" height=\"470\" src=\"https:\/\/stemcells.suwebcr.com\/wp-content\/uploads\/2018\/11\/Dr-Leslie-Mesen-Stem-cells-transplant-institute.jpg\" class=\"attachment-large size-large wp-image-8639\" alt=\"Dr Leslie Mesen - Stem cells transplant institute\" srcset=\"https:\/\/stemcells.suwebcr.com\/wp-content\/uploads\/2018\/11\/Dr-Leslie-Mesen-Stem-cells-transplant-institute.jpg 376w, https:\/\/stemcells.suwebcr.com\/wp-content\/uploads\/2018\/11\/Dr-Leslie-Mesen-Stem-cells-transplant-institute-240x300.jpg 240w\" sizes=\"(max-width: 376px) 100vw, 376px\" \/>\t\t\t\t\t\t\t\t\t\t\t\t\t\t\t<\/div>\n\t\t\t\t<div class=\"elementor-element elementor-element-4938027f elementor-widget elementor-widget-heading\" data-id=\"4938027f\" data-element_type=\"widget\" data-widget_type=\"heading.default\">\n\t\t\t\t\t<h4 class=\"elementor-heading-title elementor-size-default\">Dr Leslie Mesen<\/h4>\t\t\t\t<\/div>\n\t\t\t\t<div class=\"elementor-element elementor-element-7dcc35de elementor-widget elementor-widget-heading\" data-id=\"7dcc35de\" data-element_type=\"widget\" data-widget_type=\"heading.default\">\n\t\t\t\t\t<h5 class=\"elementor-heading-title elementor-size-default\">Director M\u00e9dico<\/h5>\t\t\t\t<\/div>\n\t\t\t\t\t<\/div>\n\t\t<\/div>\n\t\t\t\t<div class=\"elementor-column elementor-col-50 elementor-top-column elementor-element elementor-element-4a118ca8\" data-id=\"4a118ca8\" data-element_type=\"column\">\n\t\t\t<div class=\"elementor-widget-wrap elementor-element-populated\">\n\t\t\t\t\t\t<div class=\"elementor-element elementor-element-40a8a388 elementor-widget elementor-widget-text-editor\" data-id=\"40a8a388\" data-element_type=\"widget\" data-widget_type=\"text-editor.default\">\n\t\t\t\t\t\t\t\t\tEl Dr. Mes\u00e9n es el Fundador y Director M\u00e9dico de <em>Stem Cells Transplant Institute<\/em> en San Jos\u00e9, Costa Rica, que se especializa en el tratamiento de enfermedades humanas utilizando C\u00e9lulas Madre Mesenquimales. El Dr. Mes\u00e9n es, a su vez, Co-Fundador y Director M\u00e9dico de Anti-Aging and Wellness Clinic, que bajo su administraci\u00f3n ha expandido sus fronteras a 3 pa\u00edses a trav\u00e9s de 4 cl\u00ednicas: dos en Costa Rica, una cl\u00ednica en Tijuana, M\u00e9xico y la otra en Ciudad de Panam\u00e1, Panam\u00e1. Se desempe\u00f1\u00f3 como Director M\u00e9dico en el Programa Anti-Edad de Costagenics de 2007 a 2010 y trabaj\u00f3 para el Instituto Antienvejecimiento de las Am\u00e9ricas como Director M\u00e9dico hasta 2013.\r\n\r\nEl Dr. Mes\u00e9n ha sido miembro activo de la Academia Estadounidense de Medicina Regenerativa y Antienvejecimiento (AAARM) y del Colegio Estadounidense de M\u00e9dicos de Am\u00e9rica Central desde 2009. En 2015, se convirti\u00f3 en miembro de la Organizaci\u00f3n Internacional para la Capacitaci\u00f3n y la Investigaci\u00f3n M\u00e9dica (IOCIM).\u00a0 Dicha organizaci\u00f3n est\u00e1 comprometida con garantizar una atenci\u00f3n m\u00e9dica de calidad en los pa\u00edses de Am\u00e9rica Latina. En 2015, se le otorg\u00f3 el \u201cPremio al M\u00e9dico por Logro para una Vida Mejor\u201d como muestra de reconocimiento hacia su excelente trayectoria acad\u00e9mica, continua educaci\u00f3n y compromiso por mejorar la vida humana. Adem\u00e1s de esto, el Dr. Leslie Mes\u00e9n tambi\u00e9n recibi\u00f3 el premio a la Excelencia en Atenci\u00f3n M\u00e9dica del IOCIM, en reconocimiento a su liderazgo, sobresaliente desempe\u00f1o y calidad de servicio.\r\n\r\nEl Dr. Mes\u00e9n se dedica de forma devota a ayudar a sus pacientes y por ello ha ideado y construido el <em>Stem Cells Transplant Institute <\/em>y la Anti-Aging and Wellness Clinic sobre una base de investigaci\u00f3n, innovaci\u00f3n cient\u00edfica y atenci\u00f3n pormenorizada de cada paciente. Su enfoque es mejorar la calidad de vida de cada persona, al mismo tiempo que obtiene una mejor comprensi\u00f3n de la senescencia y regeneraci\u00f3n celular.\t\t\t\t\t\t\t\t<\/div>\n\t\t\t\t\t<\/div>\n\t\t<\/div>\n\t\t\t\t\t<\/div>\n\t\t<\/section>\n\t\t\t\t<section class=\"elementor-section elementor-top-section elementor-element elementor-element-41efdb1 elementor-section-boxed elementor-section-height-default elementor-section-height-default\" data-id=\"41efdb1\" data-element_type=\"section\">\n\t\t\t\t\t\t<div class=\"elementor-container elementor-column-gap-default\">\n\t\t\t\t\t<div class=\"elementor-column elementor-col-100 elementor-top-column elementor-element elementor-element-4290150\" data-id=\"4290150\" data-element_type=\"column\">\n\t\t\t<div class=\"elementor-widget-wrap elementor-element-populated\">\n\t\t\t\t\t\t<div class=\"elementor-element elementor-element-100d8a7 elementor-widget elementor-widget-heading\" data-id=\"100d8a7\" data-element_type=\"widget\" data-widget_type=\"heading.default\">\n\t\t\t\t\t<h3 class=\"elementor-heading-title elementor-size-default\">Educaci\u00f3n<\/h3>\t\t\t\t<\/div>\n\t\t\t\t<div class=\"elementor-element elementor-element-6cc2be8 elementor-widget elementor-widget-text-editor\" data-id=\"6cc2be8\" data-element_type=\"widget\" data-widget_type=\"text-editor.default\">\n\t\t\t\t\t\t\t\t\t<table border=\"0\" width=\"100%\">\r\n<tbody>\r\n<tr>\r\n<td><strong>2002<\/strong><\/td>\r\n<td>Medicina y Cirug\u00eda en University of Ibero-America (UNIBE)<\/td>\r\n<\/tr>\r\n<tr>\r\n<td><strong>2004<\/strong><\/td>\r\n<td>Internado en University of Ibero-America (UNIBE)\r\nMedicina de Emergencia en University of Miami\r\nJackson Memorial Hospital<\/td>\r\n<\/tr>\r\n<tr>\r\n<td><strong>2005<\/strong><\/td>\r\n<td>Rotaci\u00f3n pediatrica en la Caja Costarricense de Seguro\r\nRotaci\u00f3n medica interna en la Caja Costarricense de Seguro<\/td>\r\n<\/tr>\r\n<tr>\r\n<td><strong>2006<\/strong><\/td>\r\n<td>Rotaci\u00f3n de medicina de emergencia en la University of Costa Rica<\/td>\r\n<\/tr>\r\n<tr>\r\n<td><strong>2017<\/strong><\/td>\r\n<td>Especializaci\u00f3n en Terapia con c\u00e9lulas madres PRP m\u00e9dula \u00f3sea y tejido adiposo con 4am<\/td>\r\n<\/tr>\r\n<\/tbody>\r\n<\/table>\t\t\t\t\t\t\t\t<\/div>\n\t\t\t\t<div class=\"elementor-element elementor-element-d1b5095 elementor-widget elementor-widget-heading\" data-id=\"d1b5095\" data-element_type=\"widget\" data-widget_type=\"heading.default\">\n\t\t\t\t\t<h3 class=\"elementor-heading-title elementor-size-default\">Certificaciones<\/h3>\t\t\t\t<\/div>\n\t\t\t\t<div class=\"elementor-element elementor-element-920ee51 elementor-widget elementor-widget-text-editor\" data-id=\"920ee51\" data-element_type=\"widget\" data-widget_type=\"text-editor.default\">\n\t\t\t\t\t\t\t\t\t<table border=\"0\" width=\"100%\">\r\n<tbody>\r\n<tr>\r\n<td><strong>2009<\/strong><\/td>\r\n<td>Medicina regenerativa y anti envejecimiento\r\n<a href=\"http:\/\/www.a4m.com\/\" target=\"_blank\" rel=\"noopener\">The American Academy of Anti-Aging and Regenerative Medicine<\/a><\/td>\r\n<\/tr>\r\n<\/tbody>\r\n<\/table>\t\t\t\t\t\t\t\t<\/div>\n\t\t\t\t<div class=\"elementor-element elementor-element-38aa365 elementor-widget elementor-widget-heading\" data-id=\"38aa365\" data-element_type=\"widget\" data-widget_type=\"heading.default\">\n\t\t\t\t\t<h3 class=\"elementor-heading-title elementor-size-default\">Premios<\/h3>\t\t\t\t<\/div>\n\t\t\t\t<div class=\"elementor-element elementor-element-54d25e3 elementor-widget elementor-widget-text-editor\" data-id=\"54d25e3\" data-element_type=\"widget\" data-widget_type=\"text-editor.default\">\n\t\t\t\t\t\t\t\t\t<table border=\"0\" width=\"100%\">\r\n<tbody>\r\n<tr>\r\n<td><strong>2015<\/strong><\/td>\r\n<td>Premio a la medicina para alcanzar una vida mejor\r\nThe International Organization for Training and Medical Research (IOCIM)<\/td>\r\n<\/tr>\r\n<tr>\r\n<td><strong>2015<\/strong><\/td>\r\n<td>Excelencia m\u00e9dica profesional\r\nThe International Organization for Training and Medical Research (IOCIM)<\/td>\r\n<\/tr>\r\n<tr>\r\n<td><strong>2018<\/strong><\/td>\r\n<td>Chapter Director; Central America and the Caribbean<\/td>\r\n<\/tr>\r\n<\/tbody>\r\n<\/table>\t\t\t\t\t\t\t\t<\/div>\n\t\t\t\t<div class=\"elementor-element elementor-element-3802268 elementor-widget elementor-widget-heading\" data-id=\"3802268\" data-element_type=\"widget\" data-widget_type=\"heading.default\">\n\t\t\t\t\t<h3 class=\"elementor-heading-title elementor-size-default\">Membres\u00edas profesionales<\/h3>\t\t\t\t<\/div>\n\t\t\t\t<div class=\"elementor-element elementor-element-13c3fa2 elementor-widget elementor-widget-text-editor\" data-id=\"13c3fa2\" data-element_type=\"widget\" data-widget_type=\"text-editor.default\">\n\t\t\t\t\t\t\t\t\t<table border=\"0\" width=\"100%\">\r\n<tbody>\r\n<tr>\r\n<td><strong>2018 to Present<\/strong><\/td>\r\n<td>Chapter Director; Central America and the Caribbean\r\nInternational Society for Stem Cell Application (ISSCA)<\/td>\r\n<\/tr>\r\n<tr>\r\n<td><strong>2017 to Present<\/strong><\/td>\r\n<td>Advisory Board Global Stem Cells Grou<\/td>\r\n<\/tr>\r\n<tr>\r\n<td><strong>2015 to Present<\/strong><\/td>\r\n<td>Miembro de International Organization for Training and Medical Research\r\n(IOCIM)<\/td>\r\n<\/tr>\r\n<tr>\r\n<td><strong>2009 to Present<\/strong><\/td>\r\n<td>Miembro de American College of Physicians Central America<\/td>\r\n<\/tr>\r\n<tr>\r\n<td><strong>2009 to Present<\/strong><\/td>\r\n<td>Miembro de American Academy of Ant-aging and Regenerative Medicine\r\n(AAARM)<\/td>\r\n<\/tr>\r\n<\/tbody>\r\n<\/table>\t\t\t\t\t\t\t\t<\/div>\n\t\t\t\t\t<\/div>\n\t\t<\/div>\n\t\t\t\t\t<\/div>\n\t\t<\/section>\n\t\t\t\t<\/div>\n\t\t","protected":false},"excerpt":{"rendered":"<p>Dr Leslie Mesen Director M\u00e9dico El Dr. Mes\u00e9n es el Fundador y Director M\u00e9dico de Stem Cells Transplant Institute en San Jos\u00e9, Costa Rica, que se especializa en el tratamiento de enfermedades humanas utilizando C\u00e9lulas Madre Mesenquimales. El Dr. Mes\u00e9n es, a su vez, Co-Fundador y Director M\u00e9dico de Anti-Aging and Wellness Clinic, que bajo [&hellip;]<\/p>\n","protected":false},"author":1,"featured_media":0,"parent":0,"menu_order":0,"comment_status":"closed","ping_status":"closed","template":"elementor_header_footer","meta":{"footnotes":""},"class_list":["post-2010","page","type-page","status-publish","hentry"],"_links":{"self":[{"href":"https:\/\/stemcells.suwebcr.com\/es\/wp-json\/wp\/v2\/pages\/2010","targetHints":{"allow":["GET"]}}],"collection":[{"href":"https:\/\/stemcells.suwebcr.com\/es\/wp-json\/wp\/v2\/pages"}],"about":[{"href":"https:\/\/stemcells.suwebcr.com\/es\/wp-json\/wp\/v2\/types\/page"}],"author":[{"embeddable":true,"href":"https:\/\/stemcells.suwebcr.com\/es\/wp-json\/wp\/v2\/users\/1"}],"replies":[{"embeddable":true,"href":"https:\/\/stemcells.suwebcr.com\/es\/wp-json\/wp\/v2\/comments?post=2010"}],"version-history":[{"count":0,"href":"https:\/\/stemcells.suwebcr.com\/es\/wp-json\/wp\/v2\/pages\/2010\/revisions"}],"wp:attachment":[{"href":"https:\/\/stemcells.suwebcr.com\/es\/wp-json\/wp\/v2\/media?parent=2010"}],"curies":[{"name":"wp","href":"https:\/\/api.w.org\/{rel}","templated":true}]}}