{"id":1646,"date":"2016-03-29T23:59:49","date_gmt":"2016-03-29T23:59:49","guid":{"rendered":"\/?page_id=1646"},"modified":"2022-04-18T12:17:28","modified_gmt":"2022-04-18T18:17:28","slug":"que-son-las-celulas-madre","status":"publish","type":"page","link":"https:\/\/stemcells.suwebcr.com\/es\/que-son-las-celulas-madre\/","title":{"rendered":"\u00bfQu\u00e9 son las c\u00e9lulas madre?"},"content":{"rendered":"\t\t<div data-elementor-type=\"wp-post\" data-elementor-id=\"1646\" class=\"elementor elementor-1646 elementor-1841\" data-elementor-post-type=\"page\">\n\t\t\t\t\t\t<section class=\"elementor-section elementor-top-section elementor-element elementor-element-5c9174e elementor-section-full_width elementor-section-height-default elementor-section-height-default\" data-id=\"5c9174e\" data-element_type=\"section\" data-settings=\"{&quot;background_background&quot;:&quot;classic&quot;}\">\n\t\t\t\t\t\t\t<div class=\"elementor-background-overlay\"><\/div>\n\t\t\t\t\t\t\t<div class=\"elementor-container elementor-column-gap-default\">\n\t\t\t\t\t<div class=\"elementor-column elementor-col-100 elementor-top-column elementor-element elementor-element-5fa33e7\" data-id=\"5fa33e7\" data-element_type=\"column\" data-settings=\"{&quot;background_background&quot;:&quot;classic&quot;}\">\n\t\t\t<div class=\"elementor-widget-wrap elementor-element-populated\">\n\t\t\t\t\t\t<div class=\"elementor-element elementor-element-2b39d7b elementor--h-position-center elementor--v-position-middle elementor-widget elementor-widget-slides\" data-id=\"2b39d7b\" data-element_type=\"widget\" data-settings=\"{&quot;navigation&quot;:&quot;none&quot;,&quot;autoplay&quot;:&quot;yes&quot;,&quot;pause_on_hover&quot;:&quot;yes&quot;,&quot;pause_on_interaction&quot;:&quot;yes&quot;,&quot;autoplay_speed&quot;:5000,&quot;infinite&quot;:&quot;yes&quot;,&quot;transition&quot;:&quot;slide&quot;,&quot;transition_speed&quot;:500}\" data-widget_type=\"slides.default\">\n\t\t\t\t\t\t\t\t\t\t<div class=\"elementor-slides-wrapper elementor-main-swiper swiper\" role=\"region\" aria-roledescription=\"carousel\" aria-label=\"Diapositivas\" dir=\"ltr\" data-animation=\"zoomIn\">\n\t\t\t\t<div class=\"swiper-wrapper elementor-slides\">\n\t\t\t\t\t\t\t\t\t\t<div class=\"elementor-repeater-item-8625430 swiper-slide\" role=\"group\" aria-roledescription=\"slide\"><div class=\"swiper-slide-bg\" role=\"img\" aria-label=\"Stemcells-costarica-header-1\"><\/div><div class=\"swiper-slide-inner\" ><div class=\"swiper-slide-contents\"><div class=\"elementor-slide-heading\">La terapia con c\u00e9lulas madre mejora la regeneraci\u00f3n celular y ayuda en la curaci\u00f3n y reparaci\u00f3n de tejidos.<\/div><\/div><\/div><\/div>\t\t\t\t<\/div>\n\t\t\t\t\t\t\t<\/div>\n\t\t\t\t\t\t\t\t<\/div>\n\t\t\t\t\t<\/div>\n\t\t<\/div>\n\t\t\t\t\t<\/div>\n\t\t<\/section>\n\t\t\t\t<section class=\"elementor-section elementor-top-section elementor-element elementor-element-b5b031e elementor-section-boxed elementor-section-height-default elementor-section-height-default\" data-id=\"b5b031e\" data-element_type=\"section\" data-settings=\"{&quot;background_background&quot;:&quot;classic&quot;}\">\n\t\t\t\t\t\t\t<div class=\"elementor-background-overlay\"><\/div>\n\t\t\t\t\t\t\t<div class=\"elementor-container elementor-column-gap-default\">\n\t\t\t\t\t<div class=\"elementor-column elementor-col-50 elementor-top-column elementor-element elementor-element-2b96f56\" data-id=\"2b96f56\" data-element_type=\"column\">\n\t\t\t<div class=\"elementor-widget-wrap elementor-element-populated\">\n\t\t\t\t\t\t<div class=\"elementor-element elementor-element-85d5ddc elementor-widget elementor-widget-text-editor\" data-id=\"85d5ddc\" data-element_type=\"widget\" data-widget_type=\"text-editor.default\">\n\t\t\t\t\t\t\t\t\t<h4><strong>La terapia con c\u00e9lulas madre, combinada con factores de crecimiento y antioxidantes, tiene un inmenso potencial para el tratamiento de diversas enfermedades en animales y humanos que incluye, entre otras:<\/strong><\/h4>\t\t\t\t\t\t\t\t<\/div>\n\t\t\t\t<div class=\"elementor-element elementor-element-a42c2c9 elementor-widget elementor-widget-text-editor\" data-id=\"a42c2c9\" data-element_type=\"widget\" data-widget_type=\"text-editor.default\">\n\t\t\t\t\t\t\t\t\t<ul><li>Diabetes<\/li><li>Lesiones ortop\u00e9dicas y condiciones cr\u00f3nicas<\/li><li>Heridas<\/li><li>Lesiones de la m\u00e9dula espinal y estenosis espinal<\/li><li>Lesi\u00f3n cerebral traum\u00e1tica<\/li><li>Enfermedad cardiovascular<\/li><li>Disfunci\u00f3n er\u00e9ctil<\/li><li>Algunas enfermedades neurodegenerativas como la enfermedad de Parkinson, la enfermedad de Alzheimer y la esclerosis m\u00faltiple<\/li><\/ul><p><br \/>La terapia con c\u00e9lulas madre mejora la regeneraci\u00f3n celular y ayuda al tejido en su proceso de curaci\u00f3n y reparaci\u00f3n.<\/p>\t\t\t\t\t\t\t\t<\/div>\n\t\t\t\t\t<\/div>\n\t\t<\/div>\n\t\t\t\t<div class=\"elementor-column elementor-col-50 elementor-top-column elementor-element elementor-element-f060560\" data-id=\"f060560\" data-element_type=\"column\">\n\t\t\t<div class=\"elementor-widget-wrap elementor-element-populated\">\n\t\t\t\t\t\t<div class=\"elementor-element elementor-element-d4f8f45 elementor-widget__width-auto elementor-absolute elementor-hidden-mobile elementor-widget elementor-widget-image\" data-id=\"d4f8f45\" data-element_type=\"widget\" data-settings=\"{&quot;_position&quot;:&quot;absolute&quot;}\" data-widget_type=\"image.default\">\n\t\t\t\t\t\t\t\t\t\t\t\t\t\t\t<img fetchpriority=\"high\" decoding=\"async\" width=\"800\" height=\"802\" src=\"https:\/\/stemcells.suwebcr.com\/wp-content\/uploads\/2021\/09\/\u2014Pngtree\u2014purple-cell-division-3d-element_5337702-1.png\" class=\"attachment-large size-large wp-image-23937\" alt=\"\" srcset=\"https:\/\/stemcells.suwebcr.com\/wp-content\/uploads\/2021\/09\/\u2014Pngtree\u2014purple-cell-division-3d-element_5337702-1.png 1014w, https:\/\/stemcells.suwebcr.com\/wp-content\/uploads\/2021\/09\/\u2014Pngtree\u2014purple-cell-division-3d-element_5337702-1-300x300.png 300w, https:\/\/stemcells.suwebcr.com\/wp-content\/uploads\/2021\/09\/\u2014Pngtree\u2014purple-cell-division-3d-element_5337702-1-150x150.png 150w, https:\/\/stemcells.suwebcr.com\/wp-content\/uploads\/2021\/09\/\u2014Pngtree\u2014purple-cell-division-3d-element_5337702-1-768x770.png 768w\" sizes=\"(max-width: 800px) 100vw, 800px\" \/>\t\t\t\t\t\t\t\t\t\t\t\t\t\t\t<\/div>\n\t\t\t\t<div class=\"elementor-element elementor-element-48cafe9 elementor-widget elementor-widget-text-editor\" data-id=\"48cafe9\" data-element_type=\"widget\" data-widget_type=\"text-editor.default\">\n\t\t\t\t\t\t\t\t\t<h1>\u00bfQu\u00e9 son las C\u00e9lulas Madre?<\/h1>\t\t\t\t\t\t\t\t<\/div>\n\t\t\t\t<div class=\"elementor-element elementor-element-3607f11 elementor-widget elementor-widget-text-editor\" data-id=\"3607f11\" data-element_type=\"widget\" data-widget_type=\"text-editor.default\">\n\t\t\t\t\t\t\t\t\tLas c\u00e9lulas madre son c\u00e9lulas adultas que son capaces de desarrollarse o transformarse en tipos de c\u00e9lulas especializadas.\n\n<strong>La mayor\u00eda de las c\u00e9lulas madre son multipotentes y se desarrollan en tipos de c\u00e9lulas especializadas y ayudan a los m\u00e9dicos a reparar tejidos enfermos o da\u00f1ados.<\/strong>\t\t\t\t\t\t\t\t<\/div>\n\t\t\t\t\t<\/div>\n\t\t<\/div>\n\t\t\t\t\t<\/div>\n\t\t<\/section>\n\t\t\t\t<section class=\"elementor-section elementor-top-section elementor-element elementor-element-f8db7b5 elementor-section-boxed elementor-section-height-default elementor-section-height-default\" data-id=\"f8db7b5\" data-element_type=\"section\">\n\t\t\t\t\t\t<div class=\"elementor-container elementor-column-gap-default\">\n\t\t\t\t\t<div class=\"elementor-column elementor-col-100 elementor-top-column elementor-element elementor-element-e1b80c0\" data-id=\"e1b80c0\" data-element_type=\"column\">\n\t\t\t<div class=\"elementor-widget-wrap elementor-element-populated\">\n\t\t\t\t\t\t<div class=\"elementor-element elementor-element-983074d elementor-widget elementor-widget-text-editor\" data-id=\"983074d\" data-element_type=\"widget\" data-widget_type=\"text-editor.default\">\n\t\t\t\t\t\t\t\t\t<h1>\u00bfCu\u00e1les son los diferentes tipos de c\u00e9lulas madre?<\/h1>\t\t\t\t\t\t\t\t<\/div>\n\t\t\t\t\t<\/div>\n\t\t<\/div>\n\t\t\t\t\t<\/div>\n\t\t<\/section>\n\t\t\t\t<section class=\"elementor-section elementor-top-section elementor-element elementor-element-edca9a6 elementor-section-boxed elementor-section-height-default elementor-section-height-default\" data-id=\"edca9a6\" data-element_type=\"section\">\n\t\t\t\t\t\t<div class=\"elementor-container elementor-column-gap-default\">\n\t\t\t\t\t<div class=\"elementor-column elementor-col-50 elementor-top-column elementor-element elementor-element-d1b7f9e\" data-id=\"d1b7f9e\" data-element_type=\"column\">\n\t\t\t<div class=\"elementor-widget-wrap elementor-element-populated\">\n\t\t\t\t\t\t<div class=\"elementor-element elementor-element-e08a2bc elementor-widget elementor-widget-text-editor\" data-id=\"e08a2bc\" data-element_type=\"widget\" data-widget_type=\"text-editor.default\">\n\t\t\t\t\t\t\t\t\t<p>Las c\u00e9lulas madre mesenquimales extra\u00eddas de diferentes fuentes son:<\/p><ul><li>C\u00e9lulas madre mesenquimales adultas derivadas del tejido del cord\u00f3n umbilical humano<\/li><li>C\u00e9lulas madre mesenquimales adultas derivadas de sangre de cord\u00f3n umbilical humano<\/li><li>C\u00e9lulas madre mesenquimales aut\u00f3logas derivadas de tejido adiposo<\/li><li>C\u00e9lulas madre mesenquimales derivadas de la m\u00e9dula \u00f3sea<\/li><\/ul><p><br \/>Las c\u00e9lulas madre mesenquimales (MSC) son ideales para tratar diferentes tipos de enfermedades y pueden derivarse de fuentes como la m\u00e9dula \u00f3sea, el tejido adiposo (grasa), la sangre del cord\u00f3n umbilical y el tejido del cord\u00f3n umbilical.<\/p>\t\t\t\t\t\t\t\t<\/div>\n\t\t\t\t\t<\/div>\n\t\t<\/div>\n\t\t\t\t<div class=\"elementor-column elementor-col-50 elementor-top-column elementor-element elementor-element-89295f4\" data-id=\"89295f4\" data-element_type=\"column\">\n\t\t\t<div class=\"elementor-widget-wrap elementor-element-populated\">\n\t\t\t\t\t\t<div class=\"elementor-element elementor-element-ab9d8a8 elementor-widget elementor-widget-text-editor\" data-id=\"ab9d8a8\" data-element_type=\"widget\" data-widget_type=\"text-editor.default\">\n\t\t\t\t\t\t\t\t\t<h3><strong>En Stem Cells Transplant Institute, ofrecemos:<\/strong><\/h3><p>Nuestra cl\u00ednica tiene experiencia en la recolecci\u00f3n de c\u00e9lulas madre mesenquimales adultas de las cuatro fuentes y cuenta con el equipo para cultivar y expandir la cantidad de c\u00e9lulas madre mesenquimales viables. Esto permite a nuestros m\u00e9dicos seleccionar el m\u00e9todo de tratamiento \u00f3ptimo para los pacientes en funci\u00f3n de su enfermedad, s\u00edntomas y necesidades individuales.<\/p>\t\t\t\t\t\t\t\t<\/div>\n\t\t\t\t\t<\/div>\n\t\t<\/div>\n\t\t\t\t\t<\/div>\n\t\t<\/section>\n\t\t\t\t<section class=\"elementor-section elementor-top-section elementor-element elementor-element-17e3526 elementor-section-boxed elementor-section-height-default elementor-section-height-default\" data-id=\"17e3526\" data-element_type=\"section\">\n\t\t\t\t\t\t<div class=\"elementor-container elementor-column-gap-default\">\n\t\t\t\t\t<div class=\"elementor-column elementor-col-33 elementor-top-column elementor-element elementor-element-cef5577\" data-id=\"cef5577\" data-element_type=\"column\">\n\t\t\t<div class=\"elementor-widget-wrap elementor-element-populated\">\n\t\t\t\t\t\t<div class=\"elementor-element elementor-element-11b826b elementor-widget elementor-widget-image\" data-id=\"11b826b\" data-element_type=\"widget\" data-widget_type=\"image.default\">\n\t\t\t\t\t\t\t\t\t\t\t\t\t\t\t<img decoding=\"async\" width=\"800\" height=\"534\" src=\"https:\/\/stemcells.suwebcr.com\/wp-content\/uploads\/2019\/04\/stem-cell-treatment.jpg\" class=\"attachment-large size-large wp-image-6962\" alt=\"\" srcset=\"https:\/\/stemcells.suwebcr.com\/wp-content\/uploads\/2019\/04\/stem-cell-treatment.jpg 1000w, https:\/\/stemcells.suwebcr.com\/wp-content\/uploads\/2019\/04\/stem-cell-treatment-300x200.jpg 300w, https:\/\/stemcells.suwebcr.com\/wp-content\/uploads\/2019\/04\/stem-cell-treatment-768x512.jpg 768w\" sizes=\"(max-width: 800px) 100vw, 800px\" \/>\t\t\t\t\t\t\t\t\t\t\t\t\t\t\t<\/div>\n\t\t\t\t<div class=\"elementor-element elementor-element-93db5a1 elementor-headline--style-highlight elementor-widget elementor-widget-animated-headline\" data-id=\"93db5a1\" data-element_type=\"widget\" data-settings=\"{&quot;marker&quot;:&quot;underline&quot;,&quot;highlighted_text&quot;:&quot;MSC derivadas de m\\u00e9dula \\u00f3sea (BMSC)&quot;,&quot;headline_style&quot;:&quot;highlight&quot;,&quot;loop&quot;:&quot;yes&quot;,&quot;highlight_animation_duration&quot;:1200,&quot;highlight_iteration_delay&quot;:8000}\" data-widget_type=\"animated-headline.default\">\n\t\t\t\t\t\t\t<h3 class=\"elementor-headline\">\n\t\t\t\t<span class=\"elementor-headline-dynamic-wrapper elementor-headline-text-wrapper\">\n\t\t\t\t\t<span class=\"elementor-headline-dynamic-text elementor-headline-text-active\">MSC derivadas de m\u00e9dula \u00f3sea (BMSC)<\/span>\n\t\t\t\t<\/span>\n\t\t\t\t<\/h3>\n\t\t\t\t\t\t<\/div>\n\t\t\t\t<div class=\"elementor-element elementor-element-884b411 elementor-widget elementor-widget-text-editor\" data-id=\"884b411\" data-element_type=\"widget\" data-widget_type=\"text-editor.default\">\n\t\t\t\t\t\t\t\t\tSe puede extraer de un paciente o de un donante por aspiraci\u00f3n, t\u00edpicamente de la cresta il\u00edaca o del estern\u00f3n. Las c\u00e9lulas madre de la m\u00e9dula \u00f3sea se utilizan principalmente en trasplantes de m\u00e9dula \u00f3sea en pacientes diagnosticados con leucemia o ciertos tipos de enfermedades hematopoy\u00e9ticas. Los estudios han encontrado que las c\u00e9lulas madre derivadas de la m\u00e9dula \u00f3sea son un tratamiento eficaz para algunos trastornos cr\u00f3nicos o degenerativos. En nuestra cl\u00ednica, hacemos todo lo posible para consolar al paciente y reducir el dolor durante el proceso de extracci\u00f3n de MSC de la m\u00e9dula \u00f3sea.\t\t\t\t\t\t\t\t<\/div>\n\t\t\t\t\t<\/div>\n\t\t<\/div>\n\t\t\t\t<div class=\"elementor-column elementor-col-33 elementor-top-column elementor-element elementor-element-1f69e36\" data-id=\"1f69e36\" data-element_type=\"column\">\n\t\t\t<div class=\"elementor-widget-wrap elementor-element-populated\">\n\t\t\t\t\t\t<div class=\"elementor-element elementor-element-6dd50fa elementor-widget elementor-widget-image\" data-id=\"6dd50fa\" data-element_type=\"widget\" data-widget_type=\"image.default\">\n\t\t\t\t\t\t\t\t\t\t\t\t\t\t\t<img decoding=\"async\" width=\"745\" height=\"494\" src=\"https:\/\/stemcells.suwebcr.com\/wp-content\/uploads\/2019\/04\/lecheniye-tsirroza-pecheni-stvolovymi-kletkami.jpg\" class=\"attachment-large size-large wp-image-6963\" alt=\"\" srcset=\"https:\/\/stemcells.suwebcr.com\/wp-content\/uploads\/2019\/04\/lecheniye-tsirroza-pecheni-stvolovymi-kletkami.jpg 745w, https:\/\/stemcells.suwebcr.com\/wp-content\/uploads\/2019\/04\/lecheniye-tsirroza-pecheni-stvolovymi-kletkami-300x199.jpg 300w\" sizes=\"(max-width: 745px) 100vw, 745px\" \/>\t\t\t\t\t\t\t\t\t\t\t\t\t\t\t<\/div>\n\t\t\t\t<div class=\"elementor-element elementor-element-55d3b44 elementor-headline--style-highlight elementor-widget elementor-widget-animated-headline\" data-id=\"55d3b44\" data-element_type=\"widget\" data-settings=\"{&quot;marker&quot;:&quot;underline&quot;,&quot;highlighted_text&quot;:&quot;MSC derivadas de tejido adiposo (AMSC)&quot;,&quot;headline_style&quot;:&quot;highlight&quot;,&quot;loop&quot;:&quot;yes&quot;,&quot;highlight_animation_duration&quot;:1200,&quot;highlight_iteration_delay&quot;:8000}\" data-widget_type=\"animated-headline.default\">\n\t\t\t\t\t\t\t<h3 class=\"elementor-headline\">\n\t\t\t\t<span class=\"elementor-headline-dynamic-wrapper elementor-headline-text-wrapper\">\n\t\t\t\t\t<span class=\"elementor-headline-dynamic-text elementor-headline-text-active\">MSC derivadas de tejido adiposo (AMSC)<\/span>\n\t\t\t\t<\/span>\n\t\t\t\t<\/h3>\n\t\t\t\t\t\t<\/div>\n\t\t\t\t<div class=\"elementor-element elementor-element-1ae6ae4 elementor-widget elementor-widget-text-editor\" data-id=\"1ae6ae4\" data-element_type=\"widget\" data-widget_type=\"text-editor.default\">\n\t\t\t\t\t\t\t\t\t<p>Se extraen quir\u00fargicamente mediante liposucci\u00f3n del tejido graso del propio paciente. El tejido adiposo es de f\u00e1cil acceso y es una rica fuente de c\u00e9lulas madre adultas multipotentes. Estas c\u00e9lulas madre se recolectan r\u00e1pida y f\u00e1cilmente, y solo se necesita una peque\u00f1a cantidad de tejido adiposo para este prop\u00f3sito. El proceso de recolecci\u00f3n de c\u00e9lulas madre derivadas de tejido adiposo es menos invasivo, menos doloroso, m\u00e1s seguro y m\u00e1s r\u00e1pido que el de recolecci\u00f3n de MSC de la m\u00e9dula \u00f3sea.<\/p>\t\t\t\t\t\t\t\t<\/div>\n\t\t\t\t\t<\/div>\n\t\t<\/div>\n\t\t\t\t<div class=\"elementor-column elementor-col-33 elementor-top-column elementor-element elementor-element-5cd6fa8\" data-id=\"5cd6fa8\" data-element_type=\"column\">\n\t\t\t<div class=\"elementor-widget-wrap elementor-element-populated\">\n\t\t\t\t\t\t<div class=\"elementor-element elementor-element-c704b1d elementor-widget elementor-widget-image\" data-id=\"c704b1d\" data-element_type=\"widget\" data-widget_type=\"image.default\">\n\t\t\t\t\t\t\t\t\t\t\t\t\t\t\t<img loading=\"lazy\" decoding=\"async\" width=\"800\" height=\"533\" src=\"https:\/\/stemcells.suwebcr.com\/wp-content\/uploads\/2019\/04\/egg-freezing-at-san-diego-fertility-lab.png\" class=\"attachment-large size-large wp-image-6964\" alt=\"\" srcset=\"https:\/\/stemcells.suwebcr.com\/wp-content\/uploads\/2019\/04\/egg-freezing-at-san-diego-fertility-lab.png 800w, https:\/\/stemcells.suwebcr.com\/wp-content\/uploads\/2019\/04\/egg-freezing-at-san-diego-fertility-lab-300x200.png 300w, https:\/\/stemcells.suwebcr.com\/wp-content\/uploads\/2019\/04\/egg-freezing-at-san-diego-fertility-lab-768x512.png 768w\" sizes=\"(max-width: 800px) 100vw, 800px\" \/>\t\t\t\t\t\t\t\t\t\t\t\t\t\t\t<\/div>\n\t\t\t\t<div class=\"elementor-element elementor-element-c0f584b elementor-headline--style-highlight elementor-widget elementor-widget-animated-headline\" data-id=\"c0f584b\" data-element_type=\"widget\" data-settings=\"{&quot;marker&quot;:&quot;underline&quot;,&quot;highlighted_text&quot;:&quot;MSC derivadas del cord\\u00f3n umbilical (HUCT-MSC)&quot;,&quot;headline_style&quot;:&quot;highlight&quot;,&quot;loop&quot;:&quot;yes&quot;,&quot;highlight_animation_duration&quot;:1200,&quot;highlight_iteration_delay&quot;:8000}\" data-widget_type=\"animated-headline.default\">\n\t\t\t\t\t\t\t<h3 class=\"elementor-headline\">\n\t\t\t\t<span class=\"elementor-headline-dynamic-wrapper elementor-headline-text-wrapper\">\n\t\t\t\t\t<span class=\"elementor-headline-dynamic-text elementor-headline-text-active\">MSC derivadas del cord\u00f3n umbilical (HUCT-MSC)<\/span>\n\t\t\t\t<\/span>\n\t\t\t\t<\/h3>\n\t\t\t\t\t\t<\/div>\n\t\t\t\t<div class=\"elementor-element elementor-element-86081b0 elementor-widget elementor-widget-text-editor\" data-id=\"86081b0\" data-element_type=\"widget\" data-widget_type=\"text-editor.default\">\n\t\t\t\t\t\t\t\t\t<p>Con base en datos de investigaci\u00f3n cl\u00ednica, utilizamos c\u00e9lulas madre del cord\u00f3n umbilical (UCMSC) para el tratamiento de ciertas enfermedades neurodegenerativas, autoinmunes e inflamatorias.<\/p><p><strong>Ofrecemos dos tipos de tratamiento con c\u00e9lulas madre mesenquimales derivadas del cord\u00f3n umbilical:<\/strong><\/p><p>El tejido del <strong>cord\u00f3n umbilical humano<\/strong> es una rica fuente de c\u00e9lulas madre mesenquimales y cada vial contiene m\u00e1s de 120 millones de c\u00e9lulas madre mesenquimales viables. El proceso de extracci\u00f3n es extenso y requiere que las c\u00e9lulas madre se deriven, cultiven, expandan y prueben durante tres semanas antes de su uso en el Stem Cells Transplant Institute. Estas c\u00e9lulas pueden reparar tejidos, modular el sistema inmunitario y reducir la inflamaci\u00f3n y son muy eficaces para tratar enfermedades neurodegenerativas e inmunomediadas.<\/p><p><strong>Sangre del cord\u00f3n umbilical.<\/strong> Ofrecemos concentrado de c\u00e9lulas madre de grado de prueba cl\u00ednica de la sangre del cord\u00f3n umbilical con 33 millones de c\u00e9lulas madre nucleadas con 1 mill\u00f3n de c\u00e9lulas madre mesenquimales. Estas c\u00e9lulas apoyan la regeneraci\u00f3n y la revascularizaci\u00f3n de los tejidos y son muy eficaces en el tratamiento de enfermedades degenerativas relacionadas con la edad, como la osteoartritis y la disfunci\u00f3n er\u00e9ctil.<\/p><p><em>Una vez que los padres lo aprueben, los UCMSC se pueden recolectar de la donaci\u00f3n del cord\u00f3n umbilical. El procedimiento es seguro e indoloro tanto para el ni\u00f1o como para la madre.<\/em><\/p>\t\t\t\t\t\t\t\t<\/div>\n\t\t\t\t\t<\/div>\n\t\t<\/div>\n\t\t\t\t\t<\/div>\n\t\t<\/section>\n\t\t\t\t<section class=\"elementor-section elementor-top-section elementor-element elementor-element-d9e0988 elementor-section-boxed elementor-section-height-default elementor-section-height-default\" data-id=\"d9e0988\" data-element_type=\"section\" data-settings=\"{&quot;background_background&quot;:&quot;classic&quot;}\">\n\t\t\t\t\t\t\t<div class=\"elementor-background-overlay\"><\/div>\n\t\t\t\t\t\t\t<div class=\"elementor-container elementor-column-gap-default\">\n\t\t\t\t\t<div class=\"elementor-column elementor-col-50 elementor-top-column elementor-element elementor-element-41b0541\" data-id=\"41b0541\" data-element_type=\"column\">\n\t\t\t<div class=\"elementor-widget-wrap elementor-element-populated\">\n\t\t\t\t\t\t<div class=\"elementor-element elementor-element-be5cee4 elementor-widget elementor-widget-text-editor\" data-id=\"be5cee4\" data-element_type=\"widget\" data-widget_type=\"text-editor.default\">\n\t\t\t\t\t\t\t\t\t<h1>\u00bfC\u00f3mo funciona la terapia con c\u00e9lulas madre?<\/h1>\t\t\t\t\t\t\t\t<\/div>\n\t\t\t\t<div class=\"elementor-element elementor-element-6d62d75 elementor-widget elementor-widget-text-editor\" data-id=\"6d62d75\" data-element_type=\"widget\" data-widget_type=\"text-editor.default\">\n\t\t\t\t\t\t\t\t\t<p>Las c\u00e9lulas madre mesenquimales (MSC) reparan naturalmente el tejido lesionado o enfermo. Pero los pacientes que padecen enfermedades cr\u00f3nicas pueden tener cantidades insuficientes de c\u00e9lulas madre o pueden no liberar las c\u00e9lulas madre r\u00e1pidamente para reparar el tejido da\u00f1ado.<\/p><p>Las investigaciones han demostrado que las c\u00e9lulas madre mesenquimales pueden regenerar tejido da\u00f1ado o enfermo, modular el sistema inmunitario, disminuir los mediadores proinflamatorios, liberar factores de crecimiento, citoquinas y quimioquinas que ayudan en la curaci\u00f3n y formaci\u00f3n de nuevos vasos sangu\u00edneos mientras suprimen la inflamaci\u00f3n.<\/p>\t\t\t\t\t\t\t\t<\/div>\n\t\t\t\t\t<\/div>\n\t\t<\/div>\n\t\t\t\t<div class=\"elementor-column elementor-col-50 elementor-top-column elementor-element elementor-element-8923080\" data-id=\"8923080\" data-element_type=\"column\">\n\t\t\t<div class=\"elementor-widget-wrap elementor-element-populated\">\n\t\t\t\t\t\t<div class=\"elementor-element elementor-element-c823a3a elementor-widget elementor-widget-text-editor\" data-id=\"c823a3a\" data-element_type=\"widget\" data-widget_type=\"text-editor.default\">\n\t\t\t\t\t\t\t\t\t<h3><strong>C\u00e9lulas madre mesenquimales:<\/strong><\/h3><ul><li>Promover la autocuraci\u00f3n<\/li><li>Tienen potentes capacidades antiinflamatorias<\/li><li>Modula las respuestas anormales del sistema inmunitario<\/li><li>Evitar da\u00f1o celular y tisular prematuro adicional<\/li><li>Reduce las cicatrices<\/li><li>Estimular el crecimiento de nuevos vasos sangu\u00edneos mejorando el flujo sangu\u00edneo<\/li><\/ul>\t\t\t\t\t\t\t\t<\/div>\n\t\t\t\t\t<\/div>\n\t\t<\/div>\n\t\t\t\t\t<\/div>\n\t\t<\/section>\n\t\t\t\t<\/div>\n\t\t","protected":false},"excerpt":{"rendered":"<p>La terapia con c\u00e9lulas madre mejora la regeneraci\u00f3n celular y ayuda en la curaci\u00f3n y reparaci\u00f3n de tejidos. La terapia con c\u00e9lulas madre, combinada con factores de crecimiento y antioxidantes, tiene un inmenso potencial para el tratamiento de diversas enfermedades en animales y humanos que incluye, entre otras: Diabetes Lesiones ortop\u00e9dicas y condiciones cr\u00f3nicas Heridas [&hellip;]<\/p>\n","protected":false},"author":1,"featured_media":0,"parent":0,"menu_order":0,"comment_status":"closed","ping_status":"closed","template":"","meta":{"footnotes":""},"class_list":["post-1646","page","type-page","status-publish","hentry"],"_links":{"self":[{"href":"https:\/\/stemcells.suwebcr.com\/es\/wp-json\/wp\/v2\/pages\/1646","targetHints":{"allow":["GET"]}}],"collection":[{"href":"https:\/\/stemcells.suwebcr.com\/es\/wp-json\/wp\/v2\/pages"}],"about":[{"href":"https:\/\/stemcells.suwebcr.com\/es\/wp-json\/wp\/v2\/types\/page"}],"author":[{"embeddable":true,"href":"https:\/\/stemcells.suwebcr.com\/es\/wp-json\/wp\/v2\/users\/1"}],"replies":[{"embeddable":true,"href":"https:\/\/stemcells.suwebcr.com\/es\/wp-json\/wp\/v2\/comments?post=1646"}],"version-history":[{"count":0,"href":"https:\/\/stemcells.suwebcr.com\/es\/wp-json\/wp\/v2\/pages\/1646\/revisions"}],"wp:attachment":[{"href":"https:\/\/stemcells.suwebcr.com\/es\/wp-json\/wp\/v2\/media?parent=1646"}],"curies":[{"name":"wp","href":"https:\/\/api.w.org\/{rel}","templated":true}]}}