{"id":15754,"date":"2020-08-08T11:29:16","date_gmt":"2020-08-08T17:29:16","guid":{"rendered":"https:\/\/stemcells.suwebcr.com\/testimonios\/carol-paysinger-riley\/"},"modified":"2020-08-08T11:42:06","modified_gmt":"2020-08-08T17:42:06","slug":"carol-paysinger-riley","status":"publish","type":"page","link":"https:\/\/stemcells.suwebcr.com\/es\/testimonios\/carol-paysinger-riley\/","title":{"rendered":"Carol Paysinger Riley"},"content":{"rendered":"\t\t<div data-elementor-type=\"wp-page\" data-elementor-id=\"15754\" class=\"elementor elementor-15754 elementor-15749\" data-elementor-post-type=\"page\">\n\t\t\t\t\t\t<section class=\"elementor-section elementor-top-section elementor-element elementor-element-6e566292 elementor-section-stretched elementor-section-boxed elementor-section-height-default elementor-section-height-default\" data-id=\"6e566292\" data-element_type=\"section\" data-settings=\"{&quot;stretch_section&quot;:&quot;section-stretched&quot;,&quot;background_background&quot;:&quot;classic&quot;}\">\n\t\t\t\t\t\t\t<div class=\"elementor-background-overlay\"><\/div>\n\t\t\t\t\t\t\t<div class=\"elementor-container elementor-column-gap-default\">\n\t\t\t\t\t<div class=\"elementor-column elementor-col-100 elementor-top-column elementor-element elementor-element-143401fb\" data-id=\"143401fb\" data-element_type=\"column\">\n\t\t\t<div class=\"elementor-widget-wrap elementor-element-populated\">\n\t\t\t\t\t\t<div class=\"elementor-element elementor-element-1d4cce17 elementor-widget elementor-widget-heading\" data-id=\"1d4cce17\" data-element_type=\"widget\" data-widget_type=\"heading.default\">\n\t\t\t\t\t<h1 class=\"elementor-heading-title elementor-size-default\">Testimono<\/h1>\t\t\t\t<\/div>\n\t\t\t\t<div class=\"elementor-element elementor-element-73ec9473 elementor-widget elementor-widget-heading\" data-id=\"73ec9473\" data-element_type=\"widget\" data-widget_type=\"heading.default\">\n\t\t\t\t\t<h2 class=\"elementor-heading-title elementor-size-default\">Carol Paysinger Riley<\/h2>\t\t\t\t<\/div>\n\t\t\t\t<div class=\"elementor-element elementor-element-4049efd9 elementor-widget elementor-widget-heading\" data-id=\"4049efd9\" data-element_type=\"widget\" data-widget_type=\"heading.default\">\n\t\t\t\t\t<h3 class=\"elementor-heading-title elementor-size-default\">Osteomielitis<\/h3>\t\t\t\t<\/div>\n\t\t\t\t<div class=\"elementor-element elementor-element-285f6fa0 elementor-widget elementor-widget-text-editor\" data-id=\"285f6fa0\" data-element_type=\"widget\" data-widget_type=\"text-editor.default\">\n\t\t\t\t\t\t\t\t\t<p>Ago, 2020<\/p>\t\t\t\t\t\t\t\t<\/div>\n\t\t\t\t\t<\/div>\n\t\t<\/div>\n\t\t\t\t\t<\/div>\n\t\t<\/section>\n\t\t\t\t<section class=\"elementor-section elementor-top-section elementor-element elementor-element-5eee9fef elementor-section-boxed elementor-section-height-default elementor-section-height-default\" data-id=\"5eee9fef\" data-element_type=\"section\" data-settings=\"{&quot;background_background&quot;:&quot;classic&quot;}\">\n\t\t\t\t\t\t<div class=\"elementor-container elementor-column-gap-no\">\n\t\t\t\t\t<div class=\"elementor-column elementor-col-100 elementor-top-column elementor-element elementor-element-5bf3a5cb\" data-id=\"5bf3a5cb\" data-element_type=\"column\">\n\t\t\t<div class=\"elementor-widget-wrap elementor-element-populated\">\n\t\t\t\t\t\t<div class=\"elementor-element elementor-element-7a1cdf5a elementor-widget elementor-widget-image\" data-id=\"7a1cdf5a\" data-element_type=\"widget\" data-widget_type=\"image.default\">\n\t\t\t\t\t\t\t\t\t\t\t\t\t\t\t<img decoding=\"async\" width=\"220\" height=\"220\" src=\"https:\/\/stemcells.suwebcr.com\/wp-content\/uploads\/2019\/05\/testimonial.jpg\" class=\"attachment-medium size-medium wp-image-8258\" alt=\"\" srcset=\"https:\/\/stemcells.suwebcr.com\/wp-content\/uploads\/2019\/05\/testimonial.jpg 220w, https:\/\/stemcells.suwebcr.com\/wp-content\/uploads\/2019\/05\/testimonial-150x150.jpg 150w\" sizes=\"(max-width: 220px) 100vw, 220px\" \/>\t\t\t\t\t\t\t\t\t\t\t\t\t\t\t<\/div>\n\t\t\t\t\t<\/div>\n\t\t<\/div>\n\t\t\t\t\t<\/div>\n\t\t<\/section>\n\t\t\t\t<section class=\"elementor-section elementor-top-section elementor-element elementor-element-1dedad2d elementor-section-stretched elementor-section-boxed elementor-section-height-default elementor-section-height-default\" data-id=\"1dedad2d\" data-element_type=\"section\" data-settings=\"{&quot;stretch_section&quot;:&quot;section-stretched&quot;}\">\n\t\t\t\t\t\t<div class=\"elementor-container elementor-column-gap-default\">\n\t\t\t\t\t<div class=\"elementor-column elementor-col-50 elementor-top-column elementor-element elementor-element-679ccd2e\" data-id=\"679ccd2e\" data-element_type=\"column\">\n\t\t\t<div class=\"elementor-widget-wrap elementor-element-populated\">\n\t\t\t\t\t\t<div class=\"elementor-element elementor-element-71ee6698 elementor-widget elementor-widget-text-editor\" data-id=\"71ee6698\" data-element_type=\"widget\" data-widget_type=\"text-editor.default\">\n\t\t\t\t\t\t\t\t\t<p>Estimado Dr. Mesen,<\/p><p>Ha pasado poco m\u00e1s de un a\u00f1o desde mi trasplante de c\u00e9lulas madre y ya un a\u00f1o desde que fui hospitalizado por osteomielitis en mi c\u00fabito derecho. <br \/>Esta foto fue tomada hace tres meses.<br \/>Estoy realmente mejor de la lesi\u00f3n de mi labrum de la cadera. Ya no cojeo y tengo muy poco dolor. Desarroll\u00e9 bursitis bilateral de cadera y tengo rigidez articular generalizada en las caderas y la mano\/mu\u00f1eca derecha que disminuye con el movimiento. Todav\u00eda me faltan unos 30 grados de pronaci\u00f3n del antebrazo, pero sigo mejorando y haciendo parada de manos y yoga todos los d\u00edas.<br \/>Estuve en su hermoso pa\u00eds para codirigir un retiro de mujeres en marzo y reci\u00e9n llegu\u00e9 a casa antes de que llegara la pandemia. \u00a1Casi desear\u00eda haber estado atrapado en Costa Rica!<br \/>Espero que ambos est\u00e9n bien. A la gente le encanta escuchar mis historias sobre los m\u00e9dicos hermosos, compasivos y agradables que me trataron en Costa Rica el verano pasado. Siempre estar\u00e9 agradecida.<\/p><p>Namaste,<\/p><p>Carol Paysinger Riley<\/p>\t\t\t\t\t\t\t\t<\/div>\n\t\t\t\t\t<\/div>\n\t\t<\/div>\n\t\t\t\t<div class=\"elementor-column elementor-col-50 elementor-top-column elementor-element elementor-element-b0a17bc\" data-id=\"b0a17bc\" data-element_type=\"column\">\n\t\t\t<div class=\"elementor-widget-wrap elementor-element-populated\">\n\t\t\t\t\t\t<div class=\"elementor-element elementor-element-82ce470 elementor-widget elementor-widget-image\" data-id=\"82ce470\" data-element_type=\"widget\" data-widget_type=\"image.default\">\n\t\t\t\t\t\t\t\t\t\t\t\t\t\t\t<img fetchpriority=\"high\" decoding=\"async\" width=\"768\" height=\"1024\" src=\"https:\/\/stemcells.suwebcr.com\/wp-content\/uploads\/2020\/08\/Carol-Paysinger-Riley-Testimonial-Stem-Cells-768x1024.jpg\" class=\"attachment-large size-large wp-image-15751\" alt=\"Carol Paysinger Riley Testimonial - Stem Cells\" srcset=\"https:\/\/stemcells.suwebcr.com\/wp-content\/uploads\/2020\/08\/Carol-Paysinger-Riley-Testimonial-Stem-Cells-768x1024.jpg 768w, https:\/\/stemcells.suwebcr.com\/wp-content\/uploads\/2020\/08\/Carol-Paysinger-Riley-Testimonial-Stem-Cells-225x300.jpg 225w, https:\/\/stemcells.suwebcr.com\/wp-content\/uploads\/2020\/08\/Carol-Paysinger-Riley-Testimonial-Stem-Cells.jpg 1000w\" sizes=\"(max-width: 768px) 100vw, 768px\" \/>\t\t\t\t\t\t\t\t\t\t\t\t\t\t\t<\/div>\n\t\t\t\t\t<\/div>\n\t\t<\/div>\n\t\t\t\t\t<\/div>\n\t\t<\/section>\n\t\t\t\t<\/div>\n\t\t","protected":false},"excerpt":{"rendered":"<p>Testimono Carol Paysinger Riley Osteomielitis Ago, 2020 Estimado Dr. Mesen, Ha pasado poco m\u00e1s de un a\u00f1o desde mi trasplante de c\u00e9lulas madre y ya un a\u00f1o desde que fui hospitalizado por osteomielitis en mi c\u00fabito derecho. Esta foto fue tomada hace tres meses. Estoy realmente mejor de la lesi\u00f3n de mi labrum de la [&hellip;]<\/p>\n","protected":false},"author":8,"featured_media":15751,"parent":3759,"menu_order":0,"comment_status":"closed","ping_status":"closed","template":"elementor_header_footer","meta":{"footnotes":""},"class_list":["post-15754","page","type-page","status-publish","has-post-thumbnail","hentry"],"_links":{"self":[{"href":"https:\/\/stemcells.suwebcr.com\/es\/wp-json\/wp\/v2\/pages\/15754","targetHints":{"allow":["GET"]}}],"collection":[{"href":"https:\/\/stemcells.suwebcr.com\/es\/wp-json\/wp\/v2\/pages"}],"about":[{"href":"https:\/\/stemcells.suwebcr.com\/es\/wp-json\/wp\/v2\/types\/page"}],"author":[{"embeddable":true,"href":"https:\/\/stemcells.suwebcr.com\/es\/wp-json\/wp\/v2\/users\/8"}],"replies":[{"embeddable":true,"href":"https:\/\/stemcells.suwebcr.com\/es\/wp-json\/wp\/v2\/comments?post=15754"}],"version-history":[{"count":0,"href":"https:\/\/stemcells.suwebcr.com\/es\/wp-json\/wp\/v2\/pages\/15754\/revisions"}],"up":[{"embeddable":true,"href":"https:\/\/stemcells.suwebcr.com\/es\/wp-json\/wp\/v2\/pages\/3759"}],"wp:featuredmedia":[{"embeddable":true,"href":"https:\/\/stemcells.suwebcr.com\/es\/wp-json\/wp\/v2\/media\/15751"}],"wp:attachment":[{"href":"https:\/\/stemcells.suwebcr.com\/es\/wp-json\/wp\/v2\/media?parent=15754"}],"curies":[{"name":"wp","href":"https:\/\/api.w.org\/{rel}","templated":true}]}}