{"id":11815,"date":"2019-10-24T09:20:20","date_gmt":"2019-10-24T15:20:20","guid":{"rendered":"https:\/\/stemcells.suwebcr.com\/testimonios\/david-alfaro\/"},"modified":"2022-04-11T17:19:09","modified_gmt":"2022-04-11T23:19:09","slug":"david-alfaro","status":"publish","type":"page","link":"https:\/\/stemcells.suwebcr.com\/es\/testimonios\/david-alfaro\/","title":{"rendered":"David Alfaro"},"content":{"rendered":"\t\t<div data-elementor-type=\"wp-page\" data-elementor-id=\"11815\" class=\"elementor elementor-11815 elementor-11765\" data-elementor-post-type=\"page\">\n\t\t\t\t\t\t<section class=\"elementor-section elementor-top-section elementor-element elementor-element-3b08f76d elementor-section-stretched elementor-section-boxed elementor-section-height-default elementor-section-height-default\" data-id=\"3b08f76d\" data-element_type=\"section\" data-settings=\"{&quot;stretch_section&quot;:&quot;section-stretched&quot;,&quot;background_background&quot;:&quot;classic&quot;}\">\n\t\t\t\t\t\t\t<div class=\"elementor-background-overlay\"><\/div>\n\t\t\t\t\t\t\t<div class=\"elementor-container elementor-column-gap-default\">\n\t\t\t\t\t<div class=\"elementor-column elementor-col-100 elementor-top-column elementor-element elementor-element-45fd4ed4\" data-id=\"45fd4ed4\" data-element_type=\"column\">\n\t\t\t<div class=\"elementor-widget-wrap elementor-element-populated\">\n\t\t\t\t\t\t<div class=\"elementor-element elementor-element-46b5f636 elementor-widget elementor-widget-heading\" data-id=\"46b5f636\" data-element_type=\"widget\" data-widget_type=\"heading.default\">\n\t\t\t\t\t<h1 class=\"elementor-heading-title elementor-size-default\">Testimonio<\/h1>\t\t\t\t<\/div>\n\t\t\t\t<div class=\"elementor-element elementor-element-46de505 elementor-widget elementor-widget-heading\" data-id=\"46de505\" data-element_type=\"widget\" data-widget_type=\"heading.default\">\n\t\t\t\t\t<h2 class=\"elementor-heading-title elementor-size-default\">David Alfaro<\/h2>\t\t\t\t<\/div>\n\t\t\t\t<div class=\"elementor-element elementor-element-1878cf39 elementor-widget elementor-widget-heading\" data-id=\"1878cf39\" data-element_type=\"widget\" data-widget_type=\"heading.default\">\n\t\t\t\t\t<h3 class=\"elementor-heading-title elementor-size-default\">Condici\u00f3n degenerativa del h\u00edgado<\/h3>\t\t\t\t<\/div>\n\t\t\t\t<div class=\"elementor-element elementor-element-7819fdd1 elementor-widget elementor-widget-text-editor\" data-id=\"7819fdd1\" data-element_type=\"widget\" data-widget_type=\"text-editor.default\">\n\t\t\t\t\t\t\t\t\t<p>Diciembre, 2017<\/p>\t\t\t\t\t\t\t\t<\/div>\n\t\t\t\t\t<\/div>\n\t\t<\/div>\n\t\t\t\t\t<\/div>\n\t\t<\/section>\n\t\t\t\t<section class=\"elementor-section elementor-top-section elementor-element elementor-element-28be4fee elementor-section-boxed elementor-section-height-default elementor-section-height-default\" data-id=\"28be4fee\" data-element_type=\"section\" data-settings=\"{&quot;background_background&quot;:&quot;classic&quot;}\">\n\t\t\t\t\t\t<div class=\"elementor-container elementor-column-gap-no\">\n\t\t\t\t\t<div class=\"elementor-column elementor-col-100 elementor-top-column elementor-element elementor-element-686ed886\" data-id=\"686ed886\" data-element_type=\"column\">\n\t\t\t<div class=\"elementor-widget-wrap elementor-element-populated\">\n\t\t\t\t\t\t<div class=\"elementor-element elementor-element-4b35524f elementor-widget elementor-widget-image\" data-id=\"4b35524f\" data-element_type=\"widget\" data-widget_type=\"image.default\">\n\t\t\t\t\t\t\t\t\t\t\t\t\t\t\t<img fetchpriority=\"high\" decoding=\"async\" width=\"300\" height=\"274\" src=\"https:\/\/stemcells.suwebcr.com\/wp-content\/uploads\/2017\/12\/david-alfaro-300x274.jpg\" class=\"attachment-medium size-medium wp-image-9615\" alt=\"\" srcset=\"https:\/\/stemcells.suwebcr.com\/wp-content\/uploads\/2017\/12\/david-alfaro-300x274.jpg 300w, https:\/\/stemcells.suwebcr.com\/wp-content\/uploads\/2017\/12\/david-alfaro.jpg 328w\" sizes=\"(max-width: 300px) 100vw, 300px\" \/>\t\t\t\t\t\t\t\t\t\t\t\t\t\t\t<\/div>\n\t\t\t\t\t<\/div>\n\t\t<\/div>\n\t\t\t\t\t<\/div>\n\t\t<\/section>\n\t\t\t\t<section class=\"elementor-section elementor-top-section elementor-element elementor-element-2d5f0fc1 elementor-section-stretched elementor-section-boxed elementor-section-height-default elementor-section-height-default\" data-id=\"2d5f0fc1\" data-element_type=\"section\" data-settings=\"{&quot;stretch_section&quot;:&quot;section-stretched&quot;}\">\n\t\t\t\t\t\t<div class=\"elementor-container elementor-column-gap-default\">\n\t\t\t\t\t<div class=\"elementor-column elementor-col-100 elementor-top-column elementor-element elementor-element-453b3c0b\" data-id=\"453b3c0b\" data-element_type=\"column\">\n\t\t\t<div class=\"elementor-widget-wrap elementor-element-populated\">\n\t\t\t\t\t\t<div class=\"elementor-element elementor-element-10eae590 elementor-widget elementor-widget-text-editor\" data-id=\"10eae590\" data-element_type=\"widget\" data-widget_type=\"text-editor.default\">\n\t\t\t\t\t\t\t\t\t<p>He estado pensando en la mejor manera de transmitirles mi mensaje sobre mi viaje. La forma m\u00e1s sencilla es proporcionarle n\u00fameros concretos: Hace alg\u00fan tiempo, me diagnosticaron una afecci\u00f3n degenerativa del h\u00edgado llamada colangitis estenosante primaria (PSC, por sus siglas en ingl\u00e9s). Si lo buscas en Google, encontrar\u00e1s que es algo desagradable. Los m\u00e9dicos me dijeron que a mi h\u00edgado no le quedaba mucho tiempo. Incluso pas\u00e9 dos semanas en el hospital luchando por mi vida debido a complicaciones hep\u00e1ticas. Los resultados iniciales de las pruebas de laboratorio dijeron que<\/p><table class=\"wp-block-table\"><tbody><tr><td>Bilirrubina Total<\/td><td>7,3 mg\/dl<\/td><\/tr><tr><td>Bilirrubina indirecta<\/td><td>4,0 mg\/dL<\/td><\/tr><tr><td>bilirrubina directa<\/td><td>3,3 mg\/dl<\/td><\/tr><tr><td>Alanina Aminotransferasa<\/td><td>566 UI\/L<\/td><\/tr><tr><td>Aspartato Aminotransferasa<\/td><td>317 UIL<\/td><\/tr><tr><td>Fosfatasa Alcalina<\/td><td>223 U\/L<\/td><\/tr><\/tbody><\/table><p>Estos no son n\u00fameros bonitos: mi h\u00edgado estaba tostado y el reloj corr\u00eda m\u00e1s r\u00e1pido que nunca. Despu\u00e9s de mi primer tratamiento con c\u00e9lulas madre con el Dr. Mesen, los siguientes tres n\u00fameros bajaron a niveles ideales:<\/p><table class=\"wp-block-table\"><tbody><tr><td>Alanina Aminotransferasa<\/td><td>31 UI\/L<\/td><\/tr><tr><td>Aspartato Aminotransferasa<\/td><td>30 UI\/L<\/td><\/tr><tr><td>Fosfatasa Alcalina<\/td><td>35 U\/L<\/td><\/tr><\/tbody><\/table><p>Despu\u00e9s de mi segundo tratamiento con c\u00e9lulas madre, el resto hizo lo mismo:<\/p><table class=\"wp-block-table\"><tbody><tr><td>Bilirrubina Total<\/td><td>1,41 mg\/dl<\/td><\/tr><tr><td>Bilirrubina indirecta<\/td><td>1,21 mg\/dl<\/td><\/tr><tr><td>bilirrubina directa<\/td><td>0,2 mg\/dl<\/td><\/tr><\/tbody><\/table><p>Estos resultados mejorados hicieron que mi gastroenter\u00f3logo me declarara asintom\u00e1tico y me dijera literalmente que no volviera para verificar ning\u00fan progreso de la condici\u00f3n de PSC. Para mi mayor sorpresa, despu\u00e9s del segundo tratamiento con c\u00e9lulas madre, mi colesterol LDL finalmente baj\u00f3 a niveles saludables, despu\u00e9s de muchos a\u00f1os de intentar bajarlo sin \u00e9xito. Mira, no te conozco, as\u00ed que me siento raro dici\u00e9ndote qu\u00e9 hacer o incluso recomend\u00e1ndote algo. Pero d\u00e9jame decirte esto: si fueras mi hermano, te arrastrar\u00eda a la cl\u00ednica del Dr. Mesen y pagar\u00eda de mi bolsillo el tratamiento por ti. No puedo negar la fuerte causalidad que puedo ver entre los tratamientos del Dr. Mesen y mi mejor salud y calidad de vida. Espero que esto le ayude a tomar la decisi\u00f3n correcta para su salud. No dudes en llamarme si quieres saber m\u00e1s sobre mi experiencia y conclusiones.\u00a0<\/p><p>Saludos cordiales<\/p>\t\t\t\t\t\t\t\t<\/div>\n\t\t\t\t\t<\/div>\n\t\t<\/div>\n\t\t\t\t\t<\/div>\n\t\t<\/section>\n\t\t\t\t<\/div>\n\t\t","protected":false},"excerpt":{"rendered":"<p>Testimonio David Alfaro Condici\u00f3n degenerativa del h\u00edgado Diciembre, 2017 He estado pensando en la mejor manera de transmitirles mi mensaje sobre mi viaje. La forma m\u00e1s sencilla es proporcionarle n\u00fameros concretos: Hace alg\u00fan tiempo, me diagnosticaron una afecci\u00f3n degenerativa del h\u00edgado llamada colangitis estenosante primaria (PSC, por sus siglas en ingl\u00e9s). Si lo buscas en [&hellip;]<\/p>\n","protected":false},"author":8,"featured_media":9615,"parent":3759,"menu_order":0,"comment_status":"closed","ping_status":"closed","template":"elementor_header_footer","meta":{"footnotes":""},"class_list":["post-11815","page","type-page","status-publish","has-post-thumbnail","hentry"],"_links":{"self":[{"href":"https:\/\/stemcells.suwebcr.com\/es\/wp-json\/wp\/v2\/pages\/11815","targetHints":{"allow":["GET"]}}],"collection":[{"href":"https:\/\/stemcells.suwebcr.com\/es\/wp-json\/wp\/v2\/pages"}],"about":[{"href":"https:\/\/stemcells.suwebcr.com\/es\/wp-json\/wp\/v2\/types\/page"}],"author":[{"embeddable":true,"href":"https:\/\/stemcells.suwebcr.com\/es\/wp-json\/wp\/v2\/users\/8"}],"replies":[{"embeddable":true,"href":"https:\/\/stemcells.suwebcr.com\/es\/wp-json\/wp\/v2\/comments?post=11815"}],"version-history":[{"count":0,"href":"https:\/\/stemcells.suwebcr.com\/es\/wp-json\/wp\/v2\/pages\/11815\/revisions"}],"up":[{"embeddable":true,"href":"https:\/\/stemcells.suwebcr.com\/es\/wp-json\/wp\/v2\/pages\/3759"}],"wp:featuredmedia":[{"embeddable":true,"href":"https:\/\/stemcells.suwebcr.com\/es\/wp-json\/wp\/v2\/media\/9615"}],"wp:attachment":[{"href":"https:\/\/stemcells.suwebcr.com\/es\/wp-json\/wp\/v2\/media?parent=11815"}],"curies":[{"name":"wp","href":"https:\/\/api.w.org\/{rel}","templated":true}]}}